{"id":3848,"date":"2024-11-21T13:10:15","date_gmt":"2024-11-21T13:10:15","guid":{"rendered":"https:\/\/retrohifi.pl\/my-account\/"},"modified":"2025-03-06T10:35:26","modified_gmt":"2025-03-06T10:35:26","slug":"moje-konto","status":"publish","type":"page","link":"https:\/\/retrohifi.pl\/en\/moje-konto\/","title":{"rendered":"Moje Konto"},"content":{"rendered":"<div class=\"woocommerce\"><\/div>\n","protected":false},"excerpt":{"rendered":"","protected":false},"author":1,"featured_media":0,"parent":0,"menu_order":0,"comment_status":"closed","ping_status":"closed","template":"","meta":{"site-sidebar-layout":"default","site-content-layout":"","ast-site-content-layout":"default","site-content-style":"default","site-sidebar-style":"default","ast-global-header-display":"","ast-banner-title-visibility":"","ast-main-header-display":"","ast-hfb-above-header-display":"","ast-hfb-below-header-display":"","ast-hfb-mobile-header-display":"","site-post-title":"","ast-breadcrumbs-content":"","ast-featured-img":"","footer-sml-layout":"","ast-disable-related-posts":"","theme-transparent-header-meta":"","adv-header-id-meta":"","stick-header-meta":"","header-above-stick-meta":"","header-main-stick-meta":"","header-below-stick-meta":"","astra-migrate-meta-layouts":"default","ast-page-background-enabled":"default","ast-page-background-meta":{"desktop":{"background-color":"","background-image":"","background-repeat":"repeat","background-position":"center center","background-size":"auto","background-attachment":"scroll","background-type":"","background-media":"","overlay-type":"","overlay-color":"","overlay-opacity":"","overlay-gradient":""},"tablet":{"background-color":"","background-image":"","background-repeat":"repeat","background-position":"center center","background-size":"auto","background-attachment":"scroll","background-type":"","background-media":"","overlay-type":"","overlay-color":"","overlay-opacity":"","overlay-gradient":""},"mobile":{"background-color":"","background-image":"","background-repeat":"repeat","background-position":"center center","background-size":"auto","background-attachment":"scroll","background-type":"","background-media":"","overlay-type":"","overlay-color":"","overlay-opacity":"","overlay-gradient":""}},"ast-content-background-meta":{"desktop":{"background-color":"var(--ast-global-color-5)","background-image":"","background-repeat":"repeat","background-position":"center center","background-size":"auto","background-attachment":"scroll","background-type":"","background-media":"","overlay-type":"","overlay-color":"","overlay-opacity":"","overlay-gradient":""},"tablet":{"background-color":"var(--ast-global-color-5)","background-image":"","background-repeat":"repeat","background-position":"center center","background-size":"auto","background-attachment":"scroll","background-type":"","background-media":"","overlay-type":"","overlay-color":"","overlay-opacity":"","overlay-gradient":""},"mobile":{"background-color":"var(--ast-global-color-5)","background-image":"","background-repeat":"repeat","background-position":"center center","background-size":"auto","background-attachment":"scroll","background-type":"","background-media":"","overlay-type":"","overlay-color":"","overlay-opacity":"","overlay-gradient":""}},"footnotes":""},"class_list":["post-3848","page","type-page","status-publish","hentry"],"yoast_head":"<!-- This site is optimized with the Yoast SEO Premium plugin v24.6 (Yoast SEO v24.7) - https:\/\/yoast.com\/wordpress\/plugins\/seo\/ -->\n<title>Moje Konto - RetroHiFi - Vintage Audio, Serwis Amplituner\u00f3w<\/title>\n<meta name=\"description\" content=\"Serwis sprz\u0119tu audio vintage: konserwacja, gramofony, wzmacniacze, kolumny. Odrestaurowane urz\u0105dzenia hi-fi, oryginalne cz\u0119\u015bci.\" \/>\n<meta name=\"robots\" content=\"index, follow, max-snippet:-1, max-image-preview:large, max-video-preview:-1\" \/>\n<link rel=\"canonical\" href=\"https:\/\/retrohifi.pl\/en\/moje-konto\/\" \/>\n<meta property=\"og:locale\" content=\"en_US\" \/>\n<meta property=\"og:type\" content=\"article\" \/>\n<meta property=\"og:title\" content=\"Moje Konto\" \/>\n<meta property=\"og:description\" content=\"RetroHiFi - Vintage Audio, Serwis Amplituner\u00f3w Serwis sprz\u0119tu audio vintage: konserwacja, gramofony, wzmacniacze, kolumny. Odrestaurowane urz\u0105dzenia hi-fi, oryginalne cz\u0119\u015bci.\" \/>\n<meta property=\"og:url\" content=\"https:\/\/retrohifi.pl\/en\/moje-konto\/\" \/>\n<meta property=\"og:site_name\" content=\"RetroHiFi - Vintage Audio, Serwis Amplituner\u00f3w\" \/>\n<meta property=\"article:modified_time\" content=\"2025-03-06T10:35:26+00:00\" \/>\n<meta property=\"og:image\" content=\"https:\/\/retrohifi.pl\/wp-content\/uploads\/2024\/12\/logo2male.png\" \/>\n\t<meta property=\"og:image:width\" content=\"1000\" \/>\n\t<meta property=\"og:image:height\" content=\"304\" \/>\n\t<meta property=\"og:image:type\" content=\"image\/png\" \/>\n<meta name=\"twitter:card\" content=\"summary_large_image\" \/>\n<script type=\"application\/ld+json\" class=\"yoast-schema-graph\">{\"@context\":\"https:\/\/schema.org\",\"@graph\":[{\"@type\":\"WebPage\",\"@id\":\"https:\/\/retrohifi.pl\/en\/moje-konto\/\",\"url\":\"https:\/\/retrohifi.pl\/en\/moje-konto\/\",\"name\":\"Moje Konto - RetroHiFi - Vintage Audio, Serwis Amplituner\u00f3w\",\"isPartOf\":{\"@id\":\"https:\/\/retrohifi.pl\/#website\"},\"datePublished\":\"2024-11-21T13:10:15+00:00\",\"dateModified\":\"2025-03-06T10:35:26+00:00\",\"description\":\"Serwis sprz\u0119tu audio vintage: konserwacja, gramofony, wzmacniacze, kolumny. Odrestaurowane urz\u0105dzenia hi-fi, oryginalne cz\u0119\u015bci.\",\"breadcrumb\":{\"@id\":\"https:\/\/retrohifi.pl\/en\/moje-konto\/#breadcrumb\"},\"inLanguage\":\"en-US\",\"potentialAction\":[{\"@type\":\"ReadAction\",\"target\":[\"https:\/\/retrohifi.pl\/en\/moje-konto\/\"]}]},{\"@type\":\"BreadcrumbList\",\"@id\":\"https:\/\/retrohifi.pl\/en\/moje-konto\/#breadcrumb\",\"itemListElement\":[{\"@type\":\"ListItem\",\"position\":1,\"name\":\"Strona g\u0142\u00f3wna\",\"item\":\"https:\/\/retrohifi.pl\/en\/3875-2\/\"},{\"@type\":\"ListItem\",\"position\":2,\"name\":\"Moje Konto\"}]},{\"@type\":\"WebSite\",\"@id\":\"https:\/\/retrohifi.pl\/#website\",\"url\":\"https:\/\/retrohifi.pl\/\",\"name\":\"RetroHiFi - Vintage Audio, Serwis Amplituner\u00f3w\",\"description\":\"Vintage Audio - Pioneer, Sansui, Technics, Rotel, Luxman, Dual, Kenwood, Infinity, Marantz, Onkyo, Sony, Yamaha, Accuphase.\",\"publisher\":{\"@id\":\"https:\/\/retrohifi.pl\/#organization\"},\"potentialAction\":[{\"@type\":\"SearchAction\",\"target\":{\"@type\":\"EntryPoint\",\"urlTemplate\":\"https:\/\/retrohifi.pl\/?s={search_term_string}\"},\"query-input\":{\"@type\":\"PropertyValueSpecification\",\"valueRequired\":true,\"valueName\":\"search_term_string\"}}],\"inLanguage\":\"en-US\"},{\"@type\":\"Organization\",\"@id\":\"https:\/\/retrohifi.pl\/#organization\",\"name\":\"RetroHiFi - Vintage Audio, Serwis Amplituner\u00f3w\",\"alternateName\":\"RetroHiFi - Vintage Audio, Serwis Amplituner\u00f3w\",\"url\":\"https:\/\/retrohifi.pl\/\",\"logo\":{\"@type\":\"ImageObject\",\"inLanguage\":\"en-US\",\"@id\":\"https:\/\/retrohifi.pl\/#\/schema\/logo\/image\/\",\"url\":\"https:\/\/retrohifi.pl\/wp-content\/uploads\/2024\/11\/cropped-logo2male-2.png\",\"contentUrl\":\"https:\/\/retrohifi.pl\/wp-content\/uploads\/2024\/11\/cropped-logo2male-2.png\",\"width\":1000,\"height\":304,\"caption\":\"RetroHiFi - Vintage Audio, Serwis Amplituner\u00f3w\"},\"image\":{\"@id\":\"https:\/\/retrohifi.pl\/#\/schema\/logo\/image\/\"},\"sameAs\":[\"https:\/\/www.instagram.com\/retrohifi_pl\/\"],\"publishingPrinciples\":\"https:\/\/retrohifi.pl\/o-nas\/\",\"ownershipFundingInfo\":\"https:\/\/retrohifi.pl\/polityka-prywatnosci\/\",\"actionableFeedbackPolicy\":\"https:\/\/retrohifi.pl\/polityka-prywatnosci\/\"}]}<\/script>\n<!-- \/ Yoast SEO Premium plugin. -->","yoast_head_json":{"title":"Moje Konto - RetroHiFi - Vintage Audio, Serwis Amplituner\u00f3w","description":"Serwis sprz\u0119tu audio vintage: konserwacja, gramofony, wzmacniacze, kolumny. Odrestaurowane urz\u0105dzenia hi-fi, oryginalne cz\u0119\u015bci.","robots":{"index":"index","follow":"follow","max-snippet":"max-snippet:-1","max-image-preview":"max-image-preview:large","max-video-preview":"max-video-preview:-1"},"canonical":"https:\/\/retrohifi.pl\/en\/moje-konto\/","og_locale":"en_US","og_type":"article","og_title":"Moje Konto","og_description":"RetroHiFi - Vintage Audio, Serwis Amplituner\u00f3w Serwis sprz\u0119tu audio vintage: konserwacja, gramofony, wzmacniacze, kolumny. Odrestaurowane urz\u0105dzenia hi-fi, oryginalne cz\u0119\u015bci.","og_url":"https:\/\/retrohifi.pl\/en\/moje-konto\/","og_site_name":"RetroHiFi - Vintage Audio, Serwis Amplituner\u00f3w","article_modified_time":"2025-03-06T10:35:26+00:00","og_image":[{"width":1000,"height":304,"url":"https:\/\/retrohifi.pl\/wp-content\/uploads\/2024\/12\/logo2male.png","type":"image\/png"}],"twitter_card":"summary_large_image","schema":{"@context":"https:\/\/schema.org","@graph":[{"@type":"WebPage","@id":"https:\/\/retrohifi.pl\/en\/moje-konto\/","url":"https:\/\/retrohifi.pl\/en\/moje-konto\/","name":"Moje Konto - RetroHiFi - Vintage Audio, Serwis Amplituner\u00f3w","isPartOf":{"@id":"https:\/\/retrohifi.pl\/#website"},"datePublished":"2024-11-21T13:10:15+00:00","dateModified":"2025-03-06T10:35:26+00:00","description":"Serwis sprz\u0119tu audio vintage: konserwacja, gramofony, wzmacniacze, kolumny. Odrestaurowane urz\u0105dzenia hi-fi, oryginalne cz\u0119\u015bci.","breadcrumb":{"@id":"https:\/\/retrohifi.pl\/en\/moje-konto\/#breadcrumb"},"inLanguage":"en-US","potentialAction":[{"@type":"ReadAction","target":["https:\/\/retrohifi.pl\/en\/moje-konto\/"]}]},{"@type":"BreadcrumbList","@id":"https:\/\/retrohifi.pl\/en\/moje-konto\/#breadcrumb","itemListElement":[{"@type":"ListItem","position":1,"name":"Strona g\u0142\u00f3wna","item":"https:\/\/retrohifi.pl\/en\/3875-2\/"},{"@type":"ListItem","position":2,"name":"Moje Konto"}]},{"@type":"WebSite","@id":"https:\/\/retrohifi.pl\/#website","url":"https:\/\/retrohifi.pl\/","name":"RetroHiFi - Vintage Audio, Serwis Amplituner\u00f3w","description":"Vintage Audio - Pioneer, Sansui, Technics, Rotel, Luxman, Dual, Kenwood, Infinity, Marantz, Onkyo, Sony, Yamaha, Accuphase.","publisher":{"@id":"https:\/\/retrohifi.pl\/#organization"},"potentialAction":[{"@type":"SearchAction","target":{"@type":"EntryPoint","urlTemplate":"https:\/\/retrohifi.pl\/?s={search_term_string}"},"query-input":{"@type":"PropertyValueSpecification","valueRequired":true,"valueName":"search_term_string"}}],"inLanguage":"en-US"},{"@type":"Organization","@id":"https:\/\/retrohifi.pl\/#organization","name":"RetroHiFi - Vintage Audio, Serwis Amplituner\u00f3w","alternateName":"RetroHiFi - Vintage Audio, Serwis Amplituner\u00f3w","url":"https:\/\/retrohifi.pl\/","logo":{"@type":"ImageObject","inLanguage":"en-US","@id":"https:\/\/retrohifi.pl\/#\/schema\/logo\/image\/","url":"https:\/\/retrohifi.pl\/wp-content\/uploads\/2024\/11\/cropped-logo2male-2.png","contentUrl":"https:\/\/retrohifi.pl\/wp-content\/uploads\/2024\/11\/cropped-logo2male-2.png","width":1000,"height":304,"caption":"RetroHiFi - Vintage Audio, Serwis Amplituner\u00f3w"},"image":{"@id":"https:\/\/retrohifi.pl\/#\/schema\/logo\/image\/"},"sameAs":["https:\/\/www.instagram.com\/retrohifi_pl\/"],"publishingPrinciples":"https:\/\/retrohifi.pl\/o-nas\/","ownershipFundingInfo":"https:\/\/retrohifi.pl\/polityka-prywatnosci\/","actionableFeedbackPolicy":"https:\/\/retrohifi.pl\/polityka-prywatnosci\/"}]}},"jetpack_sharing_enabled":true,"_links":{"self":[{"href":"https:\/\/retrohifi.pl\/en\/wp-json\/wp\/v2\/pages\/3848","targetHints":{"allow":["GET"]}}],"collection":[{"href":"https:\/\/retrohifi.pl\/en\/wp-json\/wp\/v2\/pages"}],"about":[{"href":"https:\/\/retrohifi.pl\/en\/wp-json\/wp\/v2\/types\/page"}],"author":[{"embeddable":true,"href":"https:\/\/retrohifi.pl\/en\/wp-json\/wp\/v2\/users\/1"}],"replies":[{"embeddable":true,"href":"https:\/\/retrohifi.pl\/en\/wp-json\/wp\/v2\/comments?post=3848"}],"version-history":[{"count":1,"href":"https:\/\/retrohifi.pl\/en\/wp-json\/wp\/v2\/pages\/3848\/revisions"}],"predecessor-version":[{"id":3905,"href":"https:\/\/retrohifi.pl\/en\/wp-json\/wp\/v2\/pages\/3848\/revisions\/3905"}],"wp:attachment":[{"href":"https:\/\/retrohifi.pl\/en\/wp-json\/wp\/v2\/media?parent=3848"}],"curies":[{"name":"wp","href":"https:\/\/api.w.org\/{rel}","templated":true}]}}