{"id":2543,"date":"2024-12-04T13:53:29","date_gmt":"2024-12-04T13:53:29","guid":{"rendered":"http:\/\/fnpttuu.cluster027.hosting.ovh.net\/Retro\/?post_type=product&#038;p=2543"},"modified":"2025-02-06T10:27:11","modified_gmt":"2025-02-06T10:27:11","slug":"plytka-sterujaca-dzwiekiem-i-przelaczniki-pioneer-sx-950-sx-850-awg-039_0","status":"publish","type":"product","link":"https:\/\/retrohifi.pl\/en\/product\/used-parts-audio-vintage\/plytka-sterujaca-dzwiekiem-i-przelaczniki-pioneer-sx-950-sx-850-awg-039_0\/","title":{"rendered":"P\u0142ytka steruj\u0105ca d\u017awi\u0119kiem i prze\u0142\u0105czniki Pioneer SX-950 SX-850 AWG-039_0"},"content":{"rendered":"<p>P\u0142ytka steruj\u0105ca d\u017awi\u0119kiem i prze\u0142\u0105czniki Pioneer SX-950 SX-850 AWG-039_0<\/p>\n","protected":false},"excerpt":{"rendered":"<p>P\u0142ytka steruj\u0105ca d\u017awi\u0119kiem i prze\u0142\u0105czniki Pioneer SX-950 SX-850 AWG-039_0<\/p>\n","protected":false},"featured_media":2605,"comment_status":"open","ping_status":"closed","template":"","meta":{"site-sidebar-layout":"default","site-content-layout":"default","ast-site-content-layout":"default","site-content-style":"default","site-sidebar-style":"default","ast-global-header-display":"","ast-banner-title-visibility":"","ast-main-header-display":"","ast-hfb-above-header-display":"","ast-hfb-below-header-display":"","ast-hfb-mobile-header-display":"","site-post-title":"","ast-breadcrumbs-content":"","ast-featured-img":"","footer-sml-layout":"","ast-disable-related-posts":"","theme-transparent-header-meta":"default","adv-header-id-meta":"","stick-header-meta":"","header-above-stick-meta":"","header-main-stick-meta":"","header-below-stick-meta":"","astra-migrate-meta-layouts":"set","ast-page-background-enabled":"default","ast-page-background-meta":{"desktop":{"background-color":"","background-image":"","background-repeat":"repeat","background-position":"center center","background-size":"auto","background-attachment":"scroll","background-type":"","background-media":"","overlay-type":"","overlay-color":"","overlay-opacity":"","overlay-gradient":""},"tablet":{"background-color":"","background-image":"","background-repeat":"repeat","background-position":"center center","background-size":"auto","background-attachment":"scroll","background-type":"","background-media":"","overlay-type":"","overlay-color":"","overlay-opacity":"","overlay-gradient":""},"mobile":{"background-color":"","background-image":"","background-repeat":"repeat","background-position":"center center","background-size":"auto","background-attachment":"scroll","background-type":"","background-media":"","overlay-type":"","overlay-color":"","overlay-opacity":"","overlay-gradient":""}},"ast-content-background-meta":{"desktop":{"background-color":"var(--ast-global-color-5)","background-image":"","background-repeat":"repeat","background-position":"center center","background-size":"auto","background-attachment":"scroll","background-type":"","background-media":"","overlay-type":"","overlay-color":"","overlay-opacity":"","overlay-gradient":""},"tablet":{"background-color":"var(--ast-global-color-5)","background-image":"","background-repeat":"repeat","background-position":"center center","background-size":"auto","background-attachment":"scroll","background-type":"","background-media":"","overlay-type":"","overlay-color":"","overlay-opacity":"","overlay-gradient":""},"mobile":{"background-color":"var(--ast-global-color-5)","background-image":"","background-repeat":"repeat","background-position":"center center","background-size":"auto","background-attachment":"scroll","background-type":"","background-media":"","overlay-type":"","overlay-color":"","overlay-opacity":"","overlay-gradient":""}}},"product_brand":[461],"product_cat":[451,463],"product_tag":[490,160,161,103,486,162,483,485,484,175],"class_list":{"0":"post-2543","1":"product","2":"type-product","3":"status-publish","4":"has-post-thumbnail","6":"product_brand-pioneer-en","7":"product_cat-used-parts-audio-vintage","8":"product_cat-audio-vintage-service","9":"product_tag-vintage-audio-parts-en","10":"product_tag-drewniane-boczki","11":"product_tag-obudowa-pioneer","12":"product_tag-pioneer-sx-950","13":"product_tag-vintage-audio-service-en","14":"product_tag-serwis-obudowy-vintage","15":"product_tag-audio-equipment-after-renovation-en","16":"product_tag-vintage-audio-equipment-after-renovation-en","17":"product_tag-vintage-music-equipment-en","18":"product_tag-sx-950","19":"desktop-align-left","20":"tablet-align-left","21":"mobile-align-left","22":"ast-product-gallery-layout-horizontal-slider","23":"ast-product-tabs-layout-horizontal","25":"first","26":"instock","27":"sold-individually","28":"shipping-taxable","29":"purchasable","30":"product-type-simple"},"yoast_head":"<!-- This site is optimized with the Yoast SEO Premium plugin v24.6 (Yoast SEO v24.7) - https:\/\/yoast.com\/wordpress\/plugins\/seo\/ -->\n<title>P\u0142ytka steruj\u0105ca d\u017awi\u0119kiem i prze\u0142\u0105czniki Pioneer SX-950 SX-850 AWG-039_0 - RetroHiFi - Vintage Audio, Serwis Amplituner\u00f3w<\/title>\n<meta name=\"description\" content=\"Serwis sprz\u0119tu audio vintage: konserwacja, gramofony, wzmacniacze, kolumny. Odrestaurowane urz\u0105dzenia hi-fi, oryginalne cz\u0119\u015bci.\" \/>\n<meta name=\"robots\" content=\"index, follow, max-snippet:-1, max-image-preview:large, max-video-preview:-1\" \/>\n<link rel=\"canonical\" href=\"https:\/\/retrohifi.pl\/produkt\/serwis-audio-vintage\/plytka-sterujaca-dzwiekiem-i-przelaczniki-pioneer-sx-950-sx-850-awg-039_0\/\" \/>\n<meta property=\"og:locale\" content=\"en_US\" \/>\n<meta property=\"og:type\" content=\"article\" \/>\n<meta property=\"og:title\" content=\"P\u0142ytka steruj\u0105ca d\u017awi\u0119kiem i prze\u0142\u0105czniki Pioneer SX-950 SX-850 AWG-039_0\" \/>\n<meta property=\"og:description\" content=\"Serwis sprz\u0119tu audio vintage: konserwacja, gramofony, wzmacniacze, kolumny. Odrestaurowane urz\u0105dzenia hi-fi, oryginalne cz\u0119\u015bci.\" \/>\n<meta property=\"og:url\" content=\"https:\/\/retrohifi.pl\/produkt\/serwis-audio-vintage\/plytka-sterujaca-dzwiekiem-i-przelaczniki-pioneer-sx-950-sx-850-awg-039_0\/\" \/>\n<meta property=\"og:site_name\" content=\"RetroHiFi - Vintage Audio, Serwis Amplituner\u00f3w\" \/>\n<meta property=\"article:modified_time\" content=\"2025-02-06T10:27:11+00:00\" \/>\n<meta property=\"og:image\" content=\"https:\/\/retrohifi.pl\/wp-content\/uploads\/2024\/12\/plytka-sterujaca-dzwiekiem-i-przelaczniki-pioneer-sx-950-sx-850-awg-039c.jpg\" \/>\n\t<meta property=\"og:image:width\" content=\"1000\" \/>\n\t<meta property=\"og:image:height\" content=\"1300\" \/>\n\t<meta property=\"og:image:type\" content=\"image\/jpeg\" \/>\n<meta name=\"twitter:card\" content=\"summary_large_image\" \/>\n<meta name=\"twitter:label1\" content=\"Price\" \/>\n\t<meta name=\"twitter:data1\" content=\"60.00&euro;\" \/>\n\t<meta name=\"twitter:label2\" content=\"Availability\" \/>\n\t<meta name=\"twitter:data2\" content=\"In stock\" \/>\n<script type=\"application\/ld+json\" class=\"yoast-schema-graph\">{\"@context\":\"https:\/\/schema.org\",\"@graph\":[{\"@type\":\"WebPage\",\"@id\":\"https:\/\/retrohifi.pl\/produkt\/serwis-audio-vintage\/plytka-sterujaca-dzwiekiem-i-przelaczniki-pioneer-sx-950-sx-850-awg-039_0\/\",\"url\":\"https:\/\/retrohifi.pl\/produkt\/serwis-audio-vintage\/plytka-sterujaca-dzwiekiem-i-przelaczniki-pioneer-sx-950-sx-850-awg-039_0\/\",\"name\":\"P\u0142ytka steruj\u0105ca d\u017awi\u0119kiem i prze\u0142\u0105czniki Pioneer SX-950 SX-850 AWG-039_0 - RetroHiFi - Vintage Audio, Serwis Amplituner\u00f3w\",\"isPartOf\":{\"@id\":\"https:\/\/retrohifi.pl\/#website\"},\"primaryImageOfPage\":{\"@id\":\"https:\/\/retrohifi.pl\/produkt\/serwis-audio-vintage\/plytka-sterujaca-dzwiekiem-i-przelaczniki-pioneer-sx-950-sx-850-awg-039_0\/#primaryimage\"},\"image\":{\"@id\":\"https:\/\/retrohifi.pl\/produkt\/serwis-audio-vintage\/plytka-sterujaca-dzwiekiem-i-przelaczniki-pioneer-sx-950-sx-850-awg-039_0\/#primaryimage\"},\"thumbnailUrl\":\"https:\/\/retrohifi.pl\/wp-content\/uploads\/2024\/12\/plytka-sterujaca-dzwiekiem-i-przelaczniki-pioneer-sx-950-sx-850-awg-039c.jpg\",\"datePublished\":\"2024-12-04T13:53:29+00:00\",\"dateModified\":\"2025-02-06T10:27:11+00:00\",\"description\":\"Serwis sprz\u0119tu audio vintage: konserwacja, gramofony, wzmacniacze, kolumny. Odrestaurowane urz\u0105dzenia hi-fi, oryginalne cz\u0119\u015bci.\",\"breadcrumb\":{\"@id\":\"https:\/\/retrohifi.pl\/produkt\/serwis-audio-vintage\/plytka-sterujaca-dzwiekiem-i-przelaczniki-pioneer-sx-950-sx-850-awg-039_0\/#breadcrumb\"},\"inLanguage\":\"en-US\",\"potentialAction\":[{\"@type\":\"ReadAction\",\"target\":[\"https:\/\/retrohifi.pl\/produkt\/serwis-audio-vintage\/plytka-sterujaca-dzwiekiem-i-przelaczniki-pioneer-sx-950-sx-850-awg-039_0\/\"]}]},{\"@type\":\"ImageObject\",\"inLanguage\":\"en-US\",\"@id\":\"https:\/\/retrohifi.pl\/produkt\/serwis-audio-vintage\/plytka-sterujaca-dzwiekiem-i-przelaczniki-pioneer-sx-950-sx-850-awg-039_0\/#primaryimage\",\"url\":\"https:\/\/retrohifi.pl\/wp-content\/uploads\/2024\/12\/plytka-sterujaca-dzwiekiem-i-przelaczniki-pioneer-sx-950-sx-850-awg-039c.jpg\",\"contentUrl\":\"https:\/\/retrohifi.pl\/wp-content\/uploads\/2024\/12\/plytka-sterujaca-dzwiekiem-i-przelaczniki-pioneer-sx-950-sx-850-awg-039c.jpg\",\"width\":1000,\"height\":1300,\"caption\":\"p\u0142ytka-steruj\u0105ca-d\u017awi\u0119kiem-i-prze\u0142\u0105czniki-pioneer-sx-950-sx-850-awg-039c\"},{\"@type\":\"BreadcrumbList\",\"@id\":\"https:\/\/retrohifi.pl\/produkt\/serwis-audio-vintage\/plytka-sterujaca-dzwiekiem-i-przelaczniki-pioneer-sx-950-sx-850-awg-039_0\/#breadcrumb\",\"itemListElement\":[{\"@type\":\"ListItem\",\"position\":1,\"name\":\"Strona g\u0142\u00f3wna\",\"item\":\"https:\/\/retrohifi.pl\/en\/3875-2\/\"},{\"@type\":\"ListItem\",\"position\":2,\"name\":\"Shop\",\"item\":\"https:\/\/retrohifi.pl\/en\/shop\/\"},{\"@type\":\"ListItem\",\"position\":3,\"name\":\"P\u0142ytka steruj\u0105ca d\u017awi\u0119kiem i prze\u0142\u0105czniki Pioneer SX-950 SX-850 AWG-039_0\"}]},{\"@type\":\"WebSite\",\"@id\":\"https:\/\/retrohifi.pl\/#website\",\"url\":\"https:\/\/retrohifi.pl\/\",\"name\":\"RetroHiFi - Vintage Audio, Serwis Amplituner\u00f3w\",\"description\":\"Vintage Audio - Pioneer, Sansui, Technics, Rotel, Luxman, Dual, Kenwood, Infinity, Marantz, Onkyo, Sony, Yamaha, Accuphase.\",\"publisher\":{\"@id\":\"https:\/\/retrohifi.pl\/#organization\"},\"potentialAction\":[{\"@type\":\"SearchAction\",\"target\":{\"@type\":\"EntryPoint\",\"urlTemplate\":\"https:\/\/retrohifi.pl\/?s={search_term_string}\"},\"query-input\":{\"@type\":\"PropertyValueSpecification\",\"valueRequired\":true,\"valueName\":\"search_term_string\"}}],\"inLanguage\":\"en-US\"},{\"@type\":\"Organization\",\"@id\":\"https:\/\/retrohifi.pl\/#organization\",\"name\":\"RetroHiFi - Vintage Audio, Serwis Amplituner\u00f3w\",\"alternateName\":\"RetroHiFi - Vintage Audio, Serwis Amplituner\u00f3w\",\"url\":\"https:\/\/retrohifi.pl\/\",\"logo\":{\"@type\":\"ImageObject\",\"inLanguage\":\"en-US\",\"@id\":\"https:\/\/retrohifi.pl\/#\/schema\/logo\/image\/\",\"url\":\"https:\/\/retrohifi.pl\/wp-content\/uploads\/2024\/11\/cropped-logo2male-2.png\",\"contentUrl\":\"https:\/\/retrohifi.pl\/wp-content\/uploads\/2024\/11\/cropped-logo2male-2.png\",\"width\":1000,\"height\":304,\"caption\":\"RetroHiFi - Vintage Audio, Serwis Amplituner\u00f3w\"},\"image\":{\"@id\":\"https:\/\/retrohifi.pl\/#\/schema\/logo\/image\/\"},\"sameAs\":[\"https:\/\/www.instagram.com\/retrohifi_pl\/\"],\"publishingPrinciples\":\"https:\/\/retrohifi.pl\/o-nas\/\",\"ownershipFundingInfo\":\"https:\/\/retrohifi.pl\/polityka-prywatnosci\/\",\"actionableFeedbackPolicy\":\"https:\/\/retrohifi.pl\/polityka-prywatnosci\/\"}]}<\/script>\n<meta property=\"product:price:amount\" content=\"60.00\" \/>\n<meta property=\"product:price:currency\" content=\"EUR\" \/>\n<meta property=\"og:availability\" content=\"instock\" \/>\n<meta property=\"product:availability\" content=\"instock\" \/>\n<meta property=\"product:condition\" content=\"new\" \/>\n<!-- \/ Yoast SEO Premium plugin. -->","yoast_head_json":{"title":"P\u0142ytka steruj\u0105ca d\u017awi\u0119kiem i prze\u0142\u0105czniki Pioneer SX-950 SX-850 AWG-039_0 - RetroHiFi - Vintage Audio, Serwis Amplituner\u00f3w","description":"Serwis sprz\u0119tu audio vintage: konserwacja, gramofony, wzmacniacze, kolumny. Odrestaurowane urz\u0105dzenia hi-fi, oryginalne cz\u0119\u015bci.","robots":{"index":"index","follow":"follow","max-snippet":"max-snippet:-1","max-image-preview":"max-image-preview:large","max-video-preview":"max-video-preview:-1"},"canonical":"https:\/\/retrohifi.pl\/produkt\/serwis-audio-vintage\/plytka-sterujaca-dzwiekiem-i-przelaczniki-pioneer-sx-950-sx-850-awg-039_0\/","og_locale":"en_US","og_type":"article","og_title":"P\u0142ytka steruj\u0105ca d\u017awi\u0119kiem i prze\u0142\u0105czniki Pioneer SX-950 SX-850 AWG-039_0","og_description":"Serwis sprz\u0119tu audio vintage: konserwacja, gramofony, wzmacniacze, kolumny. Odrestaurowane urz\u0105dzenia hi-fi, oryginalne cz\u0119\u015bci.","og_url":"https:\/\/retrohifi.pl\/produkt\/serwis-audio-vintage\/plytka-sterujaca-dzwiekiem-i-przelaczniki-pioneer-sx-950-sx-850-awg-039_0\/","og_site_name":"RetroHiFi - Vintage Audio, Serwis Amplituner\u00f3w","article_modified_time":"2025-02-06T10:27:11+00:00","og_image":[{"width":1000,"height":1300,"url":"https:\/\/retrohifi.pl\/wp-content\/uploads\/2024\/12\/plytka-sterujaca-dzwiekiem-i-przelaczniki-pioneer-sx-950-sx-850-awg-039c.jpg","type":"image\/jpeg"}],"twitter_card":"summary_large_image","twitter_misc":{"Price":"60.00&euro;","Availability":"In stock"},"schema":{"@context":"https:\/\/schema.org","@graph":[{"@type":"WebPage","@id":"https:\/\/retrohifi.pl\/produkt\/serwis-audio-vintage\/plytka-sterujaca-dzwiekiem-i-przelaczniki-pioneer-sx-950-sx-850-awg-039_0\/","url":"https:\/\/retrohifi.pl\/produkt\/serwis-audio-vintage\/plytka-sterujaca-dzwiekiem-i-przelaczniki-pioneer-sx-950-sx-850-awg-039_0\/","name":"P\u0142ytka steruj\u0105ca d\u017awi\u0119kiem i prze\u0142\u0105czniki Pioneer SX-950 SX-850 AWG-039_0 - RetroHiFi - Vintage Audio, Serwis Amplituner\u00f3w","isPartOf":{"@id":"https:\/\/retrohifi.pl\/#website"},"primaryImageOfPage":{"@id":"https:\/\/retrohifi.pl\/produkt\/serwis-audio-vintage\/plytka-sterujaca-dzwiekiem-i-przelaczniki-pioneer-sx-950-sx-850-awg-039_0\/#primaryimage"},"image":{"@id":"https:\/\/retrohifi.pl\/produkt\/serwis-audio-vintage\/plytka-sterujaca-dzwiekiem-i-przelaczniki-pioneer-sx-950-sx-850-awg-039_0\/#primaryimage"},"thumbnailUrl":"https:\/\/retrohifi.pl\/wp-content\/uploads\/2024\/12\/plytka-sterujaca-dzwiekiem-i-przelaczniki-pioneer-sx-950-sx-850-awg-039c.jpg","datePublished":"2024-12-04T13:53:29+00:00","dateModified":"2025-02-06T10:27:11+00:00","description":"Serwis sprz\u0119tu audio vintage: konserwacja, gramofony, wzmacniacze, kolumny. Odrestaurowane urz\u0105dzenia hi-fi, oryginalne cz\u0119\u015bci.","breadcrumb":{"@id":"https:\/\/retrohifi.pl\/produkt\/serwis-audio-vintage\/plytka-sterujaca-dzwiekiem-i-przelaczniki-pioneer-sx-950-sx-850-awg-039_0\/#breadcrumb"},"inLanguage":"en-US","potentialAction":[{"@type":"ReadAction","target":["https:\/\/retrohifi.pl\/produkt\/serwis-audio-vintage\/plytka-sterujaca-dzwiekiem-i-przelaczniki-pioneer-sx-950-sx-850-awg-039_0\/"]}]},{"@type":"ImageObject","inLanguage":"en-US","@id":"https:\/\/retrohifi.pl\/produkt\/serwis-audio-vintage\/plytka-sterujaca-dzwiekiem-i-przelaczniki-pioneer-sx-950-sx-850-awg-039_0\/#primaryimage","url":"https:\/\/retrohifi.pl\/wp-content\/uploads\/2024\/12\/plytka-sterujaca-dzwiekiem-i-przelaczniki-pioneer-sx-950-sx-850-awg-039c.jpg","contentUrl":"https:\/\/retrohifi.pl\/wp-content\/uploads\/2024\/12\/plytka-sterujaca-dzwiekiem-i-przelaczniki-pioneer-sx-950-sx-850-awg-039c.jpg","width":1000,"height":1300,"caption":"p\u0142ytka-steruj\u0105ca-d\u017awi\u0119kiem-i-prze\u0142\u0105czniki-pioneer-sx-950-sx-850-awg-039c"},{"@type":"BreadcrumbList","@id":"https:\/\/retrohifi.pl\/produkt\/serwis-audio-vintage\/plytka-sterujaca-dzwiekiem-i-przelaczniki-pioneer-sx-950-sx-850-awg-039_0\/#breadcrumb","itemListElement":[{"@type":"ListItem","position":1,"name":"Strona g\u0142\u00f3wna","item":"https:\/\/retrohifi.pl\/en\/3875-2\/"},{"@type":"ListItem","position":2,"name":"Shop","item":"https:\/\/retrohifi.pl\/en\/shop\/"},{"@type":"ListItem","position":3,"name":"P\u0142ytka steruj\u0105ca d\u017awi\u0119kiem i prze\u0142\u0105czniki Pioneer SX-950 SX-850 AWG-039_0"}]},{"@type":"WebSite","@id":"https:\/\/retrohifi.pl\/#website","url":"https:\/\/retrohifi.pl\/","name":"RetroHiFi - Vintage Audio, Serwis Amplituner\u00f3w","description":"Vintage Audio - Pioneer, Sansui, Technics, Rotel, Luxman, Dual, Kenwood, Infinity, Marantz, Onkyo, Sony, Yamaha, Accuphase.","publisher":{"@id":"https:\/\/retrohifi.pl\/#organization"},"potentialAction":[{"@type":"SearchAction","target":{"@type":"EntryPoint","urlTemplate":"https:\/\/retrohifi.pl\/?s={search_term_string}"},"query-input":{"@type":"PropertyValueSpecification","valueRequired":true,"valueName":"search_term_string"}}],"inLanguage":"en-US"},{"@type":"Organization","@id":"https:\/\/retrohifi.pl\/#organization","name":"RetroHiFi - Vintage Audio, Serwis Amplituner\u00f3w","alternateName":"RetroHiFi - Vintage Audio, Serwis Amplituner\u00f3w","url":"https:\/\/retrohifi.pl\/","logo":{"@type":"ImageObject","inLanguage":"en-US","@id":"https:\/\/retrohifi.pl\/#\/schema\/logo\/image\/","url":"https:\/\/retrohifi.pl\/wp-content\/uploads\/2024\/11\/cropped-logo2male-2.png","contentUrl":"https:\/\/retrohifi.pl\/wp-content\/uploads\/2024\/11\/cropped-logo2male-2.png","width":1000,"height":304,"caption":"RetroHiFi - Vintage Audio, Serwis Amplituner\u00f3w"},"image":{"@id":"https:\/\/retrohifi.pl\/#\/schema\/logo\/image\/"},"sameAs":["https:\/\/www.instagram.com\/retrohifi_pl\/"],"publishingPrinciples":"https:\/\/retrohifi.pl\/o-nas\/","ownershipFundingInfo":"https:\/\/retrohifi.pl\/polityka-prywatnosci\/","actionableFeedbackPolicy":"https:\/\/retrohifi.pl\/polityka-prywatnosci\/"}]},"product_price_amount":"60.00","product_price_currency":"EUR","og_availability":"instock","product_availability":"instock","product_condition":"new"},"jetpack_sharing_enabled":true,"_links":{"self":[{"href":"https:\/\/retrohifi.pl\/en\/wp-json\/wp\/v2\/product\/2543","targetHints":{"allow":["GET"]}}],"collection":[{"href":"https:\/\/retrohifi.pl\/en\/wp-json\/wp\/v2\/product"}],"about":[{"href":"https:\/\/retrohifi.pl\/en\/wp-json\/wp\/v2\/types\/product"}],"replies":[{"embeddable":true,"href":"https:\/\/retrohifi.pl\/en\/wp-json\/wp\/v2\/comments?post=2543"}],"wp:featuredmedia":[{"embeddable":true,"href":"https:\/\/retrohifi.pl\/en\/wp-json\/wp\/v2\/media\/2605"}],"wp:attachment":[{"href":"https:\/\/retrohifi.pl\/en\/wp-json\/wp\/v2\/media?parent=2543"}],"wp:term":[{"taxonomy":"product_brand","embeddable":true,"href":"https:\/\/retrohifi.pl\/en\/wp-json\/wp\/v2\/product_brand?post=2543"},{"taxonomy":"product_cat","embeddable":true,"href":"https:\/\/retrohifi.pl\/en\/wp-json\/wp\/v2\/product_cat?post=2543"},{"taxonomy":"product_tag","embeddable":true,"href":"https:\/\/retrohifi.pl\/en\/wp-json\/wp\/v2\/product_tag?post=2543"}],"curies":[{"name":"wp","href":"https:\/\/api.w.org\/{rel}","templated":true}]}}