{"id":336,"date":"2024-11-21T13:10:16","date_gmt":"2024-11-21T13:10:16","guid":{"rendered":"http:\/\/fnpttuu.cluster027.hosting.ovh.net\/Retro\/produkt\/white-classic-pant\/"},"modified":"2025-02-06T10:29:58","modified_gmt":"2025-02-06T10:29:58","slug":"gramofon-vintage-pioneer-pl12d-po-pelnym-serwisie","status":"publish","type":"product","link":"https:\/\/retrohifi.pl\/en\/product\/turntables\/gramofon-vintage-pioneer-pl12d-po-pelnym-serwisie\/","title":{"rendered":"Pioneer PL12D &#8211; Gramofon Vintage po pe\u0142nym serwisie"},"content":{"rendered":"<p>Gramofon Pioneer PL-12D by\u0142 wyposa\u017ceniem dom\u00f3w w latach 70. W tamtym czasie zapewnia\u0142 podstawowe funkcje, oferuj\u0105c funkcj\u0119 pr\u0119dko\u015bci z podstawowym automatycznym zatrzymaniem. Po pod\u0142\u0105czeniu do systemu reprezentacja d\u017awi\u0119ku by\u0142a ponadprzeci\u0119tna. System przek\u0142adni paskowej wyr\u00f3\u017cnia gramofon Pioneer PL-12D spo\u015br\u00f3d innych z pocz\u0105tku lat 70-tych. U\u017cywaj\u0105c tej metody zamiast k\u00f3\u0142 napinaj\u0105cych, kt\u00f3re zawsze by\u0142y troch\u0119 podatne na problemy, marka mog\u0142a usun\u0105\u0107 wibracje silnika z dynamiki odtwarzania.<\/p>\n<p>Przek\u0142adnia pasowa poprawi\u0142a r\u00f3wnie\u017c stosunek sygna\u0142u do szumu, poniewa\u017c mog\u0142a ograniczy\u0107 generowanie dudnienia, kt\u00f3re mo\u017cna by\u0142o znale\u017a\u0107 w wielu gramofonach klasy podstawowej w tamtych czasach. Pioneer wykona\u0142 pasek do uk\u0142adu przeniesienia nap\u0119du z poliuretanu. Dzi\u0119ki temu starzeje si\u0119 z niezwyk\u0142\u0105 gracj\u0105, pozostaj\u0105c jednocze\u015bnie odpornym na potencjalne zmiany temperatury.<\/p>\n<p>Gramofon Pioneer PL-12D wykorzystuje czterobiegunowy silnik synchroniczny, aby zapewni\u0107 s\u0142uchaczom autentyczne wra\u017cenia podczas odtwarzania. To w\u0142\u0105czenie zapewnia stabiln\u0105 pr\u0119dko\u015b\u0107 przy jednoczesnym zapewnieniu wzorowej jako\u015bci dzwi\u0119ku. Talerz ze stopu cynku znajduje si\u0119 na g\u00f3rze, aby jeszcze bardziej poprawi\u0107 stabilno\u015b\u0107. Prawdopodobnie najlepsz\u0105 cech\u0105 gramofonu Pioneer PL-12D jest antypo\u015blizgowe \u015bledzenie ig\u0142y. Ig\u0142a pozostaje w \u015brodku rowka p\u0142yty zgodnie z konstrukcj\u0105 aktywowan\u0105 spr\u0119\u017cyn\u0105 stworzon\u0105 dla tego konkretnego modelu. Efektem jest lepsza separacja kana\u0142\u00f3w, gdy masz wszystko pod\u0142\u0105czone do systemu stereo podczas odtwarzania z winylu.<\/p>\n<p>Specyfikacja:<\/p>\n<p>Silnik &#8211; Czterobiegunowy silnik synchroniczny<\/p>\n<p>Nap\u0119d &#8211; Konstrukcja gramofonu z nap\u0119dem paskowym<\/p>\n<p>Pr\u0119dko\u015bci &#8211; 33 i 45 obr.\/min<\/p>\n<p>Dok\u0142adno\u015b\u0107 pr\u0119dko\u015bci &#8211; 1% lub mniej<\/p>\n<p>Wow i Flutter &#8211; 0,1% WRMS<\/p>\n<p>G\u0142o\u015bno\u015b\u0107 &#8211; 47 decybeli<\/p>\n<p>D\u0142ugo\u015b\u0107 &#8211; 221 mm<\/p>\n<p>Rami\u0119 &#8211; Rami\u0119 w kszta\u0142cie litery S z technologi\u0105 zapobiegaj\u0105c\u0105 przeskakiwaniu<\/p>\n<p>Talerz &#8211; Standardowy talerz o \u015brednicy 30 cm wykonany ze stopu aluminium<\/p>\n<p>Wymiary &#8211; 430 x 160,5 x 349 mm<\/p>\n<p>Waga &#8211; 7,5 kg<\/p>\n<p>Os\u0142ona gramofonu zosta\u0142a poddana renowacji, wygl\u0105da jak nowa. Nigdzie nie pop\u0119kana. Zamocowana wk\u0142adka RELOOP OM BLACK (Ortofon). Zdj\u0119cia przedstawiaj\u0105 faktyczny stan.<\/p>\n","protected":false},"excerpt":{"rendered":"<p>Gramofon Vintage Pioneer PL 12D z 2-biegowym nap\u0119dem paskowym (1972-1976)<\/p>\n","protected":false},"featured_media":1996,"comment_status":"open","ping_status":"closed","template":"","meta":{"site-sidebar-layout":"default","site-content-layout":"default","ast-site-content-layout":"default","site-content-style":"default","site-sidebar-style":"default","ast-global-header-display":"","ast-banner-title-visibility":"","ast-main-header-display":"","ast-hfb-above-header-display":"","ast-hfb-below-header-display":"","ast-hfb-mobile-header-display":"","site-post-title":"","ast-breadcrumbs-content":"","ast-featured-img":"","footer-sml-layout":"","ast-disable-related-posts":"","theme-transparent-header-meta":"default","adv-header-id-meta":"","stick-header-meta":"","header-above-stick-meta":"","header-main-stick-meta":"","header-below-stick-meta":"","astra-migrate-meta-layouts":"set","ast-page-background-enabled":"default","ast-page-background-meta":{"desktop":{"background-color":"","background-image":"","background-repeat":"repeat","background-position":"center center","background-size":"auto","background-attachment":"scroll","background-type":"","background-media":"","overlay-type":"","overlay-color":"","overlay-opacity":"","overlay-gradient":""},"tablet":{"background-color":"","background-image":"","background-repeat":"repeat","background-position":"center center","background-size":"auto","background-attachment":"scroll","background-type":"","background-media":"","overlay-type":"","overlay-color":"","overlay-opacity":"","overlay-gradient":""},"mobile":{"background-color":"","background-image":"","background-repeat":"repeat","background-position":"center center","background-size":"auto","background-attachment":"scroll","background-type":"","background-media":"","overlay-type":"","overlay-color":"","overlay-opacity":"","overlay-gradient":""}},"ast-content-background-meta":{"desktop":{"background-color":"var(--ast-global-color-5)","background-image":"","background-repeat":"repeat","background-position":"center center","background-size":"auto","background-attachment":"scroll","background-type":"","background-media":"","overlay-type":"","overlay-color":"","overlay-opacity":"","overlay-gradient":""},"tablet":{"background-color":"var(--ast-global-color-5)","background-image":"","background-repeat":"repeat","background-position":"center center","background-size":"auto","background-attachment":"scroll","background-type":"","background-media":"","overlay-type":"","overlay-color":"","overlay-opacity":"","overlay-gradient":""},"mobile":{"background-color":"var(--ast-global-color-5)","background-image":"","background-repeat":"repeat","background-position":"center center","background-size":"auto","background-attachment":"scroll","background-type":"","background-media":"","overlay-type":"","overlay-color":"","overlay-opacity":"","overlay-gradient":""}}},"product_brand":[461],"product_cat":[462],"product_tag":[82,83,84,468,90,85,467,86,483,88,89],"class_list":{"0":"post-336","1":"product","2":"type-product","3":"status-publish","4":"has-post-thumbnail","6":"product_brand-pioneer-en","7":"product_cat-turntables","8":"product_tag-gramofon","9":"product_tag-gramofon-po-renowacji","10":"product_tag-gramofon-retro","11":"product_tag-turntable-vintage","12":"product_tag-gramofon-vintage-pioneer-pl12d","13":"product_tag-gramofon-vintage-po-renowacji","14":"product_tag-pioneer-vintage-en","15":"product_tag-sprzet-audio","16":"product_tag-audio-equipment-after-renovation-en","17":"product_tag-sprzet-audio-vintage","18":"product_tag-vintage","19":"desktop-align-left","20":"tablet-align-left","21":"mobile-align-left","22":"ast-product-gallery-layout-horizontal-slider","23":"ast-product-tabs-layout-horizontal","25":"first","26":"instock","27":"sold-individually","28":"shipping-taxable","29":"purchasable","30":"product-type-simple"},"yoast_head":"<!-- This site is optimized with the Yoast SEO Premium plugin v24.6 (Yoast SEO v24.7) - https:\/\/yoast.com\/wordpress\/plugins\/seo\/ -->\n<title>Pioneer PL12D - Gramofon Vintage po pe\u0142nym serwisie - RetroHiFi - Vintage Audio, Serwis Amplituner\u00f3w<\/title>\n<meta name=\"description\" content=\"Serwis sprz\u0119tu audio vintage: konserwacja, gramofony, wzmacniacze, kolumny. Odrestaurowane urz\u0105dzenia hi-fi, oryginalne cz\u0119\u015bci.\" \/>\n<meta name=\"robots\" content=\"index, follow, max-snippet:-1, max-image-preview:large, max-video-preview:-1\" \/>\n<link rel=\"canonical\" href=\"https:\/\/retrohifi.pl\/produkt\/gramofony-vintage\/gramofon-vintage-pioneer-pl12d-po-pelnym-serwisie\/\" \/>\n<meta property=\"og:locale\" content=\"en_US\" \/>\n<meta property=\"og:type\" content=\"article\" \/>\n<meta property=\"og:title\" content=\"Pioneer PL12D - Gramofon Vintage po pe\u0142nym serwisie\" \/>\n<meta property=\"og:description\" content=\"Serwis sprz\u0119tu audio vintage: konserwacja, gramofony, wzmacniacze, kolumny. Odrestaurowane urz\u0105dzenia hi-fi, oryginalne cz\u0119\u015bci.\" \/>\n<meta property=\"og:url\" content=\"https:\/\/retrohifi.pl\/produkt\/gramofony-vintage\/gramofon-vintage-pioneer-pl12d-po-pelnym-serwisie\/\" \/>\n<meta property=\"og:site_name\" content=\"RetroHiFi - Vintage Audio, Serwis Amplituner\u00f3w\" \/>\n<meta property=\"article:modified_time\" content=\"2025-02-06T10:29:58+00:00\" \/>\n<meta property=\"og:image\" content=\"https:\/\/retrohifi.pl\/wp-content\/uploads\/2024\/11\/gramofon-pioneer-pl12d-vintage-hifi-po-pelnym-serwisie-3.jpg\" \/>\n\t<meta property=\"og:image:width\" content=\"1000\" \/>\n\t<meta property=\"og:image:height\" content=\"1300\" \/>\n\t<meta property=\"og:image:type\" content=\"image\/jpeg\" \/>\n<meta name=\"twitter:card\" content=\"summary_large_image\" \/>\n<meta name=\"twitter:label1\" content=\"Price\" \/>\n\t<meta name=\"twitter:data1\" content=\"357.60&euro;\" \/>\n\t<meta name=\"twitter:label2\" content=\"Availability\" \/>\n\t<meta name=\"twitter:data2\" content=\"In stock\" \/>\n<script type=\"application\/ld+json\" class=\"yoast-schema-graph\">{\"@context\":\"https:\/\/schema.org\",\"@graph\":[{\"@type\":\"WebPage\",\"@id\":\"https:\/\/retrohifi.pl\/produkt\/gramofony-vintage\/gramofon-vintage-pioneer-pl12d-po-pelnym-serwisie\/\",\"url\":\"https:\/\/retrohifi.pl\/produkt\/gramofony-vintage\/gramofon-vintage-pioneer-pl12d-po-pelnym-serwisie\/\",\"name\":\"Pioneer PL12D - Gramofon Vintage po pe\u0142nym serwisie - RetroHiFi - Vintage Audio, Serwis Amplituner\u00f3w\",\"isPartOf\":{\"@id\":\"https:\/\/retrohifi.pl\/#website\"},\"primaryImageOfPage\":{\"@id\":\"https:\/\/retrohifi.pl\/produkt\/gramofony-vintage\/gramofon-vintage-pioneer-pl12d-po-pelnym-serwisie\/#primaryimage\"},\"image\":{\"@id\":\"https:\/\/retrohifi.pl\/produkt\/gramofony-vintage\/gramofon-vintage-pioneer-pl12d-po-pelnym-serwisie\/#primaryimage\"},\"thumbnailUrl\":\"https:\/\/retrohifi.pl\/wp-content\/uploads\/2024\/11\/gramofon-pioneer-pl12d-vintage-hifi-po-pelnym-serwisie-3.jpg\",\"datePublished\":\"2024-11-21T13:10:16+00:00\",\"dateModified\":\"2025-02-06T10:29:58+00:00\",\"description\":\"Serwis sprz\u0119tu audio vintage: konserwacja, gramofony, wzmacniacze, kolumny. Odrestaurowane urz\u0105dzenia hi-fi, oryginalne cz\u0119\u015bci.\",\"breadcrumb\":{\"@id\":\"https:\/\/retrohifi.pl\/produkt\/gramofony-vintage\/gramofon-vintage-pioneer-pl12d-po-pelnym-serwisie\/#breadcrumb\"},\"inLanguage\":\"en-US\",\"potentialAction\":[{\"@type\":\"ReadAction\",\"target\":[\"https:\/\/retrohifi.pl\/produkt\/gramofony-vintage\/gramofon-vintage-pioneer-pl12d-po-pelnym-serwisie\/\"]}]},{\"@type\":\"ImageObject\",\"inLanguage\":\"en-US\",\"@id\":\"https:\/\/retrohifi.pl\/produkt\/gramofony-vintage\/gramofon-vintage-pioneer-pl12d-po-pelnym-serwisie\/#primaryimage\",\"url\":\"https:\/\/retrohifi.pl\/wp-content\/uploads\/2024\/11\/gramofon-pioneer-pl12d-vintage-hifi-po-pelnym-serwisie-3.jpg\",\"contentUrl\":\"https:\/\/retrohifi.pl\/wp-content\/uploads\/2024\/11\/gramofon-pioneer-pl12d-vintage-hifi-po-pelnym-serwisie-3.jpg\",\"width\":1000,\"height\":1300,\"caption\":\"gramofon-pioneer-pl12d-vintage-hifi-po-pelnym-serwisie\"},{\"@type\":\"BreadcrumbList\",\"@id\":\"https:\/\/retrohifi.pl\/produkt\/gramofony-vintage\/gramofon-vintage-pioneer-pl12d-po-pelnym-serwisie\/#breadcrumb\",\"itemListElement\":[{\"@type\":\"ListItem\",\"position\":1,\"name\":\"Strona g\u0142\u00f3wna\",\"item\":\"https:\/\/retrohifi.pl\/en\/3875-2\/\"},{\"@type\":\"ListItem\",\"position\":2,\"name\":\"Shop\",\"item\":\"https:\/\/retrohifi.pl\/en\/shop\/\"},{\"@type\":\"ListItem\",\"position\":3,\"name\":\"Pioneer PL12D &#8211; Gramofon Vintage po pe\u0142nym serwisie\"}]},{\"@type\":\"WebSite\",\"@id\":\"https:\/\/retrohifi.pl\/#website\",\"url\":\"https:\/\/retrohifi.pl\/\",\"name\":\"RetroHiFi - Vintage Audio, Serwis Amplituner\u00f3w\",\"description\":\"Vintage Audio - Pioneer, Sansui, Technics, Rotel, Luxman, Dual, Kenwood, Infinity, Marantz, Onkyo, Sony, Yamaha, Accuphase.\",\"publisher\":{\"@id\":\"https:\/\/retrohifi.pl\/#organization\"},\"potentialAction\":[{\"@type\":\"SearchAction\",\"target\":{\"@type\":\"EntryPoint\",\"urlTemplate\":\"https:\/\/retrohifi.pl\/?s={search_term_string}\"},\"query-input\":{\"@type\":\"PropertyValueSpecification\",\"valueRequired\":true,\"valueName\":\"search_term_string\"}}],\"inLanguage\":\"en-US\"},{\"@type\":\"Organization\",\"@id\":\"https:\/\/retrohifi.pl\/#organization\",\"name\":\"RetroHiFi - Vintage Audio, Serwis Amplituner\u00f3w\",\"alternateName\":\"RetroHiFi - Vintage Audio, Serwis Amplituner\u00f3w\",\"url\":\"https:\/\/retrohifi.pl\/\",\"logo\":{\"@type\":\"ImageObject\",\"inLanguage\":\"en-US\",\"@id\":\"https:\/\/retrohifi.pl\/#\/schema\/logo\/image\/\",\"url\":\"https:\/\/retrohifi.pl\/wp-content\/uploads\/2024\/11\/cropped-logo2male-2.png\",\"contentUrl\":\"https:\/\/retrohifi.pl\/wp-content\/uploads\/2024\/11\/cropped-logo2male-2.png\",\"width\":1000,\"height\":304,\"caption\":\"RetroHiFi - Vintage Audio, Serwis Amplituner\u00f3w\"},\"image\":{\"@id\":\"https:\/\/retrohifi.pl\/#\/schema\/logo\/image\/\"},\"sameAs\":[\"https:\/\/www.instagram.com\/retrohifi_pl\/\"],\"publishingPrinciples\":\"https:\/\/retrohifi.pl\/o-nas\/\",\"ownershipFundingInfo\":\"https:\/\/retrohifi.pl\/polityka-prywatnosci\/\",\"actionableFeedbackPolicy\":\"https:\/\/retrohifi.pl\/polityka-prywatnosci\/\"}]}<\/script>\n<meta property=\"product:price:amount\" content=\"357.60\" \/>\n<meta property=\"product:price:currency\" content=\"EUR\" \/>\n<meta property=\"og:availability\" content=\"instock\" \/>\n<meta property=\"product:availability\" content=\"instock\" \/>\n<meta property=\"product:condition\" content=\"new\" \/>\n<!-- \/ Yoast SEO Premium plugin. -->","yoast_head_json":{"title":"Pioneer PL12D - Gramofon Vintage po pe\u0142nym serwisie - RetroHiFi - Vintage Audio, Serwis Amplituner\u00f3w","description":"Serwis sprz\u0119tu audio vintage: konserwacja, gramofony, wzmacniacze, kolumny. Odrestaurowane urz\u0105dzenia hi-fi, oryginalne cz\u0119\u015bci.","robots":{"index":"index","follow":"follow","max-snippet":"max-snippet:-1","max-image-preview":"max-image-preview:large","max-video-preview":"max-video-preview:-1"},"canonical":"https:\/\/retrohifi.pl\/produkt\/gramofony-vintage\/gramofon-vintage-pioneer-pl12d-po-pelnym-serwisie\/","og_locale":"en_US","og_type":"article","og_title":"Pioneer PL12D - Gramofon Vintage po pe\u0142nym serwisie","og_description":"Serwis sprz\u0119tu audio vintage: konserwacja, gramofony, wzmacniacze, kolumny. Odrestaurowane urz\u0105dzenia hi-fi, oryginalne cz\u0119\u015bci.","og_url":"https:\/\/retrohifi.pl\/produkt\/gramofony-vintage\/gramofon-vintage-pioneer-pl12d-po-pelnym-serwisie\/","og_site_name":"RetroHiFi - Vintage Audio, Serwis Amplituner\u00f3w","article_modified_time":"2025-02-06T10:29:58+00:00","og_image":[{"width":1000,"height":1300,"url":"https:\/\/retrohifi.pl\/wp-content\/uploads\/2024\/11\/gramofon-pioneer-pl12d-vintage-hifi-po-pelnym-serwisie-3.jpg","type":"image\/jpeg"}],"twitter_card":"summary_large_image","twitter_misc":{"Price":"357.60&euro;","Availability":"In stock"},"schema":{"@context":"https:\/\/schema.org","@graph":[{"@type":"WebPage","@id":"https:\/\/retrohifi.pl\/produkt\/gramofony-vintage\/gramofon-vintage-pioneer-pl12d-po-pelnym-serwisie\/","url":"https:\/\/retrohifi.pl\/produkt\/gramofony-vintage\/gramofon-vintage-pioneer-pl12d-po-pelnym-serwisie\/","name":"Pioneer PL12D - Gramofon Vintage po pe\u0142nym serwisie - RetroHiFi - Vintage Audio, Serwis Amplituner\u00f3w","isPartOf":{"@id":"https:\/\/retrohifi.pl\/#website"},"primaryImageOfPage":{"@id":"https:\/\/retrohifi.pl\/produkt\/gramofony-vintage\/gramofon-vintage-pioneer-pl12d-po-pelnym-serwisie\/#primaryimage"},"image":{"@id":"https:\/\/retrohifi.pl\/produkt\/gramofony-vintage\/gramofon-vintage-pioneer-pl12d-po-pelnym-serwisie\/#primaryimage"},"thumbnailUrl":"https:\/\/retrohifi.pl\/wp-content\/uploads\/2024\/11\/gramofon-pioneer-pl12d-vintage-hifi-po-pelnym-serwisie-3.jpg","datePublished":"2024-11-21T13:10:16+00:00","dateModified":"2025-02-06T10:29:58+00:00","description":"Serwis sprz\u0119tu audio vintage: konserwacja, gramofony, wzmacniacze, kolumny. Odrestaurowane urz\u0105dzenia hi-fi, oryginalne cz\u0119\u015bci.","breadcrumb":{"@id":"https:\/\/retrohifi.pl\/produkt\/gramofony-vintage\/gramofon-vintage-pioneer-pl12d-po-pelnym-serwisie\/#breadcrumb"},"inLanguage":"en-US","potentialAction":[{"@type":"ReadAction","target":["https:\/\/retrohifi.pl\/produkt\/gramofony-vintage\/gramofon-vintage-pioneer-pl12d-po-pelnym-serwisie\/"]}]},{"@type":"ImageObject","inLanguage":"en-US","@id":"https:\/\/retrohifi.pl\/produkt\/gramofony-vintage\/gramofon-vintage-pioneer-pl12d-po-pelnym-serwisie\/#primaryimage","url":"https:\/\/retrohifi.pl\/wp-content\/uploads\/2024\/11\/gramofon-pioneer-pl12d-vintage-hifi-po-pelnym-serwisie-3.jpg","contentUrl":"https:\/\/retrohifi.pl\/wp-content\/uploads\/2024\/11\/gramofon-pioneer-pl12d-vintage-hifi-po-pelnym-serwisie-3.jpg","width":1000,"height":1300,"caption":"gramofon-pioneer-pl12d-vintage-hifi-po-pelnym-serwisie"},{"@type":"BreadcrumbList","@id":"https:\/\/retrohifi.pl\/produkt\/gramofony-vintage\/gramofon-vintage-pioneer-pl12d-po-pelnym-serwisie\/#breadcrumb","itemListElement":[{"@type":"ListItem","position":1,"name":"Strona g\u0142\u00f3wna","item":"https:\/\/retrohifi.pl\/en\/3875-2\/"},{"@type":"ListItem","position":2,"name":"Shop","item":"https:\/\/retrohifi.pl\/en\/shop\/"},{"@type":"ListItem","position":3,"name":"Pioneer PL12D &#8211; Gramofon Vintage po pe\u0142nym serwisie"}]},{"@type":"WebSite","@id":"https:\/\/retrohifi.pl\/#website","url":"https:\/\/retrohifi.pl\/","name":"RetroHiFi - Vintage Audio, Serwis Amplituner\u00f3w","description":"Vintage Audio - Pioneer, Sansui, Technics, Rotel, Luxman, Dual, Kenwood, Infinity, Marantz, Onkyo, Sony, Yamaha, Accuphase.","publisher":{"@id":"https:\/\/retrohifi.pl\/#organization"},"potentialAction":[{"@type":"SearchAction","target":{"@type":"EntryPoint","urlTemplate":"https:\/\/retrohifi.pl\/?s={search_term_string}"},"query-input":{"@type":"PropertyValueSpecification","valueRequired":true,"valueName":"search_term_string"}}],"inLanguage":"en-US"},{"@type":"Organization","@id":"https:\/\/retrohifi.pl\/#organization","name":"RetroHiFi - Vintage Audio, Serwis Amplituner\u00f3w","alternateName":"RetroHiFi - Vintage Audio, Serwis Amplituner\u00f3w","url":"https:\/\/retrohifi.pl\/","logo":{"@type":"ImageObject","inLanguage":"en-US","@id":"https:\/\/retrohifi.pl\/#\/schema\/logo\/image\/","url":"https:\/\/retrohifi.pl\/wp-content\/uploads\/2024\/11\/cropped-logo2male-2.png","contentUrl":"https:\/\/retrohifi.pl\/wp-content\/uploads\/2024\/11\/cropped-logo2male-2.png","width":1000,"height":304,"caption":"RetroHiFi - Vintage Audio, Serwis Amplituner\u00f3w"},"image":{"@id":"https:\/\/retrohifi.pl\/#\/schema\/logo\/image\/"},"sameAs":["https:\/\/www.instagram.com\/retrohifi_pl\/"],"publishingPrinciples":"https:\/\/retrohifi.pl\/o-nas\/","ownershipFundingInfo":"https:\/\/retrohifi.pl\/polityka-prywatnosci\/","actionableFeedbackPolicy":"https:\/\/retrohifi.pl\/polityka-prywatnosci\/"}]},"product_price_amount":"357.60","product_price_currency":"EUR","og_availability":"instock","product_availability":"instock","product_condition":"new"},"jetpack_sharing_enabled":true,"_links":{"self":[{"href":"https:\/\/retrohifi.pl\/en\/wp-json\/wp\/v2\/product\/336","targetHints":{"allow":["GET"]}}],"collection":[{"href":"https:\/\/retrohifi.pl\/en\/wp-json\/wp\/v2\/product"}],"about":[{"href":"https:\/\/retrohifi.pl\/en\/wp-json\/wp\/v2\/types\/product"}],"replies":[{"embeddable":true,"href":"https:\/\/retrohifi.pl\/en\/wp-json\/wp\/v2\/comments?post=336"}],"wp:featuredmedia":[{"embeddable":true,"href":"https:\/\/retrohifi.pl\/en\/wp-json\/wp\/v2\/media\/1996"}],"wp:attachment":[{"href":"https:\/\/retrohifi.pl\/en\/wp-json\/wp\/v2\/media?parent=336"}],"wp:term":[{"taxonomy":"product_brand","embeddable":true,"href":"https:\/\/retrohifi.pl\/en\/wp-json\/wp\/v2\/product_brand?post=336"},{"taxonomy":"product_cat","embeddable":true,"href":"https:\/\/retrohifi.pl\/en\/wp-json\/wp\/v2\/product_cat?post=336"},{"taxonomy":"product_tag","embeddable":true,"href":"https:\/\/retrohifi.pl\/en\/wp-json\/wp\/v2\/product_tag?post=336"}],"curies":[{"name":"wp","href":"https:\/\/api.w.org\/{rel}","templated":true}]}}