{"id":349,"date":"2024-11-21T13:10:17","date_gmt":"2024-11-21T13:10:17","guid":{"rendered":"http:\/\/fnpttuu.cluster027.hosting.ovh.net\/Retro\/produkt\/white-silk-long-shirt\/"},"modified":"2024-12-11T13:10:59","modified_gmt":"2024-12-11T13:10:59","slug":"amplituner-vintage-sansui-qr-6500","status":"publish","type":"product","link":"https:\/\/retrohifi.pl\/en\/product\/amplifier-vintage-en\/amplituner-vintage-sansui-qr-6500\/","title":{"rendered":"Amplituner Vintage Sansui QR 6500"},"content":{"rendered":"<h5>Sansui QR-6500<\/h5>\n<p>Trzy g\u0142\u00f3wne cechy; 4-kana\u0142owy syntezator i dekoder QS, 4-kana\u0142owy, 280-watowy wzmacniacz zintegrowany oraz super czu\u0142y stereofoniczny tuner FM\/AM. Zasadniczo Sansui wzi\u0119\u0142o to, co opracowali we wcze\u015bniejszym QR-6500 i ulepszy\u0142o to.<\/p>\n<p>W tamtym czasie ich nowy system regularnej matrycy QS z obwodami vario-matrix by\u0142 najbardziej zaawansowan\u0105 metod\u0105 odtwarzania pola d\u017awi\u0119kowego w trybie 4-kana\u0142owym. Syntezator QS mo\u017ce przekszta\u0142ci\u0107 zwyk\u0142y 2-kana\u0142owy sygna\u0142 w bogate 4-kana\u0142owe wyj\u015bcie. Oznacza\u0142o to, \u017ce 2-kana\u0142owe nagrania stereo u\u017cytkownika by\u0142y nadal dost\u0119pne na poczw\u00f3rnym odbiorniku, a nagrania kwadrofoniczne nie by\u0142y obowi\u0105zkowe. Mimo to, aby w pe\u0142ni wykorzysta\u0107 QR-6500, zalecano korzystanie z 4-kana\u0142owych nagra\u0144 z kodowaniem QS.<\/p>\n<p>Dekoder matrycy regularnej QS mo\u017ce dekodowa\u0107 dowolny czterokana\u0142owy sygna\u0142 QS zakodowany. Dzia\u0142a\u0142oby to z dowolnymi zakodowanymi nagraniami, ta\u015bmami, a nawet audycjami FM.<\/p>\n<h6>Dane techniczne:<\/h6>\n<p>Zakres strojenia: FM\/AM<\/p>\n<p>Moc wyj\u015bciowa: 33W\/kana\u0142 przy 8\u03a9 (kwadrafoniczny)<\/p>\n<p>Pasmo przenoszenia: 30Hz do 30kHz<\/p>\n<p>Ca\u0142kowite zniekszta\u0142cenia harmoniczne: 0,5%<\/p>\n<p>Wsp\u00f3\u0142czynnik t\u0142umienia: 30<\/p>\n<p>Stosunek sygna\u0142u do szumu: 70dB (linia)<\/p>\n<p>Separacja kana\u0142\u00f3w: 45dB (linia)<\/p>\n<p>Impedancja obci\u0105\u017cenia g\u0142o\u015bnika: od 4\u03a9 do 16\u03a9<\/p>\n<p>Wymiary: 536 x 181 x 362 mm \u2013 21 3\/16 x 7 3\/16 x 14 5\/16 cala<\/p>\n<p>Waga: 22 kg \u2013 48,5 funta<\/p>\n<p>Jak wspomnia\u0142em powy\u017cej, tuner w QR-6500 jest doskona\u0142y. Wykorzystuje trzy dwubramkowe tranzystory MOS FET i precyzyjny, czterokrotny zmienny kondensator. Wizualnie ma pod\u015bwietlany wska\u017anik tarczy i mierniki zar\u00f3wno si\u0142y sygna\u0142u, jak i strojenia.<\/p>\n<p>4-kana\u0142owe sterowanie syntezatorem\/dekoderem Sansui, pi\u0119ciopozycyjne pokr\u0119t\u0142o znajduj\u0105ce si\u0119 po prawej stronie panelu przedniego, umo\u017cliwia wyb\u00f3r dw\u00f3ch r\u00f3\u017cnych tryb\u00f3w syntezatora QS (Surround i Hall), dw\u00f3ch zwyk\u0142ych tryb\u00f3w matrycy QS (Surround i Hall) a tak\u017ce dodatkowy tryb Phase Matrix do dekodowania nagra\u0144 SQ.<\/p>\n<p>QR-6500 nie jest przeznaczony do zwod\u00f3w serca, je\u015bli chodzi o napraw\u0119 lub renowacj\u0119. Uk\u0142ad 4-kana\u0142owy jest skomplikowany i sprawia, \u017ce wn\u0119trze jest zat\u0142oczone. Miej to na uwadze, je\u015bli znajdziesz. Najprawdopodobniej b\u0119dzie wymaga\u0142 konserwacji lub naprawy, kt\u00f3re mog\u0105 do\u015b\u0107 szybko sta\u0107 si\u0119 drogie, w zale\u017cno\u015bci od tego, co nale\u017cy zrobi\u0107.<\/p>\n<p>Sp\u00f3jrz na wszystkie wyj\u015bcia g\u0142o\u015bnikowe na tylnym panelu! Do QR-6500 mo\u017cna pod\u0142\u0105czy\u0107 do pi\u0119ciu zestaw\u00f3w g\u0142o\u015bnik\u00f3w. Istnieje r\u00f3wnie\u017c niesamowita liczba wej\u015b\u0107 zar\u00f3wno dla \u017ar\u00f3de\u0142 2-kana\u0142owych, jak i 4-kana\u0142owych. Jest nawet prze\u0142\u0105cznik de-emfazy \u2013 pozosta\u0142o\u015b\u0107 z czas\u00f3w, kiedy nadawcy radiowi zamierzali nadawa\u0107 z redukcj\u0105 szum\u00f3w Dolby. Nie tak przydatne dzisiaj. Na tylnym panelu znajduj\u0105 si\u0119 r\u00f3wnie\u017c trzy gniazda AC, z kt\u00f3rych jedno jest sterowane prze\u0142\u0105cznikiem na przednim panelu.<\/p>\n<p>Sansui QR-6500 to pi\u0119kny amplituner kwadrofoniczny, kt\u00f3ry ma solidne miejsce w historii kwadrofonii. Je\u015bli jednak nie chcesz bawi\u0107 si\u0119 4-kana\u0142owym d\u017awi\u0119kiem, mo\u017cesz lepiej trzyma\u0107 si\u0119 jednej z 2-kana\u0142owych ofert Sansui. Je\u015bli chcesz odtwarza\u0107 poczw\u00f3rny materia\u0142 \u017ar\u00f3d\u0142owy, mo\u017cesz r\u00f3wnie\u017c spojrze\u0107 na p\u00f3\u017aniejsz\u0105 seri\u0119 Sansui QR-X001, kt\u00f3ra jest doskona\u0142a<\/p>\n","protected":false},"excerpt":{"rendered":"<h6>Amplituner Vintage Sansui QR 6500 po rewitalizacji<\/h6>\n<p>Ten Sansui QR-6500 by\u0142 jednym z pierwszych wk\u0142ad\u00f3w Sansui w gatunek kwadrofoniczny. Produkowany by\u0142 od 1973 do oko\u0142o 1975 roku i wytwarza\u0142 33 waty na kana\u0142 przy 8 omach, gdy wszystkie cztery kana\u0142y s\u0105 wysterowane i 37 wat\u00f3w na kana\u0142.<\/p>\n<p>Gdy ka\u017cdy kana\u0142 jest wysterowany. Cena detaliczna to 750,00 dolar\u00f3w i ma bardzo wyr\u00f3\u017cniaj\u0105cy si\u0119 design. Z\u0142oto-srebrny panel przedni \u0142adnie komponuje si\u0119 z zaciemnionym okienkiem tarczy i zielono-bursztynowym o\u015bwietleniem. Umie\u015b\u0107 to wszystko w \u0142adnej, wyko\u0144czonej orzechowo obudowie z litego drewna i masz jeden bardzo \u0142adnie wygl\u0105daj\u0105cy odbiornik.<\/p>\n","protected":false},"featured_media":2198,"comment_status":"open","ping_status":"closed","template":"","meta":{"site-sidebar-layout":"default","site-content-layout":"default","ast-site-content-layout":"default","site-content-style":"default","site-sidebar-style":"default","ast-global-header-display":"","ast-banner-title-visibility":"","ast-main-header-display":"","ast-hfb-above-header-display":"","ast-hfb-below-header-display":"","ast-hfb-mobile-header-display":"","site-post-title":"","ast-breadcrumbs-content":"","ast-featured-img":"","footer-sml-layout":"","ast-disable-related-posts":"","theme-transparent-header-meta":"default","adv-header-id-meta":"","stick-header-meta":"","header-above-stick-meta":"","header-main-stick-meta":"","header-below-stick-meta":"","astra-migrate-meta-layouts":"set","ast-page-background-enabled":"default","ast-page-background-meta":{"desktop":{"background-color":"","background-image":"","background-repeat":"repeat","background-position":"center center","background-size":"auto","background-attachment":"scroll","background-type":"","background-media":"","overlay-type":"","overlay-color":"","overlay-opacity":"","overlay-gradient":""},"tablet":{"background-color":"","background-image":"","background-repeat":"repeat","background-position":"center center","background-size":"auto","background-attachment":"scroll","background-type":"","background-media":"","overlay-type":"","overlay-color":"","overlay-opacity":"","overlay-gradient":""},"mobile":{"background-color":"","background-image":"","background-repeat":"repeat","background-position":"center center","background-size":"auto","background-attachment":"scroll","background-type":"","background-media":"","overlay-type":"","overlay-color":"","overlay-opacity":"","overlay-gradient":""}},"ast-content-background-meta":{"desktop":{"background-color":"var(--ast-global-color-5)","background-image":"","background-repeat":"repeat","background-position":"center center","background-size":"auto","background-attachment":"scroll","background-type":"","background-media":"","overlay-type":"","overlay-color":"","overlay-opacity":"","overlay-gradient":""},"tablet":{"background-color":"var(--ast-global-color-5)","background-image":"","background-repeat":"repeat","background-position":"center center","background-size":"auto","background-attachment":"scroll","background-type":"","background-media":"","overlay-type":"","overlay-color":"","overlay-opacity":"","overlay-gradient":""},"mobile":{"background-color":"var(--ast-global-color-5)","background-image":"","background-repeat":"repeat","background-position":"center center","background-size":"auto","background-attachment":"scroll","background-type":"","background-media":"","overlay-type":"","overlay-color":"","overlay-opacity":"","overlay-gradient":""}}},"product_brand":[],"product_cat":[35],"product_tag":[49,128,125,127,126,118,86,99,60,96,97,98],"class_list":{"0":"post-349","1":"product","2":"type-product","3":"status-publish","4":"has-post-thumbnail","6":"product_cat-amplitunery-vintage","7":"product_tag-amplituner-vintage","8":"product_tag-qr6500","9":"product_tag-sansui","10":"product_tag-sansui-qr-6500","11":"product_tag-sansui-vintage","12":"product_tag-serwis-audio-vintage","13":"product_tag-sprzet-audio","14":"product_tag-sprzet-audio-vintage-po-renowacji","15":"product_tag-vintage-audio","16":"product_tag-wzmacniacz-hi-fi-stereo-vintage","17":"product_tag-wzmacniacz-stereo-vintage","18":"product_tag-wzmacniacz-vintage","19":"desktop-align-left","20":"tablet-align-left","21":"mobile-align-left","22":"ast-product-gallery-layout-horizontal-slider","23":"ast-product-tabs-layout-horizontal","25":"first","26":"onbackorder","27":"sold-individually","28":"shipping-taxable","29":"purchasable","30":"product-type-simple"},"yoast_head":"<!-- This site is optimized with the Yoast SEO Premium plugin v24.6 (Yoast SEO v24.7) - https:\/\/yoast.com\/wordpress\/plugins\/seo\/ -->\n<title>Amplituner Vintage Sansui QR 6500 - RetroHiFi - Vintage Audio, Serwis Amplituner\u00f3w<\/title>\n<meta name=\"description\" content=\"Sansui QR-6500 to klasyczny amplituner kwadrofoniczny z doskona\u0142ym brzmieniem, solidnym wykonaniem i ponadczasowym designem, idealny dla audiofil\u00f3w.\" \/>\n<meta name=\"robots\" content=\"index, follow, max-snippet:-1, max-image-preview:large, max-video-preview:-1\" \/>\n<link rel=\"canonical\" href=\"https:\/\/retrohifi.pl\/produkt\/amplitunery-vintage\/amplituner-vintage-sansui-qr-6500\/\" \/>\n<meta property=\"og:locale\" content=\"en_US\" \/>\n<meta property=\"og:type\" content=\"article\" \/>\n<meta property=\"og:title\" content=\"Amplituner Vintage Sansui QR 6500\" \/>\n<meta property=\"og:description\" content=\"Serwis sprz\u0119tu audio vintage: konserwacja, gramofony, wzmacniacze, kolumny. Odrestaurowane urz\u0105dzenia hi-fi, oryginalne cz\u0119\u015bci.\" \/>\n<meta property=\"og:url\" content=\"https:\/\/retrohifi.pl\/produkt\/amplitunery-vintage\/amplituner-vintage-sansui-qr-6500\/\" \/>\n<meta property=\"og:site_name\" content=\"RetroHiFi - Vintage Audio, Serwis Amplituner\u00f3w\" \/>\n<meta property=\"article:modified_time\" content=\"2024-12-11T13:10:59+00:00\" \/>\n<meta property=\"og:image\" content=\"https:\/\/retrohifi.pl\/wp-content\/uploads\/2024\/11\/amplituner-vintage-sansui-qr-6500.jpg\" \/>\n\t<meta property=\"og:image:width\" content=\"1000\" \/>\n\t<meta property=\"og:image:height\" content=\"1300\" \/>\n\t<meta property=\"og:image:type\" content=\"image\/jpeg\" \/>\n<meta name=\"twitter:card\" content=\"summary_large_image\" \/>\n<meta name=\"twitter:label1\" content=\"Price\" \/>\n\t<meta name=\"twitter:data1\" content=\"1 440.00&euro;\" \/>\n\t<meta name=\"twitter:label2\" content=\"Availability\" \/>\n\t<meta name=\"twitter:data2\" content=\"On backorder\" \/>\n<script type=\"application\/ld+json\" class=\"yoast-schema-graph\">{\"@context\":\"https:\/\/schema.org\",\"@graph\":[{\"@type\":\"WebPage\",\"@id\":\"https:\/\/retrohifi.pl\/produkt\/amplitunery-vintage\/amplituner-vintage-sansui-qr-6500\/\",\"url\":\"https:\/\/retrohifi.pl\/produkt\/amplitunery-vintage\/amplituner-vintage-sansui-qr-6500\/\",\"name\":\"Amplituner Vintage Sansui QR 6500 - RetroHiFi - Vintage Audio, Serwis Amplituner\u00f3w\",\"isPartOf\":{\"@id\":\"https:\/\/retrohifi.pl\/#website\"},\"primaryImageOfPage\":{\"@id\":\"https:\/\/retrohifi.pl\/produkt\/amplitunery-vintage\/amplituner-vintage-sansui-qr-6500\/#primaryimage\"},\"image\":{\"@id\":\"https:\/\/retrohifi.pl\/produkt\/amplitunery-vintage\/amplituner-vintage-sansui-qr-6500\/#primaryimage\"},\"thumbnailUrl\":\"https:\/\/retrohifi.pl\/wp-content\/uploads\/2024\/11\/amplituner-vintage-sansui-qr-6500.jpg\",\"datePublished\":\"2024-11-21T13:10:17+00:00\",\"dateModified\":\"2024-12-11T13:10:59+00:00\",\"description\":\"Sansui QR-6500 to klasyczny amplituner kwadrofoniczny z doskona\u0142ym brzmieniem, solidnym wykonaniem i ponadczasowym designem, idealny dla audiofil\u00f3w.\",\"breadcrumb\":{\"@id\":\"https:\/\/retrohifi.pl\/produkt\/amplitunery-vintage\/amplituner-vintage-sansui-qr-6500\/#breadcrumb\"},\"inLanguage\":\"en-US\",\"potentialAction\":[{\"@type\":\"ReadAction\",\"target\":[\"https:\/\/retrohifi.pl\/produkt\/amplitunery-vintage\/amplituner-vintage-sansui-qr-6500\/\"]}]},{\"@type\":\"ImageObject\",\"inLanguage\":\"en-US\",\"@id\":\"https:\/\/retrohifi.pl\/produkt\/amplitunery-vintage\/amplituner-vintage-sansui-qr-6500\/#primaryimage\",\"url\":\"https:\/\/retrohifi.pl\/wp-content\/uploads\/2024\/11\/amplituner-vintage-sansui-qr-6500.jpg\",\"contentUrl\":\"https:\/\/retrohifi.pl\/wp-content\/uploads\/2024\/11\/amplituner-vintage-sansui-qr-6500.jpg\",\"width\":1000,\"height\":1300,\"caption\":\"amplituner-vintage-sansui-qr-6500\"},{\"@type\":\"BreadcrumbList\",\"@id\":\"https:\/\/retrohifi.pl\/produkt\/amplitunery-vintage\/amplituner-vintage-sansui-qr-6500\/#breadcrumb\",\"itemListElement\":[{\"@type\":\"ListItem\",\"position\":1,\"name\":\"Strona g\u0142\u00f3wna\",\"item\":\"https:\/\/retrohifi.pl\/en\/3875-2\/\"},{\"@type\":\"ListItem\",\"position\":2,\"name\":\"Shop\",\"item\":\"https:\/\/retrohifi.pl\/en\/shop\/\"},{\"@type\":\"ListItem\",\"position\":3,\"name\":\"Amplituner Vintage Sansui QR 6500\"}]},{\"@type\":\"WebSite\",\"@id\":\"https:\/\/retrohifi.pl\/#website\",\"url\":\"https:\/\/retrohifi.pl\/\",\"name\":\"RetroHiFi - Vintage Audio, Serwis Amplituner\u00f3w\",\"description\":\"Vintage Audio - Pioneer, Sansui, Technics, Rotel, Luxman, Dual, Kenwood, Infinity, Marantz, Onkyo, Sony, Yamaha, Accuphase.\",\"publisher\":{\"@id\":\"https:\/\/retrohifi.pl\/#organization\"},\"potentialAction\":[{\"@type\":\"SearchAction\",\"target\":{\"@type\":\"EntryPoint\",\"urlTemplate\":\"https:\/\/retrohifi.pl\/?s={search_term_string}\"},\"query-input\":{\"@type\":\"PropertyValueSpecification\",\"valueRequired\":true,\"valueName\":\"search_term_string\"}}],\"inLanguage\":\"en-US\"},{\"@type\":\"Organization\",\"@id\":\"https:\/\/retrohifi.pl\/#organization\",\"name\":\"RetroHiFi - Vintage Audio, Serwis Amplituner\u00f3w\",\"alternateName\":\"RetroHiFi - Vintage Audio, Serwis Amplituner\u00f3w\",\"url\":\"https:\/\/retrohifi.pl\/\",\"logo\":{\"@type\":\"ImageObject\",\"inLanguage\":\"en-US\",\"@id\":\"https:\/\/retrohifi.pl\/#\/schema\/logo\/image\/\",\"url\":\"https:\/\/retrohifi.pl\/wp-content\/uploads\/2024\/11\/cropped-logo2male-2.png\",\"contentUrl\":\"https:\/\/retrohifi.pl\/wp-content\/uploads\/2024\/11\/cropped-logo2male-2.png\",\"width\":1000,\"height\":304,\"caption\":\"RetroHiFi - Vintage Audio, Serwis Amplituner\u00f3w\"},\"image\":{\"@id\":\"https:\/\/retrohifi.pl\/#\/schema\/logo\/image\/\"},\"sameAs\":[\"https:\/\/www.instagram.com\/retrohifi_pl\/\"],\"publishingPrinciples\":\"https:\/\/retrohifi.pl\/o-nas\/\",\"ownershipFundingInfo\":\"https:\/\/retrohifi.pl\/polityka-prywatnosci\/\",\"actionableFeedbackPolicy\":\"https:\/\/retrohifi.pl\/polityka-prywatnosci\/\"}]}<\/script>\n<meta property=\"product:price:amount\" content=\"1440.00\" \/>\n<meta property=\"product:price:currency\" content=\"EUR\" \/>\n<meta property=\"og:availability\" content=\"backorder\" \/>\n<meta property=\"product:availability\" content=\"available for order\" \/>\n<meta property=\"product:condition\" content=\"new\" \/>\n<!-- \/ Yoast SEO Premium plugin. -->","yoast_head_json":{"title":"Amplituner Vintage Sansui QR 6500 - RetroHiFi - Vintage Audio, Serwis Amplituner\u00f3w","description":"Sansui QR-6500 to klasyczny amplituner kwadrofoniczny z doskona\u0142ym brzmieniem, solidnym wykonaniem i ponadczasowym designem, idealny dla audiofil\u00f3w.","robots":{"index":"index","follow":"follow","max-snippet":"max-snippet:-1","max-image-preview":"max-image-preview:large","max-video-preview":"max-video-preview:-1"},"canonical":"https:\/\/retrohifi.pl\/produkt\/amplitunery-vintage\/amplituner-vintage-sansui-qr-6500\/","og_locale":"en_US","og_type":"article","og_title":"Amplituner Vintage Sansui QR 6500","og_description":"Serwis sprz\u0119tu audio vintage: konserwacja, gramofony, wzmacniacze, kolumny. Odrestaurowane urz\u0105dzenia hi-fi, oryginalne cz\u0119\u015bci.","og_url":"https:\/\/retrohifi.pl\/produkt\/amplitunery-vintage\/amplituner-vintage-sansui-qr-6500\/","og_site_name":"RetroHiFi - Vintage Audio, Serwis Amplituner\u00f3w","article_modified_time":"2024-12-11T13:10:59+00:00","og_image":[{"width":1000,"height":1300,"url":"https:\/\/retrohifi.pl\/wp-content\/uploads\/2024\/11\/amplituner-vintage-sansui-qr-6500.jpg","type":"image\/jpeg"}],"twitter_card":"summary_large_image","twitter_misc":{"Price":"1 440.00&euro;","Availability":"On backorder"},"schema":{"@context":"https:\/\/schema.org","@graph":[{"@type":"WebPage","@id":"https:\/\/retrohifi.pl\/produkt\/amplitunery-vintage\/amplituner-vintage-sansui-qr-6500\/","url":"https:\/\/retrohifi.pl\/produkt\/amplitunery-vintage\/amplituner-vintage-sansui-qr-6500\/","name":"Amplituner Vintage Sansui QR 6500 - RetroHiFi - Vintage Audio, Serwis Amplituner\u00f3w","isPartOf":{"@id":"https:\/\/retrohifi.pl\/#website"},"primaryImageOfPage":{"@id":"https:\/\/retrohifi.pl\/produkt\/amplitunery-vintage\/amplituner-vintage-sansui-qr-6500\/#primaryimage"},"image":{"@id":"https:\/\/retrohifi.pl\/produkt\/amplitunery-vintage\/amplituner-vintage-sansui-qr-6500\/#primaryimage"},"thumbnailUrl":"https:\/\/retrohifi.pl\/wp-content\/uploads\/2024\/11\/amplituner-vintage-sansui-qr-6500.jpg","datePublished":"2024-11-21T13:10:17+00:00","dateModified":"2024-12-11T13:10:59+00:00","description":"Sansui QR-6500 to klasyczny amplituner kwadrofoniczny z doskona\u0142ym brzmieniem, solidnym wykonaniem i ponadczasowym designem, idealny dla audiofil\u00f3w.","breadcrumb":{"@id":"https:\/\/retrohifi.pl\/produkt\/amplitunery-vintage\/amplituner-vintage-sansui-qr-6500\/#breadcrumb"},"inLanguage":"en-US","potentialAction":[{"@type":"ReadAction","target":["https:\/\/retrohifi.pl\/produkt\/amplitunery-vintage\/amplituner-vintage-sansui-qr-6500\/"]}]},{"@type":"ImageObject","inLanguage":"en-US","@id":"https:\/\/retrohifi.pl\/produkt\/amplitunery-vintage\/amplituner-vintage-sansui-qr-6500\/#primaryimage","url":"https:\/\/retrohifi.pl\/wp-content\/uploads\/2024\/11\/amplituner-vintage-sansui-qr-6500.jpg","contentUrl":"https:\/\/retrohifi.pl\/wp-content\/uploads\/2024\/11\/amplituner-vintage-sansui-qr-6500.jpg","width":1000,"height":1300,"caption":"amplituner-vintage-sansui-qr-6500"},{"@type":"BreadcrumbList","@id":"https:\/\/retrohifi.pl\/produkt\/amplitunery-vintage\/amplituner-vintage-sansui-qr-6500\/#breadcrumb","itemListElement":[{"@type":"ListItem","position":1,"name":"Strona g\u0142\u00f3wna","item":"https:\/\/retrohifi.pl\/en\/3875-2\/"},{"@type":"ListItem","position":2,"name":"Shop","item":"https:\/\/retrohifi.pl\/en\/shop\/"},{"@type":"ListItem","position":3,"name":"Amplituner Vintage Sansui QR 6500"}]},{"@type":"WebSite","@id":"https:\/\/retrohifi.pl\/#website","url":"https:\/\/retrohifi.pl\/","name":"RetroHiFi - Vintage Audio, Serwis Amplituner\u00f3w","description":"Vintage Audio - Pioneer, Sansui, Technics, Rotel, Luxman, Dual, Kenwood, Infinity, Marantz, Onkyo, Sony, Yamaha, Accuphase.","publisher":{"@id":"https:\/\/retrohifi.pl\/#organization"},"potentialAction":[{"@type":"SearchAction","target":{"@type":"EntryPoint","urlTemplate":"https:\/\/retrohifi.pl\/?s={search_term_string}"},"query-input":{"@type":"PropertyValueSpecification","valueRequired":true,"valueName":"search_term_string"}}],"inLanguage":"en-US"},{"@type":"Organization","@id":"https:\/\/retrohifi.pl\/#organization","name":"RetroHiFi - Vintage Audio, Serwis Amplituner\u00f3w","alternateName":"RetroHiFi - Vintage Audio, Serwis Amplituner\u00f3w","url":"https:\/\/retrohifi.pl\/","logo":{"@type":"ImageObject","inLanguage":"en-US","@id":"https:\/\/retrohifi.pl\/#\/schema\/logo\/image\/","url":"https:\/\/retrohifi.pl\/wp-content\/uploads\/2024\/11\/cropped-logo2male-2.png","contentUrl":"https:\/\/retrohifi.pl\/wp-content\/uploads\/2024\/11\/cropped-logo2male-2.png","width":1000,"height":304,"caption":"RetroHiFi - Vintage Audio, Serwis Amplituner\u00f3w"},"image":{"@id":"https:\/\/retrohifi.pl\/#\/schema\/logo\/image\/"},"sameAs":["https:\/\/www.instagram.com\/retrohifi_pl\/"],"publishingPrinciples":"https:\/\/retrohifi.pl\/o-nas\/","ownershipFundingInfo":"https:\/\/retrohifi.pl\/polityka-prywatnosci\/","actionableFeedbackPolicy":"https:\/\/retrohifi.pl\/polityka-prywatnosci\/"}]},"product_price_amount":"1440.00","product_price_currency":"EUR","og_availability":"backorder","product_availability":"available for order","product_condition":"new"},"jetpack_sharing_enabled":true,"_links":{"self":[{"href":"https:\/\/retrohifi.pl\/en\/wp-json\/wp\/v2\/product\/349","targetHints":{"allow":["GET"]}}],"collection":[{"href":"https:\/\/retrohifi.pl\/en\/wp-json\/wp\/v2\/product"}],"about":[{"href":"https:\/\/retrohifi.pl\/en\/wp-json\/wp\/v2\/types\/product"}],"replies":[{"embeddable":true,"href":"https:\/\/retrohifi.pl\/en\/wp-json\/wp\/v2\/comments?post=349"}],"wp:featuredmedia":[{"embeddable":true,"href":"https:\/\/retrohifi.pl\/en\/wp-json\/wp\/v2\/media\/2198"}],"wp:attachment":[{"href":"https:\/\/retrohifi.pl\/en\/wp-json\/wp\/v2\/media?parent=349"}],"wp:term":[{"taxonomy":"product_brand","embeddable":true,"href":"https:\/\/retrohifi.pl\/en\/wp-json\/wp\/v2\/product_brand?post=349"},{"taxonomy":"product_cat","embeddable":true,"href":"https:\/\/retrohifi.pl\/en\/wp-json\/wp\/v2\/product_cat?post=349"},{"taxonomy":"product_tag","embeddable":true,"href":"https:\/\/retrohifi.pl\/en\/wp-json\/wp\/v2\/product_tag?post=349"}],"curies":[{"name":"wp","href":"https:\/\/api.w.org\/{rel}","templated":true}]}}