{"id":350,"date":"2024-11-21T13:10:17","date_gmt":"2024-11-21T13:10:17","guid":{"rendered":"http:\/\/fnpttuu.cluster027.hosting.ovh.net\/Retro\/produkt\/red-floral-short-dress\/"},"modified":"2025-01-27T08:51:21","modified_gmt":"2025-01-27T08:51:21","slug":"amplituner-vintage-onkyo-tx-2500-mkii","status":"publish","type":"product","link":"https:\/\/retrohifi.pl\/en\/product\/amplifier-vintage-en\/amplituner-vintage-onkyo-tx-2500-mkii\/","title":{"rendered":"Onkyo TX 2500 MKII &#8211; Amplituner Vintage"},"content":{"rendered":"<h6>ONKYO<\/h6>\n<p>to renomowany producent sprz\u0119tu audio, utrzymuj\u0105cy si\u0119 w czo\u0142\u00f3wce pod wzgl\u0119dem jako\u015bci jak i wysokich cen. Amplituner wyprodukowany by\u0142 w Japonii. Gra bardzo czysto i dynamicznie, a ju\u017c przy ma\u0142ych mocach potrafi poda\u0107 bardzo mocne niskie tony. Jako\u015b\u0107 d\u017awi\u0119ku zdecydowanie ponadprzeci\u0119tna.<\/p>\n<p>Tuner jest bardzo wyrafinowano konstrukcja, gdzie zastosowano najbardziej zaawansowane analogowe mechanizmy strojenia tunera i utrzymywania cz\u0119stotliwo\u015bci. Jest bardzo czu\u0142y, wystarczy antena pokojowa lub kabel aby odbiera\u0107 wszystkie stacje w zasi\u0119gu w stereo. Wskaznik mocy sygna\u0142u oraz\u00a0 dostrojenia umo\u017cliwia takie ustawienie tunera, aby d\u017awi\u0119k by\u0142 idealny. Posiada wiele opcji ustawienia brzmienia.<\/p>\n<p>Amplituner jest rarytasem dla audiofilii ceni\u0105cych bezkompromisowe brzmienie wzmacniaczy z ery ich najwi\u0119kszego rozwoju. Ma klasyczny wygl\u0105d, ale parametry przebijaj\u0105ce nadal wi\u0119kszo\u015b\u0107 dost\u0119pnych na rynku konstrukcji. Dwa wej\u015bcia Tape pozwalaj\u0105 pod\u0142\u0105czy\u0107 CD, DVD lub komputer oraz gramofon przez wej\u015bcie Phono uzyskuj\u0105c kompletny zestaw stereo.<\/p>\n<p>Jest pi\u0119knie pod\u015bwietlony, co jeszcze bardziej uprzyjemnia s\u0142uchanie muzyki wieczorami.<\/p>\n<p>Jest to sprz\u0119t, kt\u00f3ry ma ju\u017c swoje lata a jest w stanie bardzo dobrym. Utrzymany w takim stanie b\u0119dzie ju\u017c tylko przybiera\u0142 na warto\u015bci z roku na rok.<\/p>\n<p>Strojenie i s\u0142uchanie tego amplitunera to czysta przyjemno\u015b\u0107.<\/p>\n<h6>Najwa\u017cniejsze parametry:<\/h6>\n<p>Moc dynamiczna przy obci\u0105\u017ceniu dw\u00f3ch kana\u0142\u00f3w: 2\u00d7120 Wat<\/p>\n<p>Zniekszta\u0142cenia przy pe\u0142nym wysterowaniu 0,5%, oraz 0,2% przy mocy 1 Wat<\/p>\n<p>Wsp\u00f3\u0142czynnik narastania: 40 (8 Ohm, 1 kHz, 10 W)<\/p>\n<p>Pasmo przenoszenia: 20Hz \u2013 30kHz (2Hz \u2013 60kHz przy +-1dB)<\/p>\n<p>Regulacja niskich ton\u00f3w +-12dB przy 100Hz i wysokich +-10dB przy 10kHz<\/p>\n<p>Tuner FM : 87,5-108MHz<\/p>\n<p>Tuner AM: 530-1.605kHz<\/p>\n<p>Pob\u00f3r pr\u0105du 360 Wat<\/p>\n<p>Mo\u017cna pod\u0142\u0105czy\u0107 dwie pary kolumn 4-8 Ohm.<\/p>\n<p>Wej\u015bcia TAPE1, TAPE2, PHONO<\/p>\n<p>Wyj\u015bcie na s\u0142uchawki<\/p>\n<p>Wska\u017anik wystrojenia i poziomu sygna\u0142u<\/p>\n<p>Automatyczne utrzymywanie cz\u0119stotliwo\u015bci<\/p>\n","protected":false},"excerpt":{"rendered":"<p>ONKYO to renomowany producent sprz\u0119tu audio, utrzymuj\u0105cy si\u0119 w czo\u0142\u00f3wce pod wzgl\u0119dem jako\u015bci jak i wysokich cen. Amplituner wyprodukowany by\u0142 w Japonii. Gra bardzo czysto i dynamicznie, a ju\u017c przy ma\u0142ych mocach potrafi poda\u0107 bardzo mocne niskie tony. Jako\u015b\u0107 d\u017awi\u0119ku zdecydowanie ponadprzeci\u0119tna.<\/p>\n","protected":false},"featured_media":2187,"comment_status":"open","ping_status":"closed","template":"","meta":{"site-sidebar-layout":"default","site-content-layout":"default","ast-site-content-layout":"default","site-content-style":"default","site-sidebar-style":"default","ast-global-header-display":"","ast-banner-title-visibility":"","ast-main-header-display":"","ast-hfb-above-header-display":"","ast-hfb-below-header-display":"","ast-hfb-mobile-header-display":"","site-post-title":"","ast-breadcrumbs-content":"","ast-featured-img":"","footer-sml-layout":"","ast-disable-related-posts":"","theme-transparent-header-meta":"default","adv-header-id-meta":"","stick-header-meta":"default","header-above-stick-meta":"","header-main-stick-meta":"","header-below-stick-meta":"","astra-migrate-meta-layouts":"set","ast-page-background-enabled":"default","ast-page-background-meta":{"desktop":{"background-color":"","background-image":"","background-repeat":"repeat","background-position":"center center","background-size":"auto","background-attachment":"scroll","background-type":"","background-media":"","overlay-type":"","overlay-color":"","overlay-opacity":"","overlay-gradient":""},"tablet":{"background-color":"","background-image":"","background-repeat":"repeat","background-position":"center center","background-size":"auto","background-attachment":"scroll","background-type":"","background-media":"","overlay-type":"","overlay-color":"","overlay-opacity":"","overlay-gradient":""},"mobile":{"background-color":"","background-image":"","background-repeat":"repeat","background-position":"center center","background-size":"auto","background-attachment":"scroll","background-type":"","background-media":"","overlay-type":"","overlay-color":"","overlay-opacity":"","overlay-gradient":""}},"ast-content-background-meta":{"desktop":{"background-color":"var(--ast-global-color-5)","background-image":"","background-repeat":"repeat","background-position":"center center","background-size":"auto","background-attachment":"scroll","background-type":"","background-media":"","overlay-type":"","overlay-color":"","overlay-opacity":"","overlay-gradient":""},"tablet":{"background-color":"var(--ast-global-color-5)","background-image":"","background-repeat":"repeat","background-position":"center center","background-size":"auto","background-attachment":"scroll","background-type":"","background-media":"","overlay-type":"","overlay-color":"","overlay-opacity":"","overlay-gradient":""},"mobile":{"background-color":"var(--ast-global-color-5)","background-image":"","background-repeat":"repeat","background-position":"center center","background-size":"auto","background-attachment":"scroll","background-type":"","background-media":"","overlay-type":"","overlay-color":"","overlay-opacity":"","overlay-gradient":""}}},"product_brand":[],"product_cat":[35],"product_tag":[49,48,123,124,70,118,86,87,88,95,96,97,98],"class_list":{"0":"post-350","1":"product","2":"type-product","3":"status-publish","4":"has-post-thumbnail","6":"product_cat-amplitunery-vintage","7":"product_tag-amplituner-vintage","8":"product_tag-audio-vintage","9":"product_tag-onkyo","10":"product_tag-onkyo-tx-2500-mkii","11":"product_tag-retrohifi","12":"product_tag-serwis-audio-vintage","13":"product_tag-sprzet-audio","14":"product_tag-sprzet-audio-po-renowacji","15":"product_tag-sprzet-audio-vintage","16":"product_tag-sprzet-muzyczny-vintage","17":"product_tag-wzmacniacz-hi-fi-stereo-vintage","18":"product_tag-wzmacniacz-stereo-vintage","19":"product_tag-wzmacniacz-vintage","20":"desktop-align-left","21":"tablet-align-left","22":"mobile-align-left","23":"ast-product-gallery-layout-horizontal-slider","24":"ast-product-tabs-layout-horizontal","26":"first","27":"outofstock","28":"sold-individually","29":"shipping-taxable","30":"purchasable","31":"product-type-simple"},"yoast_head":"<!-- This site is optimized with the Yoast SEO Premium plugin v24.6 (Yoast SEO v24.7) - https:\/\/yoast.com\/wordpress\/plugins\/seo\/ -->\n<title>Onkyo TX 2500 MKII - Amplituner Vintage - RetroHiFi - Vintage Audio, Serwis Amplituner\u00f3w<\/title>\n<meta name=\"description\" content=\"Onkyo TX-2500 MKII to klasyczny amplituner z ciep\u0142ym, analogowym brzmieniem, solidn\u0105 konstrukcj\u0105 i stylowym designem, idealny dla audiofil\u00f3w.\" \/>\n<meta name=\"robots\" content=\"index, follow, max-snippet:-1, max-image-preview:large, max-video-preview:-1\" \/>\n<link rel=\"canonical\" href=\"https:\/\/retrohifi.pl\/produkt\/amplitunery-vintage\/amplituner-vintage-onkyo-tx-2500-mkii\/\" \/>\n<meta property=\"og:locale\" content=\"en_US\" \/>\n<meta property=\"og:type\" content=\"article\" \/>\n<meta property=\"og:title\" content=\"Onkyo TX 2500 MKII - Amplituner Vintage\" \/>\n<meta property=\"og:description\" content=\"Serwis sprz\u0119tu audio vintage: konserwacja, gramofony, wzmacniacze, kolumny. Odrestaurowane urz\u0105dzenia hi-fi, oryginalne cz\u0119\u015bci.\" \/>\n<meta property=\"og:url\" content=\"https:\/\/retrohifi.pl\/produkt\/amplitunery-vintage\/amplituner-vintage-onkyo-tx-2500-mkii\/\" \/>\n<meta property=\"og:site_name\" content=\"RetroHiFi - Vintage Audio, Serwis Amplituner\u00f3w\" \/>\n<meta property=\"article:modified_time\" content=\"2025-01-27T08:51:21+00:00\" \/>\n<meta property=\"og:image\" content=\"https:\/\/retrohifi.pl\/wp-content\/uploads\/2024\/11\/amlituner-onkyo-tx-2500-mk-ii.jpg\" \/>\n\t<meta property=\"og:image:width\" content=\"1000\" \/>\n\t<meta property=\"og:image:height\" content=\"1300\" \/>\n\t<meta property=\"og:image:type\" content=\"image\/jpeg\" \/>\n<meta name=\"twitter:card\" content=\"summary_large_image\" \/>\n<meta name=\"twitter:label1\" content=\"Price\" \/>\n\t<meta name=\"twitter:data1\" content=\"168.00&euro;\" \/>\n\t<meta name=\"twitter:label2\" content=\"Availability\" \/>\n\t<meta name=\"twitter:data2\" content=\"Out of stock\" \/>\n<script type=\"application\/ld+json\" class=\"yoast-schema-graph\">{\"@context\":\"https:\/\/schema.org\",\"@graph\":[{\"@type\":\"WebPage\",\"@id\":\"https:\/\/retrohifi.pl\/produkt\/amplitunery-vintage\/amplituner-vintage-onkyo-tx-2500-mkii\/\",\"url\":\"https:\/\/retrohifi.pl\/produkt\/amplitunery-vintage\/amplituner-vintage-onkyo-tx-2500-mkii\/\",\"name\":\"Onkyo TX 2500 MKII - Amplituner Vintage - RetroHiFi - Vintage Audio, Serwis Amplituner\u00f3w\",\"isPartOf\":{\"@id\":\"https:\/\/retrohifi.pl\/#website\"},\"primaryImageOfPage\":{\"@id\":\"https:\/\/retrohifi.pl\/produkt\/amplitunery-vintage\/amplituner-vintage-onkyo-tx-2500-mkii\/#primaryimage\"},\"image\":{\"@id\":\"https:\/\/retrohifi.pl\/produkt\/amplitunery-vintage\/amplituner-vintage-onkyo-tx-2500-mkii\/#primaryimage\"},\"thumbnailUrl\":\"https:\/\/retrohifi.pl\/wp-content\/uploads\/2024\/11\/amlituner-onkyo-tx-2500-mk-ii.jpg\",\"datePublished\":\"2024-11-21T13:10:17+00:00\",\"dateModified\":\"2025-01-27T08:51:21+00:00\",\"description\":\"Onkyo TX-2500 MKII to klasyczny amplituner z ciep\u0142ym, analogowym brzmieniem, solidn\u0105 konstrukcj\u0105 i stylowym designem, idealny dla audiofil\u00f3w.\",\"breadcrumb\":{\"@id\":\"https:\/\/retrohifi.pl\/produkt\/amplitunery-vintage\/amplituner-vintage-onkyo-tx-2500-mkii\/#breadcrumb\"},\"inLanguage\":\"en-US\",\"potentialAction\":[{\"@type\":\"ReadAction\",\"target\":[\"https:\/\/retrohifi.pl\/produkt\/amplitunery-vintage\/amplituner-vintage-onkyo-tx-2500-mkii\/\"]}]},{\"@type\":\"ImageObject\",\"inLanguage\":\"en-US\",\"@id\":\"https:\/\/retrohifi.pl\/produkt\/amplitunery-vintage\/amplituner-vintage-onkyo-tx-2500-mkii\/#primaryimage\",\"url\":\"https:\/\/retrohifi.pl\/wp-content\/uploads\/2024\/11\/amlituner-onkyo-tx-2500-mk-ii.jpg\",\"contentUrl\":\"https:\/\/retrohifi.pl\/wp-content\/uploads\/2024\/11\/amlituner-onkyo-tx-2500-mk-ii.jpg\",\"width\":1000,\"height\":1300,\"caption\":\"amlituner-onkyo-tx-2500-mk-ii\"},{\"@type\":\"BreadcrumbList\",\"@id\":\"https:\/\/retrohifi.pl\/produkt\/amplitunery-vintage\/amplituner-vintage-onkyo-tx-2500-mkii\/#breadcrumb\",\"itemListElement\":[{\"@type\":\"ListItem\",\"position\":1,\"name\":\"Strona g\u0142\u00f3wna\",\"item\":\"https:\/\/retrohifi.pl\/en\/3875-2\/\"},{\"@type\":\"ListItem\",\"position\":2,\"name\":\"Shop\",\"item\":\"https:\/\/retrohifi.pl\/en\/shop\/\"},{\"@type\":\"ListItem\",\"position\":3,\"name\":\"Onkyo TX 2500 MKII &#8211; Amplituner Vintage\"}]},{\"@type\":\"WebSite\",\"@id\":\"https:\/\/retrohifi.pl\/#website\",\"url\":\"https:\/\/retrohifi.pl\/\",\"name\":\"RetroHiFi - Vintage Audio, Serwis Amplituner\u00f3w\",\"description\":\"Vintage Audio - Pioneer, Sansui, Technics, Rotel, Luxman, Dual, Kenwood, Infinity, Marantz, Onkyo, Sony, Yamaha, Accuphase.\",\"publisher\":{\"@id\":\"https:\/\/retrohifi.pl\/#organization\"},\"potentialAction\":[{\"@type\":\"SearchAction\",\"target\":{\"@type\":\"EntryPoint\",\"urlTemplate\":\"https:\/\/retrohifi.pl\/?s={search_term_string}\"},\"query-input\":{\"@type\":\"PropertyValueSpecification\",\"valueRequired\":true,\"valueName\":\"search_term_string\"}}],\"inLanguage\":\"en-US\"},{\"@type\":\"Organization\",\"@id\":\"https:\/\/retrohifi.pl\/#organization\",\"name\":\"RetroHiFi - Vintage Audio, Serwis Amplituner\u00f3w\",\"alternateName\":\"RetroHiFi - Vintage Audio, Serwis Amplituner\u00f3w\",\"url\":\"https:\/\/retrohifi.pl\/\",\"logo\":{\"@type\":\"ImageObject\",\"inLanguage\":\"en-US\",\"@id\":\"https:\/\/retrohifi.pl\/#\/schema\/logo\/image\/\",\"url\":\"https:\/\/retrohifi.pl\/wp-content\/uploads\/2024\/11\/cropped-logo2male-2.png\",\"contentUrl\":\"https:\/\/retrohifi.pl\/wp-content\/uploads\/2024\/11\/cropped-logo2male-2.png\",\"width\":1000,\"height\":304,\"caption\":\"RetroHiFi - Vintage Audio, Serwis Amplituner\u00f3w\"},\"image\":{\"@id\":\"https:\/\/retrohifi.pl\/#\/schema\/logo\/image\/\"},\"sameAs\":[\"https:\/\/www.instagram.com\/retrohifi_pl\/\"],\"publishingPrinciples\":\"https:\/\/retrohifi.pl\/o-nas\/\",\"ownershipFundingInfo\":\"https:\/\/retrohifi.pl\/polityka-prywatnosci\/\",\"actionableFeedbackPolicy\":\"https:\/\/retrohifi.pl\/polityka-prywatnosci\/\"}]}<\/script>\n<meta property=\"product:price:amount\" content=\"168.00\" \/>\n<meta property=\"product:price:currency\" content=\"EUR\" \/>\n<meta property=\"og:availability\" content=\"out of stock\" \/>\n<meta property=\"product:availability\" content=\"out of stock\" \/>\n<meta property=\"product:condition\" content=\"new\" \/>\n<!-- \/ Yoast SEO Premium plugin. -->","yoast_head_json":{"title":"Onkyo TX 2500 MKII - Amplituner Vintage - RetroHiFi - Vintage Audio, Serwis Amplituner\u00f3w","description":"Onkyo TX-2500 MKII to klasyczny amplituner z ciep\u0142ym, analogowym brzmieniem, solidn\u0105 konstrukcj\u0105 i stylowym designem, idealny dla audiofil\u00f3w.","robots":{"index":"index","follow":"follow","max-snippet":"max-snippet:-1","max-image-preview":"max-image-preview:large","max-video-preview":"max-video-preview:-1"},"canonical":"https:\/\/retrohifi.pl\/produkt\/amplitunery-vintage\/amplituner-vintage-onkyo-tx-2500-mkii\/","og_locale":"en_US","og_type":"article","og_title":"Onkyo TX 2500 MKII - Amplituner Vintage","og_description":"Serwis sprz\u0119tu audio vintage: konserwacja, gramofony, wzmacniacze, kolumny. Odrestaurowane urz\u0105dzenia hi-fi, oryginalne cz\u0119\u015bci.","og_url":"https:\/\/retrohifi.pl\/produkt\/amplitunery-vintage\/amplituner-vintage-onkyo-tx-2500-mkii\/","og_site_name":"RetroHiFi - Vintage Audio, Serwis Amplituner\u00f3w","article_modified_time":"2025-01-27T08:51:21+00:00","og_image":[{"width":1000,"height":1300,"url":"https:\/\/retrohifi.pl\/wp-content\/uploads\/2024\/11\/amlituner-onkyo-tx-2500-mk-ii.jpg","type":"image\/jpeg"}],"twitter_card":"summary_large_image","twitter_misc":{"Price":"168.00&euro;","Availability":"Out of stock"},"schema":{"@context":"https:\/\/schema.org","@graph":[{"@type":"WebPage","@id":"https:\/\/retrohifi.pl\/produkt\/amplitunery-vintage\/amplituner-vintage-onkyo-tx-2500-mkii\/","url":"https:\/\/retrohifi.pl\/produkt\/amplitunery-vintage\/amplituner-vintage-onkyo-tx-2500-mkii\/","name":"Onkyo TX 2500 MKII - Amplituner Vintage - RetroHiFi - Vintage Audio, Serwis Amplituner\u00f3w","isPartOf":{"@id":"https:\/\/retrohifi.pl\/#website"},"primaryImageOfPage":{"@id":"https:\/\/retrohifi.pl\/produkt\/amplitunery-vintage\/amplituner-vintage-onkyo-tx-2500-mkii\/#primaryimage"},"image":{"@id":"https:\/\/retrohifi.pl\/produkt\/amplitunery-vintage\/amplituner-vintage-onkyo-tx-2500-mkii\/#primaryimage"},"thumbnailUrl":"https:\/\/retrohifi.pl\/wp-content\/uploads\/2024\/11\/amlituner-onkyo-tx-2500-mk-ii.jpg","datePublished":"2024-11-21T13:10:17+00:00","dateModified":"2025-01-27T08:51:21+00:00","description":"Onkyo TX-2500 MKII to klasyczny amplituner z ciep\u0142ym, analogowym brzmieniem, solidn\u0105 konstrukcj\u0105 i stylowym designem, idealny dla audiofil\u00f3w.","breadcrumb":{"@id":"https:\/\/retrohifi.pl\/produkt\/amplitunery-vintage\/amplituner-vintage-onkyo-tx-2500-mkii\/#breadcrumb"},"inLanguage":"en-US","potentialAction":[{"@type":"ReadAction","target":["https:\/\/retrohifi.pl\/produkt\/amplitunery-vintage\/amplituner-vintage-onkyo-tx-2500-mkii\/"]}]},{"@type":"ImageObject","inLanguage":"en-US","@id":"https:\/\/retrohifi.pl\/produkt\/amplitunery-vintage\/amplituner-vintage-onkyo-tx-2500-mkii\/#primaryimage","url":"https:\/\/retrohifi.pl\/wp-content\/uploads\/2024\/11\/amlituner-onkyo-tx-2500-mk-ii.jpg","contentUrl":"https:\/\/retrohifi.pl\/wp-content\/uploads\/2024\/11\/amlituner-onkyo-tx-2500-mk-ii.jpg","width":1000,"height":1300,"caption":"amlituner-onkyo-tx-2500-mk-ii"},{"@type":"BreadcrumbList","@id":"https:\/\/retrohifi.pl\/produkt\/amplitunery-vintage\/amplituner-vintage-onkyo-tx-2500-mkii\/#breadcrumb","itemListElement":[{"@type":"ListItem","position":1,"name":"Strona g\u0142\u00f3wna","item":"https:\/\/retrohifi.pl\/en\/3875-2\/"},{"@type":"ListItem","position":2,"name":"Shop","item":"https:\/\/retrohifi.pl\/en\/shop\/"},{"@type":"ListItem","position":3,"name":"Onkyo TX 2500 MKII &#8211; Amplituner Vintage"}]},{"@type":"WebSite","@id":"https:\/\/retrohifi.pl\/#website","url":"https:\/\/retrohifi.pl\/","name":"RetroHiFi - Vintage Audio, Serwis Amplituner\u00f3w","description":"Vintage Audio - Pioneer, Sansui, Technics, Rotel, Luxman, Dual, Kenwood, Infinity, Marantz, Onkyo, Sony, Yamaha, Accuphase.","publisher":{"@id":"https:\/\/retrohifi.pl\/#organization"},"potentialAction":[{"@type":"SearchAction","target":{"@type":"EntryPoint","urlTemplate":"https:\/\/retrohifi.pl\/?s={search_term_string}"},"query-input":{"@type":"PropertyValueSpecification","valueRequired":true,"valueName":"search_term_string"}}],"inLanguage":"en-US"},{"@type":"Organization","@id":"https:\/\/retrohifi.pl\/#organization","name":"RetroHiFi - Vintage Audio, Serwis Amplituner\u00f3w","alternateName":"RetroHiFi - Vintage Audio, Serwis Amplituner\u00f3w","url":"https:\/\/retrohifi.pl\/","logo":{"@type":"ImageObject","inLanguage":"en-US","@id":"https:\/\/retrohifi.pl\/#\/schema\/logo\/image\/","url":"https:\/\/retrohifi.pl\/wp-content\/uploads\/2024\/11\/cropped-logo2male-2.png","contentUrl":"https:\/\/retrohifi.pl\/wp-content\/uploads\/2024\/11\/cropped-logo2male-2.png","width":1000,"height":304,"caption":"RetroHiFi - Vintage Audio, Serwis Amplituner\u00f3w"},"image":{"@id":"https:\/\/retrohifi.pl\/#\/schema\/logo\/image\/"},"sameAs":["https:\/\/www.instagram.com\/retrohifi_pl\/"],"publishingPrinciples":"https:\/\/retrohifi.pl\/o-nas\/","ownershipFundingInfo":"https:\/\/retrohifi.pl\/polityka-prywatnosci\/","actionableFeedbackPolicy":"https:\/\/retrohifi.pl\/polityka-prywatnosci\/"}]},"product_price_amount":"168.00","product_price_currency":"EUR","og_availability":"out of stock","product_availability":"out of stock","product_condition":"new"},"jetpack_sharing_enabled":true,"_links":{"self":[{"href":"https:\/\/retrohifi.pl\/en\/wp-json\/wp\/v2\/product\/350","targetHints":{"allow":["GET"]}}],"collection":[{"href":"https:\/\/retrohifi.pl\/en\/wp-json\/wp\/v2\/product"}],"about":[{"href":"https:\/\/retrohifi.pl\/en\/wp-json\/wp\/v2\/types\/product"}],"replies":[{"embeddable":true,"href":"https:\/\/retrohifi.pl\/en\/wp-json\/wp\/v2\/comments?post=350"}],"wp:featuredmedia":[{"embeddable":true,"href":"https:\/\/retrohifi.pl\/en\/wp-json\/wp\/v2\/media\/2187"}],"wp:attachment":[{"href":"https:\/\/retrohifi.pl\/en\/wp-json\/wp\/v2\/media?parent=350"}],"wp:term":[{"taxonomy":"product_brand","embeddable":true,"href":"https:\/\/retrohifi.pl\/en\/wp-json\/wp\/v2\/product_brand?post=350"},{"taxonomy":"product_cat","embeddable":true,"href":"https:\/\/retrohifi.pl\/en\/wp-json\/wp\/v2\/product_cat?post=350"},{"taxonomy":"product_tag","embeddable":true,"href":"https:\/\/retrohifi.pl\/en\/wp-json\/wp\/v2\/product_tag?post=350"}],"curies":[{"name":"wp","href":"https:\/\/api.w.org\/{rel}","templated":true}]}}