{"id":354,"date":"2024-11-21T13:10:17","date_gmt":"2024-11-21T13:10:17","guid":{"rendered":"http:\/\/fnpttuu.cluster027.hosting.ovh.net\/Retro\/produkt\/eline-short-dress-black\/"},"modified":"2025-02-06T10:39:54","modified_gmt":"2025-02-06T10:39:54","slug":"amplituner-vintage-kenwood-kr-7050-po-rewitalizacji","status":"publish","type":"product","link":"https:\/\/retrohifi.pl\/en\/product\/amplifier-vintage-en\/amplituner-vintage-kenwood-kr-7050-po-rewitalizacji\/","title":{"rendered":"Kenwood KR-7050 Amplituner Vintage &#8211; Po Rewitalizacji"},"content":{"rendered":"<p>Amplituner Kenwood KR-7050 zapewniaj\u0105 wyj\u0105tkow\u0105 reakcj\u0119 przej\u015bciow\u0105: szybko\u015b\u0107 narastania 200 wolt\u00f3w na mikrosekund\u0119, czas narastania 0,9 mikrosekundy.<\/p>\n<p>Sprz\u0119\u017cenie DC w ca\u0142ej sekcji wzmacniacza audio zapewnia p\u0142ask\u0105 charakterystyk\u0119 cz\u0119stotliwo\u015bciow\u0105, aby zapewni\u0107 doskona\u0142\u0105 odpowied\u017a fazow\u0105 w zakresie niskich cz\u0119stotliwo\u015bci ludzkiego s\u0142uchu.<\/p>\n<p>Zaawansowany korektor wykorzystuj\u0105cy tranzystory FET i pojedyncze wyj\u015bcie push-pull zapewnia precyzyjn\u0105 korekcj\u0119 gramofonow\u0105 i wysoki stosunek sygna\u0142u do szumu.<\/p>\n<p>Cztery pod\u015bwietlane mierniki zapewniaj\u0105 odczyt mocy szczytowej z obu kana\u0142\u00f3w stereo, si\u0142\u0119 sygna\u0142u anteny i strojenie kana\u0142u centralnego FM.<\/p>\n<p>Bardzo czu\u0142y prz\u00f3d jest wyposa\u017cony w dwubramkowe tranzystory MOS FET, kt\u00f3re chroni\u0105 przed skutkami przeci\u0105\u017cenia sygna\u0142u.<\/p>\n<p>Wyb\u00f3r szerokiego i w\u0105skiego pasma IF zapewnia doskona\u0142\u0105 wydajno\u015b\u0107 FM w trudnych warunkach odbioru.<\/p>\n<p>Obw\u00f3d t\u0142umienia sygna\u0142u pilota dla najlepszego d\u017awi\u0119ku o wysokiej cz\u0119stotliwo\u015bci z audycji stereofonicznych FM.<\/p>\n<p>Mo\u017cliwo\u015b\u0107 pracy z dwoma magnetofonami. Wygoda obs\u0142ugi dzi\u0119ki udogodnieniom dla: system\u00f3w z dwoma g\u0142o\u015bnikami, filtr\u00f3w subsonicznych i wysokich, wyciszania FM, regulacji g\u0142o\u015bno\u015bci, wyboru de-emphasis.<\/p>\n<p>&nbsp;<\/p>\n<p>SPECYFIKACJE<\/p>\n<p>Zakres strojenia: FM, MW<\/p>\n<p>Moc wyj\u015bciowa: 80 wat\u00f3w na kana\u0142 przy 8 \u03a9 (stereo)<\/p>\n<p>Pasmo przenoszenia: od 20 Hz do 20 kHz<\/p>\n<p>Ca\u0142kowite zniekszta\u0142cenie harmoniczne: 0,02%<\/p>\n<p>Wsp\u00f3\u0142czynnik t\u0142umienia: 100<\/p>\n<p>Czu\u0142o\u015b\u0107 wej\u015bciowa: 3,6 mV (mikrofon), 2,5 mV (MM), 200 mV (DIN), 200 mV (linia)<\/p>\n<p>Stosunek sygna\u0142u do szumu: 72dB (mikrofon), 85dB (MM), 108dB (DIN), 108dB (linia)<\/p>\n<p>Wyj\u015bcie: 200mV (linia), 30mV (DIN)<\/p>\n<p>Wymiary: 546x172x411mm<\/p>\n<p>Waga: 15 kg<\/p>\n<p>Rok: 1979<\/p>\n","protected":false},"excerpt":{"rendered":"<p>Kenwood KR-7050 Analogowy amplituner stereo, pod\u015bwietlane analogowe mierniki mocy, mn\u00f3stwo fajnych funkcji, w tym niez\u0142a sekcja phono\/gramofon. Pod\u015bwietlany analogowy miernik strojenia i si\u0142y sygna\u0142u. Amplituner po poe\u0142nej rwitalizacji.<\/p>\n","protected":false},"featured_media":2131,"comment_status":"open","ping_status":"closed","template":"","meta":{"site-sidebar-layout":"default","site-content-layout":"default","ast-site-content-layout":"default","site-content-style":"default","site-sidebar-style":"default","ast-global-header-display":"","ast-banner-title-visibility":"","ast-main-header-display":"","ast-hfb-above-header-display":"","ast-hfb-below-header-display":"","ast-hfb-mobile-header-display":"","site-post-title":"","ast-breadcrumbs-content":"","ast-featured-img":"","footer-sml-layout":"","ast-disable-related-posts":"","theme-transparent-header-meta":"default","adv-header-id-meta":"","stick-header-meta":"","header-above-stick-meta":"","header-main-stick-meta":"","header-below-stick-meta":"","astra-migrate-meta-layouts":"set","ast-page-background-enabled":"default","ast-page-background-meta":{"desktop":{"background-color":"","background-image":"","background-repeat":"repeat","background-position":"center center","background-size":"auto","background-attachment":"scroll","background-type":"","background-media":"","overlay-type":"","overlay-color":"","overlay-opacity":"","overlay-gradient":""},"tablet":{"background-color":"","background-image":"","background-repeat":"repeat","background-position":"center center","background-size":"auto","background-attachment":"scroll","background-type":"","background-media":"","overlay-type":"","overlay-color":"","overlay-opacity":"","overlay-gradient":""},"mobile":{"background-color":"","background-image":"","background-repeat":"repeat","background-position":"center center","background-size":"auto","background-attachment":"scroll","background-type":"","background-media":"","overlay-type":"","overlay-color":"","overlay-opacity":"","overlay-gradient":""}},"ast-content-background-meta":{"desktop":{"background-color":"var(--ast-global-color-5)","background-image":"","background-repeat":"repeat","background-position":"center center","background-size":"auto","background-attachment":"scroll","background-type":"","background-media":"","overlay-type":"","overlay-color":"","overlay-opacity":"","overlay-gradient":""},"tablet":{"background-color":"var(--ast-global-color-5)","background-image":"","background-repeat":"repeat","background-position":"center center","background-size":"auto","background-attachment":"scroll","background-type":"","background-media":"","overlay-type":"","overlay-color":"","overlay-opacity":"","overlay-gradient":""},"mobile":{"background-color":"var(--ast-global-color-5)","background-image":"","background-repeat":"repeat","background-position":"center center","background-size":"auto","background-attachment":"scroll","background-type":"","background-media":"","overlay-type":"","overlay-color":"","overlay-opacity":"","overlay-gradient":""}}},"product_brand":[481],"product_cat":[450],"product_tag":[49,115,70,483,466,68,97,98],"class_list":{"0":"post-354","1":"product","2":"type-product","3":"status-publish","4":"has-post-thumbnail","6":"product_brand-kenwood-en","7":"product_cat-amplifier-vintage-en","8":"product_tag-amplituner-vintage","9":"product_tag-kenwood-kr-7050","10":"product_tag-retrohifi","11":"product_tag-audio-equipment-after-renovation-en","12":"product_tag-vintage-audio-en","13":"product_tag-vintage-kenwood","14":"product_tag-wzmacniacz-stereo-vintage","15":"product_tag-wzmacniacz-vintage","16":"desktop-align-left","17":"tablet-align-left","18":"mobile-align-left","19":"ast-product-gallery-layout-horizontal-slider","20":"ast-product-tabs-layout-horizontal","22":"first","23":"outofstock","24":"sold-individually","25":"shipping-taxable","26":"purchasable","27":"product-type-simple"},"yoast_head":"<!-- This site is optimized with the Yoast SEO Premium plugin v24.6 (Yoast SEO v24.7) - https:\/\/yoast.com\/wordpress\/plugins\/seo\/ -->\n<title>Kenwood KR-7050 Amplituner Vintage - Po Rewitalizacji - RetroHiFi - Vintage Audio, Serwis Amplituner\u00f3w<\/title>\n<meta name=\"description\" content=\"Serwis sprz\u0119tu audio vintage: konserwacja, gramofony, wzmacniacze, kolumny. Odrestaurowane urz\u0105dzenia hi-fi, oryginalne cz\u0119\u015bci.\" \/>\n<meta name=\"robots\" content=\"index, follow, max-snippet:-1, max-image-preview:large, max-video-preview:-1\" \/>\n<link rel=\"canonical\" href=\"https:\/\/retrohifi.pl\/produkt\/amplitunery-vintage\/amplituner-vintage-kenwood-kr-7050-po-rewitalizacji\/\" \/>\n<meta property=\"og:locale\" content=\"en_US\" \/>\n<meta property=\"og:type\" content=\"article\" \/>\n<meta property=\"og:title\" content=\"Kenwood KR-7050 Amplituner Vintage - Po Rewitalizacji\" \/>\n<meta property=\"og:description\" content=\"Serwis sprz\u0119tu audio vintage: konserwacja, gramofony, wzmacniacze, kolumny. Odrestaurowane urz\u0105dzenia hi-fi, oryginalne cz\u0119\u015bci.\" \/>\n<meta property=\"og:url\" content=\"https:\/\/retrohifi.pl\/produkt\/amplitunery-vintage\/amplituner-vintage-kenwood-kr-7050-po-rewitalizacji\/\" \/>\n<meta property=\"og:site_name\" content=\"RetroHiFi - Vintage Audio, Serwis Amplituner\u00f3w\" \/>\n<meta property=\"article:modified_time\" content=\"2025-02-06T10:39:54+00:00\" \/>\n<meta property=\"og:image\" content=\"https:\/\/retrohifi.pl\/wp-content\/uploads\/2024\/11\/amplituner-vintage-kenwood-kr-7050-po-rewitalizacji.jpg\" \/>\n\t<meta property=\"og:image:width\" content=\"1000\" \/>\n\t<meta property=\"og:image:height\" content=\"1300\" \/>\n\t<meta property=\"og:image:type\" content=\"image\/jpeg\" \/>\n<meta name=\"twitter:card\" content=\"summary_large_image\" \/>\n<meta name=\"twitter:label1\" content=\"Price\" \/>\n\t<meta name=\"twitter:data1\" content=\"720.00&euro;\" \/>\n\t<meta name=\"twitter:label2\" content=\"Availability\" \/>\n\t<meta name=\"twitter:data2\" content=\"Out of stock\" \/>\n<script type=\"application\/ld+json\" class=\"yoast-schema-graph\">{\"@context\":\"https:\/\/schema.org\",\"@graph\":[{\"@type\":\"WebPage\",\"@id\":\"https:\/\/retrohifi.pl\/produkt\/amplitunery-vintage\/amplituner-vintage-kenwood-kr-7050-po-rewitalizacji\/\",\"url\":\"https:\/\/retrohifi.pl\/produkt\/amplitunery-vintage\/amplituner-vintage-kenwood-kr-7050-po-rewitalizacji\/\",\"name\":\"Kenwood KR-7050 Amplituner Vintage - Po Rewitalizacji - RetroHiFi - Vintage Audio, Serwis Amplituner\u00f3w\",\"isPartOf\":{\"@id\":\"https:\/\/retrohifi.pl\/#website\"},\"primaryImageOfPage\":{\"@id\":\"https:\/\/retrohifi.pl\/produkt\/amplitunery-vintage\/amplituner-vintage-kenwood-kr-7050-po-rewitalizacji\/#primaryimage\"},\"image\":{\"@id\":\"https:\/\/retrohifi.pl\/produkt\/amplitunery-vintage\/amplituner-vintage-kenwood-kr-7050-po-rewitalizacji\/#primaryimage\"},\"thumbnailUrl\":\"https:\/\/retrohifi.pl\/wp-content\/uploads\/2024\/11\/amplituner-vintage-kenwood-kr-7050-po-rewitalizacji.jpg\",\"datePublished\":\"2024-11-21T13:10:17+00:00\",\"dateModified\":\"2025-02-06T10:39:54+00:00\",\"description\":\"Serwis sprz\u0119tu audio vintage: konserwacja, gramofony, wzmacniacze, kolumny. Odrestaurowane urz\u0105dzenia hi-fi, oryginalne cz\u0119\u015bci.\",\"breadcrumb\":{\"@id\":\"https:\/\/retrohifi.pl\/produkt\/amplitunery-vintage\/amplituner-vintage-kenwood-kr-7050-po-rewitalizacji\/#breadcrumb\"},\"inLanguage\":\"en-US\",\"potentialAction\":[{\"@type\":\"ReadAction\",\"target\":[\"https:\/\/retrohifi.pl\/produkt\/amplitunery-vintage\/amplituner-vintage-kenwood-kr-7050-po-rewitalizacji\/\"]}]},{\"@type\":\"ImageObject\",\"inLanguage\":\"en-US\",\"@id\":\"https:\/\/retrohifi.pl\/produkt\/amplitunery-vintage\/amplituner-vintage-kenwood-kr-7050-po-rewitalizacji\/#primaryimage\",\"url\":\"https:\/\/retrohifi.pl\/wp-content\/uploads\/2024\/11\/amplituner-vintage-kenwood-kr-7050-po-rewitalizacji.jpg\",\"contentUrl\":\"https:\/\/retrohifi.pl\/wp-content\/uploads\/2024\/11\/amplituner-vintage-kenwood-kr-7050-po-rewitalizacji.jpg\",\"width\":1000,\"height\":1300,\"caption\":\"amplituner-vintage-kenwood-kr-7050-po-rewitalizacji\"},{\"@type\":\"BreadcrumbList\",\"@id\":\"https:\/\/retrohifi.pl\/produkt\/amplitunery-vintage\/amplituner-vintage-kenwood-kr-7050-po-rewitalizacji\/#breadcrumb\",\"itemListElement\":[{\"@type\":\"ListItem\",\"position\":1,\"name\":\"Strona g\u0142\u00f3wna\",\"item\":\"https:\/\/retrohifi.pl\/en\/3875-2\/\"},{\"@type\":\"ListItem\",\"position\":2,\"name\":\"Shop\",\"item\":\"https:\/\/retrohifi.pl\/en\/shop\/\"},{\"@type\":\"ListItem\",\"position\":3,\"name\":\"Kenwood KR-7050 Amplituner Vintage &#8211; Po Rewitalizacji\"}]},{\"@type\":\"WebSite\",\"@id\":\"https:\/\/retrohifi.pl\/#website\",\"url\":\"https:\/\/retrohifi.pl\/\",\"name\":\"RetroHiFi - Vintage Audio, Serwis Amplituner\u00f3w\",\"description\":\"Vintage Audio - Pioneer, Sansui, Technics, Rotel, Luxman, Dual, Kenwood, Infinity, Marantz, Onkyo, Sony, Yamaha, Accuphase.\",\"publisher\":{\"@id\":\"https:\/\/retrohifi.pl\/#organization\"},\"potentialAction\":[{\"@type\":\"SearchAction\",\"target\":{\"@type\":\"EntryPoint\",\"urlTemplate\":\"https:\/\/retrohifi.pl\/?s={search_term_string}\"},\"query-input\":{\"@type\":\"PropertyValueSpecification\",\"valueRequired\":true,\"valueName\":\"search_term_string\"}}],\"inLanguage\":\"en-US\"},{\"@type\":\"Organization\",\"@id\":\"https:\/\/retrohifi.pl\/#organization\",\"name\":\"RetroHiFi - Vintage Audio, Serwis Amplituner\u00f3w\",\"alternateName\":\"RetroHiFi - Vintage Audio, Serwis Amplituner\u00f3w\",\"url\":\"https:\/\/retrohifi.pl\/\",\"logo\":{\"@type\":\"ImageObject\",\"inLanguage\":\"en-US\",\"@id\":\"https:\/\/retrohifi.pl\/#\/schema\/logo\/image\/\",\"url\":\"https:\/\/retrohifi.pl\/wp-content\/uploads\/2024\/11\/cropped-logo2male-2.png\",\"contentUrl\":\"https:\/\/retrohifi.pl\/wp-content\/uploads\/2024\/11\/cropped-logo2male-2.png\",\"width\":1000,\"height\":304,\"caption\":\"RetroHiFi - Vintage Audio, Serwis Amplituner\u00f3w\"},\"image\":{\"@id\":\"https:\/\/retrohifi.pl\/#\/schema\/logo\/image\/\"},\"sameAs\":[\"https:\/\/www.instagram.com\/retrohifi_pl\/\"],\"publishingPrinciples\":\"https:\/\/retrohifi.pl\/o-nas\/\",\"ownershipFundingInfo\":\"https:\/\/retrohifi.pl\/polityka-prywatnosci\/\",\"actionableFeedbackPolicy\":\"https:\/\/retrohifi.pl\/polityka-prywatnosci\/\"}]}<\/script>\n<meta property=\"product:price:amount\" content=\"720.00\" \/>\n<meta property=\"product:price:currency\" content=\"EUR\" \/>\n<meta property=\"og:availability\" content=\"out of stock\" \/>\n<meta property=\"product:availability\" content=\"out of stock\" \/>\n<meta property=\"product:condition\" content=\"new\" \/>\n<!-- \/ Yoast SEO Premium plugin. -->","yoast_head_json":{"title":"Kenwood KR-7050 Amplituner Vintage - Po Rewitalizacji - RetroHiFi - Vintage Audio, Serwis Amplituner\u00f3w","description":"Serwis sprz\u0119tu audio vintage: konserwacja, gramofony, wzmacniacze, kolumny. Odrestaurowane urz\u0105dzenia hi-fi, oryginalne cz\u0119\u015bci.","robots":{"index":"index","follow":"follow","max-snippet":"max-snippet:-1","max-image-preview":"max-image-preview:large","max-video-preview":"max-video-preview:-1"},"canonical":"https:\/\/retrohifi.pl\/produkt\/amplitunery-vintage\/amplituner-vintage-kenwood-kr-7050-po-rewitalizacji\/","og_locale":"en_US","og_type":"article","og_title":"Kenwood KR-7050 Amplituner Vintage - Po Rewitalizacji","og_description":"Serwis sprz\u0119tu audio vintage: konserwacja, gramofony, wzmacniacze, kolumny. Odrestaurowane urz\u0105dzenia hi-fi, oryginalne cz\u0119\u015bci.","og_url":"https:\/\/retrohifi.pl\/produkt\/amplitunery-vintage\/amplituner-vintage-kenwood-kr-7050-po-rewitalizacji\/","og_site_name":"RetroHiFi - Vintage Audio, Serwis Amplituner\u00f3w","article_modified_time":"2025-02-06T10:39:54+00:00","og_image":[{"width":1000,"height":1300,"url":"https:\/\/retrohifi.pl\/wp-content\/uploads\/2024\/11\/amplituner-vintage-kenwood-kr-7050-po-rewitalizacji.jpg","type":"image\/jpeg"}],"twitter_card":"summary_large_image","twitter_misc":{"Price":"720.00&euro;","Availability":"Out of stock"},"schema":{"@context":"https:\/\/schema.org","@graph":[{"@type":"WebPage","@id":"https:\/\/retrohifi.pl\/produkt\/amplitunery-vintage\/amplituner-vintage-kenwood-kr-7050-po-rewitalizacji\/","url":"https:\/\/retrohifi.pl\/produkt\/amplitunery-vintage\/amplituner-vintage-kenwood-kr-7050-po-rewitalizacji\/","name":"Kenwood KR-7050 Amplituner Vintage - Po Rewitalizacji - RetroHiFi - Vintage Audio, Serwis Amplituner\u00f3w","isPartOf":{"@id":"https:\/\/retrohifi.pl\/#website"},"primaryImageOfPage":{"@id":"https:\/\/retrohifi.pl\/produkt\/amplitunery-vintage\/amplituner-vintage-kenwood-kr-7050-po-rewitalizacji\/#primaryimage"},"image":{"@id":"https:\/\/retrohifi.pl\/produkt\/amplitunery-vintage\/amplituner-vintage-kenwood-kr-7050-po-rewitalizacji\/#primaryimage"},"thumbnailUrl":"https:\/\/retrohifi.pl\/wp-content\/uploads\/2024\/11\/amplituner-vintage-kenwood-kr-7050-po-rewitalizacji.jpg","datePublished":"2024-11-21T13:10:17+00:00","dateModified":"2025-02-06T10:39:54+00:00","description":"Serwis sprz\u0119tu audio vintage: konserwacja, gramofony, wzmacniacze, kolumny. Odrestaurowane urz\u0105dzenia hi-fi, oryginalne cz\u0119\u015bci.","breadcrumb":{"@id":"https:\/\/retrohifi.pl\/produkt\/amplitunery-vintage\/amplituner-vintage-kenwood-kr-7050-po-rewitalizacji\/#breadcrumb"},"inLanguage":"en-US","potentialAction":[{"@type":"ReadAction","target":["https:\/\/retrohifi.pl\/produkt\/amplitunery-vintage\/amplituner-vintage-kenwood-kr-7050-po-rewitalizacji\/"]}]},{"@type":"ImageObject","inLanguage":"en-US","@id":"https:\/\/retrohifi.pl\/produkt\/amplitunery-vintage\/amplituner-vintage-kenwood-kr-7050-po-rewitalizacji\/#primaryimage","url":"https:\/\/retrohifi.pl\/wp-content\/uploads\/2024\/11\/amplituner-vintage-kenwood-kr-7050-po-rewitalizacji.jpg","contentUrl":"https:\/\/retrohifi.pl\/wp-content\/uploads\/2024\/11\/amplituner-vintage-kenwood-kr-7050-po-rewitalizacji.jpg","width":1000,"height":1300,"caption":"amplituner-vintage-kenwood-kr-7050-po-rewitalizacji"},{"@type":"BreadcrumbList","@id":"https:\/\/retrohifi.pl\/produkt\/amplitunery-vintage\/amplituner-vintage-kenwood-kr-7050-po-rewitalizacji\/#breadcrumb","itemListElement":[{"@type":"ListItem","position":1,"name":"Strona g\u0142\u00f3wna","item":"https:\/\/retrohifi.pl\/en\/3875-2\/"},{"@type":"ListItem","position":2,"name":"Shop","item":"https:\/\/retrohifi.pl\/en\/shop\/"},{"@type":"ListItem","position":3,"name":"Kenwood KR-7050 Amplituner Vintage &#8211; Po Rewitalizacji"}]},{"@type":"WebSite","@id":"https:\/\/retrohifi.pl\/#website","url":"https:\/\/retrohifi.pl\/","name":"RetroHiFi - Vintage Audio, Serwis Amplituner\u00f3w","description":"Vintage Audio - Pioneer, Sansui, Technics, Rotel, Luxman, Dual, Kenwood, Infinity, Marantz, Onkyo, Sony, Yamaha, Accuphase.","publisher":{"@id":"https:\/\/retrohifi.pl\/#organization"},"potentialAction":[{"@type":"SearchAction","target":{"@type":"EntryPoint","urlTemplate":"https:\/\/retrohifi.pl\/?s={search_term_string}"},"query-input":{"@type":"PropertyValueSpecification","valueRequired":true,"valueName":"search_term_string"}}],"inLanguage":"en-US"},{"@type":"Organization","@id":"https:\/\/retrohifi.pl\/#organization","name":"RetroHiFi - Vintage Audio, Serwis Amplituner\u00f3w","alternateName":"RetroHiFi - Vintage Audio, Serwis Amplituner\u00f3w","url":"https:\/\/retrohifi.pl\/","logo":{"@type":"ImageObject","inLanguage":"en-US","@id":"https:\/\/retrohifi.pl\/#\/schema\/logo\/image\/","url":"https:\/\/retrohifi.pl\/wp-content\/uploads\/2024\/11\/cropped-logo2male-2.png","contentUrl":"https:\/\/retrohifi.pl\/wp-content\/uploads\/2024\/11\/cropped-logo2male-2.png","width":1000,"height":304,"caption":"RetroHiFi - Vintage Audio, Serwis Amplituner\u00f3w"},"image":{"@id":"https:\/\/retrohifi.pl\/#\/schema\/logo\/image\/"},"sameAs":["https:\/\/www.instagram.com\/retrohifi_pl\/"],"publishingPrinciples":"https:\/\/retrohifi.pl\/o-nas\/","ownershipFundingInfo":"https:\/\/retrohifi.pl\/polityka-prywatnosci\/","actionableFeedbackPolicy":"https:\/\/retrohifi.pl\/polityka-prywatnosci\/"}]},"product_price_amount":"720.00","product_price_currency":"EUR","og_availability":"out of stock","product_availability":"out of stock","product_condition":"new"},"jetpack_sharing_enabled":true,"_links":{"self":[{"href":"https:\/\/retrohifi.pl\/en\/wp-json\/wp\/v2\/product\/354","targetHints":{"allow":["GET"]}}],"collection":[{"href":"https:\/\/retrohifi.pl\/en\/wp-json\/wp\/v2\/product"}],"about":[{"href":"https:\/\/retrohifi.pl\/en\/wp-json\/wp\/v2\/types\/product"}],"replies":[{"embeddable":true,"href":"https:\/\/retrohifi.pl\/en\/wp-json\/wp\/v2\/comments?post=354"}],"wp:featuredmedia":[{"embeddable":true,"href":"https:\/\/retrohifi.pl\/en\/wp-json\/wp\/v2\/media\/2131"}],"wp:attachment":[{"href":"https:\/\/retrohifi.pl\/en\/wp-json\/wp\/v2\/media?parent=354"}],"wp:term":[{"taxonomy":"product_brand","embeddable":true,"href":"https:\/\/retrohifi.pl\/en\/wp-json\/wp\/v2\/product_brand?post=354"},{"taxonomy":"product_cat","embeddable":true,"href":"https:\/\/retrohifi.pl\/en\/wp-json\/wp\/v2\/product_cat?post=354"},{"taxonomy":"product_tag","embeddable":true,"href":"https:\/\/retrohifi.pl\/en\/wp-json\/wp\/v2\/product_tag?post=354"}],"curies":[{"name":"wp","href":"https:\/\/api.w.org\/{rel}","templated":true}]}}