{"id":357,"date":"2024-11-21T13:10:17","date_gmt":"2024-11-21T13:10:17","guid":{"rendered":"http:\/\/fnpttuu.cluster027.hosting.ovh.net\/Retro\/produkt\/exile-pearl-necklace\/"},"modified":"2025-02-06T10:40:44","modified_gmt":"2025-02-06T10:40:44","slug":"amplituner-vintage-pioneer-sx-950-po-renowacji","status":"publish","type":"product","link":"https:\/\/retrohifi.pl\/en\/product\/amplifier-vintage-en\/amplituner-vintage-pioneer-sx-950-po-renowacji\/","title":{"rendered":"Pioneer SX 950 &#8211; Amplituner Vintage &#8211; Po Renowacji"},"content":{"rendered":"<h6><strong>Pioneer SX-950 \u2013 Klasyka w \u015bwiecie amplituner\u00f3w vintage<\/strong><\/h6>\n<p>Pioneer SX-950 to jeden z najbardziej rozpoznawalnych amplituner\u00f3w vintage, ceniony przez mi\u0142o\u015bnik\u00f3w muzyki i kolekcjoner\u00f3w sprz\u0119tu audio. Wyprodukowany w latach 70., \u0142\u0105czy w sobie niezr\u00f3wnan\u0105 jako\u015b\u0107 d\u017awi\u0119ku, solidn\u0105 konstrukcj\u0119 i elegancki design, kt\u00f3re do dzi\u015b przyci\u0105gaj\u0105 entuzjast\u00f3w klasycznego brzmienia. Model ten jest symbolem niezawodno\u015bci i funkcjonalno\u015bci, kt\u00f3re wyr\u00f3\u017cniaj\u0105 sprz\u0119t marki Pioneer.<\/p>\n<p>Amplituner oferuje imponuj\u0105c\u0105 moc wyj\u015bciow\u0105 wynosz\u0105c\u0105 85 W na kana\u0142 przy 8 omach, co pozwala na doskona\u0142e odwzorowanie d\u017awi\u0119ku w ka\u017cdym zakresie cz\u0119stotliwo\u015bci. Dzi\u0119ki zaawansowanym uk\u0142adom audio i wysokiej jako\u015bci komponentom, Pioneer SX-950 zapewnia czyste, dynamiczne brzmienie z g\u0142\u0119bokimi basami i wyrazistymi wysokimi tonami. Obs\u0142uguje wiele wej\u015b\u0107 i wyj\u015b\u0107, w tym gramofonowe, co czyni go wszechstronnym wyborem dla ka\u017cdego zestawu audio.<\/p>\n<p>Niekt\u00f3re zdj\u0119cia umie\u015bci\u0142em pod tym linkiem:\u00a0<a href=\"https:\/\/photos.app.goo.gl\/pVNFjqwqMUtutQQN8\">Galeria renowacji Pioneer SX-950<\/a><\/p>\n<h6>Dane techniczne SX-950:<\/h6>\n<p>Sekcja audio:<\/p>\n<p>Moc ci\u0105g\u0142a:<\/p>\n<p>2 x 110 W (oba kana\u0142y nap\u0119dzane przy 20 Hz &#8211; 20 kHz, 4 \u03a9 )<\/p>\n<p>2 x 85 W (oba kana\u0142y nap\u0119dzane przy 20 Hz &#8211; 20 KHz, 8 \u03a9 )<\/p>\n<p>THD przy znamionowej mocy wyj\u015bciowej (DIN), 8 \u03a9 : 0,1%<\/p>\n<p>Pasmo mocy (DIN) oba kana\u0142y sterowane 8 \u03a9 : 5 Hz &#8211; 35 kHz<\/p>\n<p>Pasmo przenoszenia na wej\u015bciu AUX (DIN): 15 Hz &#8211; 40 kHz (+0 dB, -1 dB)<\/p>\n<p>Impedancja czu\u0142o\u015bci wej\u015bciowej:<\/p>\n<p>Phono: 2,5 mV\/50 k\u03a9<\/p>\n<p>Mikrofon: 6,5 mV\/50 k\u03a9<\/p>\n<p>Monitor ta\u015bmowy, tuner, Aux: 150 mV\/100 k\u03a9<\/p>\n<p>Kontrola bas\u00f3w (100 Hz): \u00b110 dB<\/p>\n<p>Regulacja ton\u00f3w wysokich (10 kHz): \u00b110 dB<\/p>\n<p>Sekcja FM (87,5 do 108 Hz)<\/p>\n<p>Czu\u0142o\u015b\u0107 (DIN):<\/p>\n<p>Mono (stosunek sygna\u0142\/szum 26 dB): 1,6 \u03bcV<\/p>\n<p>Stereo (stosunek 46 dB\/S\/N): 44 \u03bcV<\/p>\n<p>Wsp\u00f3\u0142czynnik przechwytywania: 1 dB<\/p>\n<p>Selektywno\u015b\u0107 (\u00b1400 kHz): 80 dB<\/p>\n<p>Stosunek sygna\u0142\/szum (IHF): 72 dB<\/p>\n<p>THD (stereo) 1 kHz (DIN): &lt;0,3%<\/p>\n<p>Pasmo przenoszenia (DIN): 30 Hz &#8211; 15 kHz (+0,2 dB, -2 dB)<\/p>\n<p>Separacja stereo 1 kHz (DIN): 40 dB<\/p>\n<p>T\u0142umienie podno\u015bnej: 62 dB<\/p>\n<p>Sekcja AM (525\u20131605 kHz)<\/p>\n<p>Czu\u0142o\u015b\u0107 (IHF): 15 \u03bcV \/m<\/p>\n<p>Selektywno\u015b\u0107: 40 dB<\/p>\n<p>Wymiary (szer. x wys. x g\u0142.): 526 x 173 x 412 mm<\/p>\n<p>Waga: 19,1 kg<\/p>\n","protected":false},"excerpt":{"rendered":"<p>Odkryj klasyczny amplituner Pioneer SX-950 \u2013 niezr\u00f3wnana moc, czyste brzmienie i elegancki design. Idealny wyb\u00f3r dla mi\u0142o\u015bnik\u00f3w sprz\u0119tu vintage i doskona\u0142ego d\u017awi\u0119ku.<\/p>\n","protected":false},"featured_media":2057,"comment_status":"open","ping_status":"closed","template":"","meta":{"site-sidebar-layout":"default","site-content-layout":"default","ast-site-content-layout":"default","site-content-style":"default","site-sidebar-style":"default","ast-global-header-display":"","ast-banner-title-visibility":"","ast-main-header-display":"","ast-hfb-above-header-display":"","ast-hfb-below-header-display":"","ast-hfb-mobile-header-display":"","site-post-title":"","ast-breadcrumbs-content":"","ast-featured-img":"","footer-sml-layout":"","ast-disable-related-posts":"","theme-transparent-header-meta":"default","adv-header-id-meta":"","stick-header-meta":"","header-above-stick-meta":"","header-main-stick-meta":"","header-below-stick-meta":"","astra-migrate-meta-layouts":"set","ast-page-background-enabled":"default","ast-page-background-meta":{"desktop":{"background-color":"","background-image":"","background-repeat":"repeat","background-position":"center center","background-size":"auto","background-attachment":"scroll","background-type":"","background-media":"","overlay-type":"","overlay-color":"","overlay-opacity":"","overlay-gradient":""},"tablet":{"background-color":"","background-image":"","background-repeat":"repeat","background-position":"center center","background-size":"auto","background-attachment":"scroll","background-type":"","background-media":"","overlay-type":"","overlay-color":"","overlay-opacity":"","overlay-gradient":""},"mobile":{"background-color":"","background-image":"","background-repeat":"repeat","background-position":"center center","background-size":"auto","background-attachment":"scroll","background-type":"","background-media":"","overlay-type":"","overlay-color":"","overlay-opacity":"","overlay-gradient":""}},"ast-content-background-meta":{"desktop":{"background-color":"var(--ast-global-color-5)","background-image":"","background-repeat":"repeat","background-position":"center center","background-size":"auto","background-attachment":"scroll","background-type":"","background-media":"","overlay-type":"","overlay-color":"","overlay-opacity":"","overlay-gradient":""},"tablet":{"background-color":"var(--ast-global-color-5)","background-image":"","background-repeat":"repeat","background-position":"center center","background-size":"auto","background-attachment":"scroll","background-type":"","background-media":"","overlay-type":"","overlay-color":"","overlay-opacity":"","overlay-gradient":""},"mobile":{"background-color":"var(--ast-global-color-5)","background-image":"","background-repeat":"repeat","background-position":"center center","background-size":"auto","background-attachment":"scroll","background-type":"","background-media":"","overlay-type":"","overlay-color":"","overlay-opacity":"","overlay-gradient":""}}},"product_brand":[322],"product_cat":[35],"product_tag":[91,48,102,103,61,87,88,104,98],"class_list":{"0":"post-357","1":"product","2":"type-product","3":"status-publish","4":"has-post-thumbnail","6":"product_brand-pioneer","7":"product_cat-amplitunery-vintage","8":"product_tag-aplituner-vintage","9":"product_tag-audio-vintage","10":"product_tag-pioneer-exclusive","11":"product_tag-pioneer-sx-950","12":"product_tag-pioneer-vintage","13":"product_tag-sprzet-audio-po-renowacji","14":"product_tag-sprzet-audio-vintage","15":"product_tag-sx950","16":"product_tag-wzmacniacz-vintage","17":"desktop-align-left","18":"tablet-align-left","19":"mobile-align-left","20":"ast-product-gallery-layout-horizontal-slider","21":"ast-product-tabs-layout-horizontal","23":"first","24":"outofstock","25":"sold-individually","26":"shipping-taxable","27":"purchasable","28":"product-type-simple"},"yoast_head":"<!-- This site is optimized with the Yoast SEO Premium plugin v24.6 (Yoast SEO v24.7) - https:\/\/yoast.com\/wordpress\/plugins\/seo\/ -->\n<title>Pioneer SX 950 - Amplituner Vintage - Po Renowacji - RetroHiFi - Vintage Audio, Serwis Amplituner\u00f3w<\/title>\n<meta name=\"description\" content=\"Odkryj klasyczny amplituner Pioneer SX-950 \u2013 niezr\u00f3wnana moc, czyste brzmienie i design. Idealny wyb\u00f3r dla mi\u0142o\u015bnik\u00f3w sprz\u0119tu vintage i doskona\u0142ego d\u017awi\u0119ku.\" \/>\n<meta name=\"robots\" content=\"index, follow, max-snippet:-1, max-image-preview:large, max-video-preview:-1\" \/>\n<link rel=\"canonical\" href=\"https:\/\/retrohifi.pl\/produkt\/amplitunery-vintage\/amplituner-vintage-pioneer-sx-950-po-renowacji\/\" \/>\n<meta property=\"og:locale\" content=\"en_US\" \/>\n<meta property=\"og:type\" content=\"article\" \/>\n<meta property=\"og:title\" content=\"Pioneer SX 950 - Amplituner Vintage - Po Renowacji\" \/>\n<meta property=\"og:description\" content=\"Serwis sprz\u0119tu audio vintage: konserwacja, gramofony, wzmacniacze, kolumny. Odrestaurowane urz\u0105dzenia hi-fi, oryginalne cz\u0119\u015bci.\" \/>\n<meta property=\"og:url\" content=\"https:\/\/retrohifi.pl\/produkt\/amplitunery-vintage\/amplituner-vintage-pioneer-sx-950-po-renowacji\/\" \/>\n<meta property=\"og:site_name\" content=\"RetroHiFi - Vintage Audio, Serwis Amplituner\u00f3w\" \/>\n<meta property=\"article:modified_time\" content=\"2025-02-06T10:40:44+00:00\" \/>\n<meta property=\"og:image\" content=\"https:\/\/retrohifi.pl\/wp-content\/uploads\/2024\/11\/amplituner-vintage-pioneer-sx-950-po-renowacji.jpg\" \/>\n\t<meta property=\"og:image:width\" content=\"1000\" \/>\n\t<meta property=\"og:image:height\" content=\"1300\" \/>\n\t<meta property=\"og:image:type\" content=\"image\/jpeg\" \/>\n<meta name=\"twitter:card\" content=\"summary_large_image\" \/>\n<meta name=\"twitter:label1\" content=\"Price\" \/>\n\t<meta name=\"twitter:data1\" content=\"2 160.00&euro;\" \/>\n\t<meta name=\"twitter:label2\" content=\"Availability\" \/>\n\t<meta name=\"twitter:data2\" content=\"Out of stock\" \/>\n<script type=\"application\/ld+json\" class=\"yoast-schema-graph\">{\"@context\":\"https:\/\/schema.org\",\"@graph\":[{\"@type\":\"WebPage\",\"@id\":\"https:\/\/retrohifi.pl\/produkt\/amplitunery-vintage\/amplituner-vintage-pioneer-sx-950-po-renowacji\/\",\"url\":\"https:\/\/retrohifi.pl\/produkt\/amplitunery-vintage\/amplituner-vintage-pioneer-sx-950-po-renowacji\/\",\"name\":\"Pioneer SX 950 - Amplituner Vintage - Po Renowacji - RetroHiFi - Vintage Audio, Serwis Amplituner\u00f3w\",\"isPartOf\":{\"@id\":\"https:\/\/retrohifi.pl\/#website\"},\"primaryImageOfPage\":{\"@id\":\"https:\/\/retrohifi.pl\/produkt\/amplitunery-vintage\/amplituner-vintage-pioneer-sx-950-po-renowacji\/#primaryimage\"},\"image\":{\"@id\":\"https:\/\/retrohifi.pl\/produkt\/amplitunery-vintage\/amplituner-vintage-pioneer-sx-950-po-renowacji\/#primaryimage\"},\"thumbnailUrl\":\"https:\/\/retrohifi.pl\/wp-content\/uploads\/2024\/11\/amplituner-vintage-pioneer-sx-950-po-renowacji.jpg\",\"datePublished\":\"2024-11-21T13:10:17+00:00\",\"dateModified\":\"2025-02-06T10:40:44+00:00\",\"description\":\"Odkryj klasyczny amplituner Pioneer SX-950 \u2013 niezr\u00f3wnana moc, czyste brzmienie i design. Idealny wyb\u00f3r dla mi\u0142o\u015bnik\u00f3w sprz\u0119tu vintage i doskona\u0142ego d\u017awi\u0119ku.\",\"breadcrumb\":{\"@id\":\"https:\/\/retrohifi.pl\/produkt\/amplitunery-vintage\/amplituner-vintage-pioneer-sx-950-po-renowacji\/#breadcrumb\"},\"inLanguage\":\"en-US\",\"potentialAction\":[{\"@type\":\"ReadAction\",\"target\":[\"https:\/\/retrohifi.pl\/produkt\/amplitunery-vintage\/amplituner-vintage-pioneer-sx-950-po-renowacji\/\"]}]},{\"@type\":\"ImageObject\",\"inLanguage\":\"en-US\",\"@id\":\"https:\/\/retrohifi.pl\/produkt\/amplitunery-vintage\/amplituner-vintage-pioneer-sx-950-po-renowacji\/#primaryimage\",\"url\":\"https:\/\/retrohifi.pl\/wp-content\/uploads\/2024\/11\/amplituner-vintage-pioneer-sx-950-po-renowacji.jpg\",\"contentUrl\":\"https:\/\/retrohifi.pl\/wp-content\/uploads\/2024\/11\/amplituner-vintage-pioneer-sx-950-po-renowacji.jpg\",\"width\":1000,\"height\":1300,\"caption\":\"amplituner-vintage-pioneer-sx-950-po-renowacji\"},{\"@type\":\"BreadcrumbList\",\"@id\":\"https:\/\/retrohifi.pl\/produkt\/amplitunery-vintage\/amplituner-vintage-pioneer-sx-950-po-renowacji\/#breadcrumb\",\"itemListElement\":[{\"@type\":\"ListItem\",\"position\":1,\"name\":\"Strona g\u0142\u00f3wna\",\"item\":\"https:\/\/retrohifi.pl\/en\/3875-2\/\"},{\"@type\":\"ListItem\",\"position\":2,\"name\":\"Shop\",\"item\":\"https:\/\/retrohifi.pl\/en\/shop\/\"},{\"@type\":\"ListItem\",\"position\":3,\"name\":\"Pioneer SX 950 &#8211; Amplituner Vintage &#8211; Po Renowacji\"}]},{\"@type\":\"WebSite\",\"@id\":\"https:\/\/retrohifi.pl\/#website\",\"url\":\"https:\/\/retrohifi.pl\/\",\"name\":\"RetroHiFi - Vintage Audio, Serwis Amplituner\u00f3w\",\"description\":\"Vintage Audio - Pioneer, Sansui, Technics, Rotel, Luxman, Dual, Kenwood, Infinity, Marantz, Onkyo, Sony, Yamaha, Accuphase.\",\"publisher\":{\"@id\":\"https:\/\/retrohifi.pl\/#organization\"},\"potentialAction\":[{\"@type\":\"SearchAction\",\"target\":{\"@type\":\"EntryPoint\",\"urlTemplate\":\"https:\/\/retrohifi.pl\/?s={search_term_string}\"},\"query-input\":{\"@type\":\"PropertyValueSpecification\",\"valueRequired\":true,\"valueName\":\"search_term_string\"}}],\"inLanguage\":\"en-US\"},{\"@type\":\"Organization\",\"@id\":\"https:\/\/retrohifi.pl\/#organization\",\"name\":\"RetroHiFi - Vintage Audio, Serwis Amplituner\u00f3w\",\"alternateName\":\"RetroHiFi - Vintage Audio, Serwis Amplituner\u00f3w\",\"url\":\"https:\/\/retrohifi.pl\/\",\"logo\":{\"@type\":\"ImageObject\",\"inLanguage\":\"en-US\",\"@id\":\"https:\/\/retrohifi.pl\/#\/schema\/logo\/image\/\",\"url\":\"https:\/\/retrohifi.pl\/wp-content\/uploads\/2024\/11\/cropped-logo2male-2.png\",\"contentUrl\":\"https:\/\/retrohifi.pl\/wp-content\/uploads\/2024\/11\/cropped-logo2male-2.png\",\"width\":1000,\"height\":304,\"caption\":\"RetroHiFi - Vintage Audio, Serwis Amplituner\u00f3w\"},\"image\":{\"@id\":\"https:\/\/retrohifi.pl\/#\/schema\/logo\/image\/\"},\"sameAs\":[\"https:\/\/www.instagram.com\/retrohifi_pl\/\"],\"publishingPrinciples\":\"https:\/\/retrohifi.pl\/o-nas\/\",\"ownershipFundingInfo\":\"https:\/\/retrohifi.pl\/polityka-prywatnosci\/\",\"actionableFeedbackPolicy\":\"https:\/\/retrohifi.pl\/polityka-prywatnosci\/\"}]}<\/script>\n<meta property=\"product:price:amount\" content=\"2160.00\" \/>\n<meta property=\"product:price:currency\" content=\"EUR\" \/>\n<meta property=\"og:availability\" content=\"out of stock\" \/>\n<meta property=\"product:availability\" content=\"out of stock\" \/>\n<meta property=\"product:condition\" content=\"new\" \/>\n<!-- \/ Yoast SEO Premium plugin. -->","yoast_head_json":{"title":"Pioneer SX 950 - Amplituner Vintage - Po Renowacji - RetroHiFi - Vintage Audio, Serwis Amplituner\u00f3w","description":"Odkryj klasyczny amplituner Pioneer SX-950 \u2013 niezr\u00f3wnana moc, czyste brzmienie i design. Idealny wyb\u00f3r dla mi\u0142o\u015bnik\u00f3w sprz\u0119tu vintage i doskona\u0142ego d\u017awi\u0119ku.","robots":{"index":"index","follow":"follow","max-snippet":"max-snippet:-1","max-image-preview":"max-image-preview:large","max-video-preview":"max-video-preview:-1"},"canonical":"https:\/\/retrohifi.pl\/produkt\/amplitunery-vintage\/amplituner-vintage-pioneer-sx-950-po-renowacji\/","og_locale":"en_US","og_type":"article","og_title":"Pioneer SX 950 - Amplituner Vintage - Po Renowacji","og_description":"Serwis sprz\u0119tu audio vintage: konserwacja, gramofony, wzmacniacze, kolumny. Odrestaurowane urz\u0105dzenia hi-fi, oryginalne cz\u0119\u015bci.","og_url":"https:\/\/retrohifi.pl\/produkt\/amplitunery-vintage\/amplituner-vintage-pioneer-sx-950-po-renowacji\/","og_site_name":"RetroHiFi - Vintage Audio, Serwis Amplituner\u00f3w","article_modified_time":"2025-02-06T10:40:44+00:00","og_image":[{"width":1000,"height":1300,"url":"https:\/\/retrohifi.pl\/wp-content\/uploads\/2024\/11\/amplituner-vintage-pioneer-sx-950-po-renowacji.jpg","type":"image\/jpeg"}],"twitter_card":"summary_large_image","twitter_misc":{"Price":"2 160.00&euro;","Availability":"Out of stock"},"schema":{"@context":"https:\/\/schema.org","@graph":[{"@type":"WebPage","@id":"https:\/\/retrohifi.pl\/produkt\/amplitunery-vintage\/amplituner-vintage-pioneer-sx-950-po-renowacji\/","url":"https:\/\/retrohifi.pl\/produkt\/amplitunery-vintage\/amplituner-vintage-pioneer-sx-950-po-renowacji\/","name":"Pioneer SX 950 - Amplituner Vintage - Po Renowacji - RetroHiFi - Vintage Audio, Serwis Amplituner\u00f3w","isPartOf":{"@id":"https:\/\/retrohifi.pl\/#website"},"primaryImageOfPage":{"@id":"https:\/\/retrohifi.pl\/produkt\/amplitunery-vintage\/amplituner-vintage-pioneer-sx-950-po-renowacji\/#primaryimage"},"image":{"@id":"https:\/\/retrohifi.pl\/produkt\/amplitunery-vintage\/amplituner-vintage-pioneer-sx-950-po-renowacji\/#primaryimage"},"thumbnailUrl":"https:\/\/retrohifi.pl\/wp-content\/uploads\/2024\/11\/amplituner-vintage-pioneer-sx-950-po-renowacji.jpg","datePublished":"2024-11-21T13:10:17+00:00","dateModified":"2025-02-06T10:40:44+00:00","description":"Odkryj klasyczny amplituner Pioneer SX-950 \u2013 niezr\u00f3wnana moc, czyste brzmienie i design. Idealny wyb\u00f3r dla mi\u0142o\u015bnik\u00f3w sprz\u0119tu vintage i doskona\u0142ego d\u017awi\u0119ku.","breadcrumb":{"@id":"https:\/\/retrohifi.pl\/produkt\/amplitunery-vintage\/amplituner-vintage-pioneer-sx-950-po-renowacji\/#breadcrumb"},"inLanguage":"en-US","potentialAction":[{"@type":"ReadAction","target":["https:\/\/retrohifi.pl\/produkt\/amplitunery-vintage\/amplituner-vintage-pioneer-sx-950-po-renowacji\/"]}]},{"@type":"ImageObject","inLanguage":"en-US","@id":"https:\/\/retrohifi.pl\/produkt\/amplitunery-vintage\/amplituner-vintage-pioneer-sx-950-po-renowacji\/#primaryimage","url":"https:\/\/retrohifi.pl\/wp-content\/uploads\/2024\/11\/amplituner-vintage-pioneer-sx-950-po-renowacji.jpg","contentUrl":"https:\/\/retrohifi.pl\/wp-content\/uploads\/2024\/11\/amplituner-vintage-pioneer-sx-950-po-renowacji.jpg","width":1000,"height":1300,"caption":"amplituner-vintage-pioneer-sx-950-po-renowacji"},{"@type":"BreadcrumbList","@id":"https:\/\/retrohifi.pl\/produkt\/amplitunery-vintage\/amplituner-vintage-pioneer-sx-950-po-renowacji\/#breadcrumb","itemListElement":[{"@type":"ListItem","position":1,"name":"Strona g\u0142\u00f3wna","item":"https:\/\/retrohifi.pl\/en\/3875-2\/"},{"@type":"ListItem","position":2,"name":"Shop","item":"https:\/\/retrohifi.pl\/en\/shop\/"},{"@type":"ListItem","position":3,"name":"Pioneer SX 950 &#8211; Amplituner Vintage &#8211; Po Renowacji"}]},{"@type":"WebSite","@id":"https:\/\/retrohifi.pl\/#website","url":"https:\/\/retrohifi.pl\/","name":"RetroHiFi - Vintage Audio, Serwis Amplituner\u00f3w","description":"Vintage Audio - Pioneer, Sansui, Technics, Rotel, Luxman, Dual, Kenwood, Infinity, Marantz, Onkyo, Sony, Yamaha, Accuphase.","publisher":{"@id":"https:\/\/retrohifi.pl\/#organization"},"potentialAction":[{"@type":"SearchAction","target":{"@type":"EntryPoint","urlTemplate":"https:\/\/retrohifi.pl\/?s={search_term_string}"},"query-input":{"@type":"PropertyValueSpecification","valueRequired":true,"valueName":"search_term_string"}}],"inLanguage":"en-US"},{"@type":"Organization","@id":"https:\/\/retrohifi.pl\/#organization","name":"RetroHiFi - Vintage Audio, Serwis Amplituner\u00f3w","alternateName":"RetroHiFi - Vintage Audio, Serwis Amplituner\u00f3w","url":"https:\/\/retrohifi.pl\/","logo":{"@type":"ImageObject","inLanguage":"en-US","@id":"https:\/\/retrohifi.pl\/#\/schema\/logo\/image\/","url":"https:\/\/retrohifi.pl\/wp-content\/uploads\/2024\/11\/cropped-logo2male-2.png","contentUrl":"https:\/\/retrohifi.pl\/wp-content\/uploads\/2024\/11\/cropped-logo2male-2.png","width":1000,"height":304,"caption":"RetroHiFi - Vintage Audio, Serwis Amplituner\u00f3w"},"image":{"@id":"https:\/\/retrohifi.pl\/#\/schema\/logo\/image\/"},"sameAs":["https:\/\/www.instagram.com\/retrohifi_pl\/"],"publishingPrinciples":"https:\/\/retrohifi.pl\/o-nas\/","ownershipFundingInfo":"https:\/\/retrohifi.pl\/polityka-prywatnosci\/","actionableFeedbackPolicy":"https:\/\/retrohifi.pl\/polityka-prywatnosci\/"}]},"product_price_amount":"2160.00","product_price_currency":"EUR","og_availability":"out of stock","product_availability":"out of stock","product_condition":"new"},"jetpack_sharing_enabled":true,"_links":{"self":[{"href":"https:\/\/retrohifi.pl\/en\/wp-json\/wp\/v2\/product\/357","targetHints":{"allow":["GET"]}}],"collection":[{"href":"https:\/\/retrohifi.pl\/en\/wp-json\/wp\/v2\/product"}],"about":[{"href":"https:\/\/retrohifi.pl\/en\/wp-json\/wp\/v2\/types\/product"}],"replies":[{"embeddable":true,"href":"https:\/\/retrohifi.pl\/en\/wp-json\/wp\/v2\/comments?post=357"}],"wp:featuredmedia":[{"embeddable":true,"href":"https:\/\/retrohifi.pl\/en\/wp-json\/wp\/v2\/media\/2057"}],"wp:attachment":[{"href":"https:\/\/retrohifi.pl\/en\/wp-json\/wp\/v2\/media?parent=357"}],"wp:term":[{"taxonomy":"product_brand","embeddable":true,"href":"https:\/\/retrohifi.pl\/en\/wp-json\/wp\/v2\/product_brand?post=357"},{"taxonomy":"product_cat","embeddable":true,"href":"https:\/\/retrohifi.pl\/en\/wp-json\/wp\/v2\/product_cat?post=357"},{"taxonomy":"product_tag","embeddable":true,"href":"https:\/\/retrohifi.pl\/en\/wp-json\/wp\/v2\/product_tag?post=357"}],"curies":[{"name":"wp","href":"https:\/\/api.w.org\/{rel}","templated":true}]}}