{"id":365,"date":"2024-11-21T13:10:18","date_gmt":"2024-11-21T13:10:18","guid":{"rendered":"http:\/\/fnpttuu.cluster027.hosting.ovh.net\/Retro\/produkt\/eterna-long-dress-black\/"},"modified":"2025-02-07T11:21:31","modified_gmt":"2025-02-07T11:21:31","slug":"amplituner-vintage-sansui-9090db","status":"publish","type":"product","link":"https:\/\/retrohifi.pl\/en\/product\/amplifier-vintage-en\/amplituner-vintage-sansui-9090db\/","title":{"rendered":"Amplituner Vintage Sansui 9090DB &#8211; Po pe\u0142nym serwisie"},"content":{"rendered":"<p><strong>Sansui 9090DB<\/strong><\/p>\n<p>Produkowany podczas z\u0142otej ery Sansui i tylko przez trzy lata.\u00a0 Pocz\u0105wszy od 1976 roku. 9090DB jest uwa\u017cany za jeden z \u201enajlepszych z najlepszych\u201d odbiornik\u00f3w z lat 70-tych.\u00a0 Z pewno\u015bci\u0105 jest to pozycja obowi\u0105zkowa dla kolekcjoner\u00f3w Sansui. <strong><a href=\"https:\/\/retrohifi.pl\/historia-sansui\/\">Historia Sansui jest dok\u0142adnie opisana w tym po\u015bcie.<\/a><\/strong><\/p>\n<p>Ten egzemplarz przeszed\u0142 gruntown\u0105 renowacj\u0119 kosmetyczn\u0105 i elektroniczn\u0105. Pe\u0142ny opis renowacji znajduje si\u0119 tutaj:\u00a0<a href=\"https:\/\/retrohifi.pl\/serwis-i-renowacja-amplitunera-vintage-sansui-9090db\/\">Renowacja Amplitunera Vintage &#8211; Sansui 9090DB<\/a><\/p>\n<p>Warto zauwa\u017cy\u0107, \u017ce walcz\u0105c o uwag\u0119 i uznanie w\u015br\u00f3d koneser\u00f3w hi-fi. Dzi\u0119ki temu Sansui przedstawi\u0142 model 9090DB w 1976 roku, okrzykuj\u0105c go \u201ejednym z najbardziej zaawansowanych technologicznie odbiornik\u00f3w na rynku.\u00a0 Faktem jest odwa\u017cna deklaracja, ale ten amplituner musia\u0142 by\u0107 zar\u00f3wno wyj\u0105tkowy, poniewa\u017c m\u00f3g\u0142 konkurowa\u0107 z modelami takimi jak topowy SX-1250 Pioneera.<\/p>\n<p><strong>Renowacja amplitunera<\/strong><\/p>\n<p>Najbardziej kosztownym aspektem tej renowacji by\u0142a zdecydowanie praca. Jak ju\u017c\u00a0 wspomniano, model 9090DB wymaga szczeg\u00f3lnie czasoch\u0142onnej renowacji ze wzgl\u0119du na konieczno\u015b\u0107 [starannego] usuni\u0119cia i ponownego przypi\u0119cia p\u0142yty Dolby NR. Maj\u0105c to na uwadze ka\u017cdy sygna\u0142 z przedwzmacniacza przep\u0142ywa przez t\u0119 p\u0142ytk\u0119. Nawet je\u015bli funkcje Dolby nie s\u0105 u\u017cywane, mo\u017ce to nadal powodowa\u0107 problemy. Nale\u017cy pami\u0119ta\u0107, \u017ce renowacja tej p\u0142ytki bez w\u0105tpienia jest konieczno\u015bci\u0105 w ka\u017cdym 9090DB i obejmuje w\u0142o\u017cenie kawa\u0142ka drutu do ka\u017cdej przelotki i przelanie \u015bwie\u017cego lutu.<\/p>\n<p>Na zako\u0144czenie, posiada sekcj\u0119 wzmacniacza mocy 125 W na kana\u0142, mierniki mocy z bezpo\u015brednim odczytem. \u200b\u200bAnalogowy tuner AM\/FM, uk\u0142ad redukcji szum\u00f3w Dolby, regulatory ton\u00f3w niskich, \u015brednich i wysokich (mo\u017cliwo\u015b\u0107 wy\u0142\u0105czenia), dwie p\u0119tle ta\u015bmowe i przedwzmacniacz gramofonowy.<\/p>\n<p>&nbsp;<\/p>\n<p>Specyfikacja:<\/p>\n<p>Zakres strojenia: FM, AM<\/p>\n<p>Moc wyj\u015bciowa: 125 wat\u00f3w na kana\u0142 przy 8 \u03a9 (stereo)<\/p>\n<p>Pasmo przenoszenia: od 10 Hz do 30 kHz<\/p>\n<p>Ca\u0142kowite zniekszta\u0142cenie harmoniczne: 0,1%<\/p>\n<p>Wsp\u00f3\u0142czynnik t\u0142umienia: 30<\/p>\n<p>Czu\u0142o\u015b\u0107 wej\u015bciowa: 4mV (mikrofon), 2,5mV (MM), 150mV (DIN), 150mV (linia)<\/p>\n<p>Stosunek sygna\u0142u do szumu: 70dB (MM), 80dB (DIN), 80dB (linia)<\/p>\n<p>Separacja kana\u0142\u00f3w: 50dB (MM), 50dB (linia)<\/p>\n<p>Wyj\u015bcie: 150 mV (linia), 30 mV (DIN), 0,775 V (wyj\u015bcie przedwzmacniacza)<\/p>\n<p>Wymiary: 540x182x397mm<\/p>\n<p>Waga: 23,6 kg<\/p>\n<p>Rok: 1976<\/p>\n<p>Sansui 9090DB<\/p>\n<p>Amplituner Vintage Sansui 9090DB<\/p>\n<p>Amplituner Vintage<\/p>\n<p>Sansui 9090<\/p>\n<p>Renowacja Amplitunera Vintage 9090DB<\/p>\n","protected":false},"excerpt":{"rendered":"<p>Amplituner Vintage Sansui 9090DB to pi\u0119kny i zarazem mocny model tej marki &#8211; moc wyj\u015bciowa: 125 wat\u00f3w na kana\u0142 przy 8 \u03a9. Jest to model \u201eeksportowy\u201d z mo\u017cliwo\u015bci\u0105 4 r\u00f3\u017cnych napi\u0119\u0107 wej\u015bciowych (100\/120\/220\/240V). By\u0142a to 1966-ta jednostka z linii monta\u017cowej nr 81 w marcu 1977 roku (po numerze seryjnym).<\/p>\n","protected":false},"featured_media":2059,"comment_status":"open","ping_status":"closed","template":"","meta":{"site-sidebar-layout":"default","site-content-layout":"default","ast-site-content-layout":"default","site-content-style":"default","site-sidebar-style":"default","ast-global-header-display":"","ast-banner-title-visibility":"","ast-main-header-display":"","ast-hfb-above-header-display":"","ast-hfb-below-header-display":"","ast-hfb-mobile-header-display":"","site-post-title":"","ast-breadcrumbs-content":"","ast-featured-img":"","footer-sml-layout":"","ast-disable-related-posts":"","theme-transparent-header-meta":"default","adv-header-id-meta":"","stick-header-meta":"","header-above-stick-meta":"","header-main-stick-meta":"","header-below-stick-meta":"","astra-migrate-meta-layouts":"set","ast-page-background-enabled":"default","ast-page-background-meta":{"desktop":{"background-color":"","background-image":"","background-repeat":"repeat","background-position":"center center","background-size":"auto","background-attachment":"scroll","background-type":"","background-media":"","overlay-type":"","overlay-color":"","overlay-opacity":"","overlay-gradient":""},"tablet":{"background-color":"","background-image":"","background-repeat":"repeat","background-position":"center center","background-size":"auto","background-attachment":"scroll","background-type":"","background-media":"","overlay-type":"","overlay-color":"","overlay-opacity":"","overlay-gradient":""},"mobile":{"background-color":"","background-image":"","background-repeat":"repeat","background-position":"center center","background-size":"auto","background-attachment":"scroll","background-type":"","background-media":"","overlay-type":"","overlay-color":"","overlay-opacity":"","overlay-gradient":""}},"ast-content-background-meta":{"desktop":{"background-color":"var(--ast-global-color-5)","background-image":"","background-repeat":"repeat","background-position":"center center","background-size":"auto","background-attachment":"scroll","background-type":"","background-media":"","overlay-type":"","overlay-color":"","overlay-opacity":"","overlay-gradient":""},"tablet":{"background-color":"var(--ast-global-color-5)","background-image":"","background-repeat":"repeat","background-position":"center center","background-size":"auto","background-attachment":"scroll","background-type":"","background-media":"","overlay-type":"","overlay-color":"","overlay-opacity":"","overlay-gradient":""},"mobile":{"background-color":"var(--ast-global-color-5)","background-image":"","background-repeat":"repeat","background-position":"center center","background-size":"auto","background-attachment":"scroll","background-type":"","background-media":"","overlay-type":"","overlay-color":"","overlay-opacity":"","overlay-gradient":""}}},"product_brand":[323],"product_cat":[35],"product_tag":[49,91,92,93,327,94,87,88,60,96,97,98],"class_list":{"0":"post-365","1":"product","2":"type-product","3":"status-publish","4":"has-post-thumbnail","6":"product_brand-sansui","7":"product_cat-amplitunery-vintage","8":"product_tag-amplituner-vintage","9":"product_tag-aplituner-vintage","10":"product_tag-hi-fi-stereo","11":"product_tag-sansui-9090","12":"product_tag-sansui-9090db","13":"product_tag-sansui-po-renowacji","14":"product_tag-sprzet-audio-po-renowacji","15":"product_tag-sprzet-audio-vintage","16":"product_tag-vintage-audio","17":"product_tag-wzmacniacz-hi-fi-stereo-vintage","18":"product_tag-wzmacniacz-stereo-vintage","19":"product_tag-wzmacniacz-vintage","20":"product_shipping_class-ciezka-paczka","21":"desktop-align-left","22":"tablet-align-left","23":"mobile-align-left","24":"ast-product-gallery-layout-horizontal-slider","25":"ast-product-tabs-layout-horizontal","27":"first","28":"instock","29":"sold-individually","30":"shipping-taxable","31":"purchasable","32":"product-type-simple"},"yoast_head":"<!-- This site is optimized with the Yoast SEO Premium plugin v24.6 (Yoast SEO v24.7) - https:\/\/yoast.com\/wordpress\/plugins\/seo\/ -->\n<title>Amplituner Vintage Sansui 9090DB - Po pe\u0142nym serwisie - RetroHiFi - Vintage Audio, Serwis Amplituner\u00f3w<\/title>\n<meta name=\"description\" content=\"Amplituner Vintage Sansui 9090DB to pi\u0119kny i zarazem mocny model tej marki - moc wyj\u015bciowa: 125 wat\u00f3w na kana\u0142 przy 8 \u03a9. Przepi\u0119kne pod\u015bwietlenie!\" \/>\n<meta name=\"robots\" content=\"index, follow, max-snippet:-1, max-image-preview:large, max-video-preview:-1\" \/>\n<link rel=\"canonical\" href=\"https:\/\/retrohifi.pl\/produkt\/amplitunery-vintage\/amplituner-vintage-sansui-9090db\/\" \/>\n<meta property=\"og:locale\" content=\"en_US\" \/>\n<meta property=\"og:type\" content=\"article\" \/>\n<meta property=\"og:title\" content=\"Amplituner Vintage Sansui 9090DB - Po pe\u0142nym serwisie\" \/>\n<meta property=\"og:description\" content=\"Serwis sprz\u0119tu audio vintage: konserwacja, gramofony, wzmacniacze, kolumny. Odrestaurowane urz\u0105dzenia hi-fi, oryginalne cz\u0119\u015bci.\" \/>\n<meta property=\"og:url\" content=\"https:\/\/retrohifi.pl\/produkt\/amplitunery-vintage\/amplituner-vintage-sansui-9090db\/\" \/>\n<meta property=\"og:site_name\" content=\"RetroHiFi - Vintage Audio, Serwis Amplituner\u00f3w\" \/>\n<meta property=\"article:modified_time\" content=\"2025-02-07T11:21:31+00:00\" \/>\n<meta property=\"og:image\" content=\"https:\/\/retrohifi.pl\/wp-content\/uploads\/2024\/11\/amplituner-vintage-sansui-9090db-po-pelnym-serwisie-1-1.jpg\" \/>\n\t<meta property=\"og:image:width\" content=\"1000\" \/>\n\t<meta property=\"og:image:height\" content=\"1300\" \/>\n\t<meta property=\"og:image:type\" content=\"image\/jpeg\" \/>\n<meta name=\"twitter:card\" content=\"summary_large_image\" \/>\n<meta name=\"twitter:label1\" content=\"Price\" \/>\n\t<meta name=\"twitter:data1\" content=\"4 440.00&euro;\" \/>\n\t<meta name=\"twitter:label2\" content=\"Availability\" \/>\n\t<meta name=\"twitter:data2\" content=\"In stock\" \/>\n<script type=\"application\/ld+json\" class=\"yoast-schema-graph\">{\"@context\":\"https:\/\/schema.org\",\"@graph\":[{\"@type\":\"WebPage\",\"@id\":\"https:\/\/retrohifi.pl\/produkt\/amplitunery-vintage\/amplituner-vintage-sansui-9090db\/\",\"url\":\"https:\/\/retrohifi.pl\/produkt\/amplitunery-vintage\/amplituner-vintage-sansui-9090db\/\",\"name\":\"Amplituner Vintage Sansui 9090DB - Po pe\u0142nym serwisie - RetroHiFi - Vintage Audio, Serwis Amplituner\u00f3w\",\"isPartOf\":{\"@id\":\"https:\/\/retrohifi.pl\/#website\"},\"primaryImageOfPage\":{\"@id\":\"https:\/\/retrohifi.pl\/produkt\/amplitunery-vintage\/amplituner-vintage-sansui-9090db\/#primaryimage\"},\"image\":{\"@id\":\"https:\/\/retrohifi.pl\/produkt\/amplitunery-vintage\/amplituner-vintage-sansui-9090db\/#primaryimage\"},\"thumbnailUrl\":\"https:\/\/retrohifi.pl\/wp-content\/uploads\/2024\/11\/amplituner-vintage-sansui-9090db-po-pelnym-serwisie-1-1.jpg\",\"datePublished\":\"2024-11-21T13:10:18+00:00\",\"dateModified\":\"2025-02-07T11:21:31+00:00\",\"description\":\"Amplituner Vintage Sansui 9090DB to pi\u0119kny i zarazem mocny model tej marki - moc wyj\u015bciowa: 125 wat\u00f3w na kana\u0142 przy 8 \u03a9. Przepi\u0119kne pod\u015bwietlenie!\",\"breadcrumb\":{\"@id\":\"https:\/\/retrohifi.pl\/produkt\/amplitunery-vintage\/amplituner-vintage-sansui-9090db\/#breadcrumb\"},\"inLanguage\":\"en-US\",\"potentialAction\":[{\"@type\":\"ReadAction\",\"target\":[\"https:\/\/retrohifi.pl\/produkt\/amplitunery-vintage\/amplituner-vintage-sansui-9090db\/\"]}]},{\"@type\":\"ImageObject\",\"inLanguage\":\"en-US\",\"@id\":\"https:\/\/retrohifi.pl\/produkt\/amplitunery-vintage\/amplituner-vintage-sansui-9090db\/#primaryimage\",\"url\":\"https:\/\/retrohifi.pl\/wp-content\/uploads\/2024\/11\/amplituner-vintage-sansui-9090db-po-pelnym-serwisie-1-1.jpg\",\"contentUrl\":\"https:\/\/retrohifi.pl\/wp-content\/uploads\/2024\/11\/amplituner-vintage-sansui-9090db-po-pelnym-serwisie-1-1.jpg\",\"width\":1000,\"height\":1300,\"caption\":\"amplituner-vintage-sansui-9090db-po-pelnym-serwisie\"},{\"@type\":\"BreadcrumbList\",\"@id\":\"https:\/\/retrohifi.pl\/produkt\/amplitunery-vintage\/amplituner-vintage-sansui-9090db\/#breadcrumb\",\"itemListElement\":[{\"@type\":\"ListItem\",\"position\":1,\"name\":\"Strona g\u0142\u00f3wna\",\"item\":\"https:\/\/retrohifi.pl\/en\/3875-2\/\"},{\"@type\":\"ListItem\",\"position\":2,\"name\":\"Shop\",\"item\":\"https:\/\/retrohifi.pl\/en\/shop\/\"},{\"@type\":\"ListItem\",\"position\":3,\"name\":\"Amplituner Vintage Sansui 9090DB &#8211; Po pe\u0142nym serwisie\"}]},{\"@type\":\"WebSite\",\"@id\":\"https:\/\/retrohifi.pl\/#website\",\"url\":\"https:\/\/retrohifi.pl\/\",\"name\":\"RetroHiFi - Vintage Audio, Serwis Amplituner\u00f3w\",\"description\":\"Vintage Audio - Pioneer, Sansui, Technics, Rotel, Luxman, Dual, Kenwood, Infinity, Marantz, Onkyo, Sony, Yamaha, Accuphase.\",\"publisher\":{\"@id\":\"https:\/\/retrohifi.pl\/#organization\"},\"potentialAction\":[{\"@type\":\"SearchAction\",\"target\":{\"@type\":\"EntryPoint\",\"urlTemplate\":\"https:\/\/retrohifi.pl\/?s={search_term_string}\"},\"query-input\":{\"@type\":\"PropertyValueSpecification\",\"valueRequired\":true,\"valueName\":\"search_term_string\"}}],\"inLanguage\":\"en-US\"},{\"@type\":\"Organization\",\"@id\":\"https:\/\/retrohifi.pl\/#organization\",\"name\":\"RetroHiFi - Vintage Audio, Serwis Amplituner\u00f3w\",\"alternateName\":\"RetroHiFi - Vintage Audio, Serwis Amplituner\u00f3w\",\"url\":\"https:\/\/retrohifi.pl\/\",\"logo\":{\"@type\":\"ImageObject\",\"inLanguage\":\"en-US\",\"@id\":\"https:\/\/retrohifi.pl\/#\/schema\/logo\/image\/\",\"url\":\"https:\/\/retrohifi.pl\/wp-content\/uploads\/2024\/11\/cropped-logo2male-2.png\",\"contentUrl\":\"https:\/\/retrohifi.pl\/wp-content\/uploads\/2024\/11\/cropped-logo2male-2.png\",\"width\":1000,\"height\":304,\"caption\":\"RetroHiFi - Vintage Audio, Serwis Amplituner\u00f3w\"},\"image\":{\"@id\":\"https:\/\/retrohifi.pl\/#\/schema\/logo\/image\/\"},\"sameAs\":[\"https:\/\/www.instagram.com\/retrohifi_pl\/\"],\"publishingPrinciples\":\"https:\/\/retrohifi.pl\/o-nas\/\",\"ownershipFundingInfo\":\"https:\/\/retrohifi.pl\/polityka-prywatnosci\/\",\"actionableFeedbackPolicy\":\"https:\/\/retrohifi.pl\/polityka-prywatnosci\/\"}]}<\/script>\n<meta property=\"product:price:amount\" content=\"4440.00\" \/>\n<meta property=\"product:price:currency\" content=\"EUR\" \/>\n<meta property=\"og:availability\" content=\"instock\" \/>\n<meta property=\"product:availability\" content=\"instock\" \/>\n<meta property=\"product:condition\" content=\"new\" \/>\n<!-- \/ Yoast SEO Premium plugin. -->","yoast_head_json":{"title":"Amplituner Vintage Sansui 9090DB - Po pe\u0142nym serwisie - RetroHiFi - Vintage Audio, Serwis Amplituner\u00f3w","description":"Amplituner Vintage Sansui 9090DB to pi\u0119kny i zarazem mocny model tej marki - moc wyj\u015bciowa: 125 wat\u00f3w na kana\u0142 przy 8 \u03a9. Przepi\u0119kne pod\u015bwietlenie!","robots":{"index":"index","follow":"follow","max-snippet":"max-snippet:-1","max-image-preview":"max-image-preview:large","max-video-preview":"max-video-preview:-1"},"canonical":"https:\/\/retrohifi.pl\/produkt\/amplitunery-vintage\/amplituner-vintage-sansui-9090db\/","og_locale":"en_US","og_type":"article","og_title":"Amplituner Vintage Sansui 9090DB - Po pe\u0142nym serwisie","og_description":"Serwis sprz\u0119tu audio vintage: konserwacja, gramofony, wzmacniacze, kolumny. Odrestaurowane urz\u0105dzenia hi-fi, oryginalne cz\u0119\u015bci.","og_url":"https:\/\/retrohifi.pl\/produkt\/amplitunery-vintage\/amplituner-vintage-sansui-9090db\/","og_site_name":"RetroHiFi - Vintage Audio, Serwis Amplituner\u00f3w","article_modified_time":"2025-02-07T11:21:31+00:00","og_image":[{"width":1000,"height":1300,"url":"https:\/\/retrohifi.pl\/wp-content\/uploads\/2024\/11\/amplituner-vintage-sansui-9090db-po-pelnym-serwisie-1-1.jpg","type":"image\/jpeg"}],"twitter_card":"summary_large_image","twitter_misc":{"Price":"4 440.00&euro;","Availability":"In stock"},"schema":{"@context":"https:\/\/schema.org","@graph":[{"@type":"WebPage","@id":"https:\/\/retrohifi.pl\/produkt\/amplitunery-vintage\/amplituner-vintage-sansui-9090db\/","url":"https:\/\/retrohifi.pl\/produkt\/amplitunery-vintage\/amplituner-vintage-sansui-9090db\/","name":"Amplituner Vintage Sansui 9090DB - Po pe\u0142nym serwisie - RetroHiFi - Vintage Audio, Serwis Amplituner\u00f3w","isPartOf":{"@id":"https:\/\/retrohifi.pl\/#website"},"primaryImageOfPage":{"@id":"https:\/\/retrohifi.pl\/produkt\/amplitunery-vintage\/amplituner-vintage-sansui-9090db\/#primaryimage"},"image":{"@id":"https:\/\/retrohifi.pl\/produkt\/amplitunery-vintage\/amplituner-vintage-sansui-9090db\/#primaryimage"},"thumbnailUrl":"https:\/\/retrohifi.pl\/wp-content\/uploads\/2024\/11\/amplituner-vintage-sansui-9090db-po-pelnym-serwisie-1-1.jpg","datePublished":"2024-11-21T13:10:18+00:00","dateModified":"2025-02-07T11:21:31+00:00","description":"Amplituner Vintage Sansui 9090DB to pi\u0119kny i zarazem mocny model tej marki - moc wyj\u015bciowa: 125 wat\u00f3w na kana\u0142 przy 8 \u03a9. Przepi\u0119kne pod\u015bwietlenie!","breadcrumb":{"@id":"https:\/\/retrohifi.pl\/produkt\/amplitunery-vintage\/amplituner-vintage-sansui-9090db\/#breadcrumb"},"inLanguage":"en-US","potentialAction":[{"@type":"ReadAction","target":["https:\/\/retrohifi.pl\/produkt\/amplitunery-vintage\/amplituner-vintage-sansui-9090db\/"]}]},{"@type":"ImageObject","inLanguage":"en-US","@id":"https:\/\/retrohifi.pl\/produkt\/amplitunery-vintage\/amplituner-vintage-sansui-9090db\/#primaryimage","url":"https:\/\/retrohifi.pl\/wp-content\/uploads\/2024\/11\/amplituner-vintage-sansui-9090db-po-pelnym-serwisie-1-1.jpg","contentUrl":"https:\/\/retrohifi.pl\/wp-content\/uploads\/2024\/11\/amplituner-vintage-sansui-9090db-po-pelnym-serwisie-1-1.jpg","width":1000,"height":1300,"caption":"amplituner-vintage-sansui-9090db-po-pelnym-serwisie"},{"@type":"BreadcrumbList","@id":"https:\/\/retrohifi.pl\/produkt\/amplitunery-vintage\/amplituner-vintage-sansui-9090db\/#breadcrumb","itemListElement":[{"@type":"ListItem","position":1,"name":"Strona g\u0142\u00f3wna","item":"https:\/\/retrohifi.pl\/en\/3875-2\/"},{"@type":"ListItem","position":2,"name":"Shop","item":"https:\/\/retrohifi.pl\/en\/shop\/"},{"@type":"ListItem","position":3,"name":"Amplituner Vintage Sansui 9090DB &#8211; Po pe\u0142nym serwisie"}]},{"@type":"WebSite","@id":"https:\/\/retrohifi.pl\/#website","url":"https:\/\/retrohifi.pl\/","name":"RetroHiFi - Vintage Audio, Serwis Amplituner\u00f3w","description":"Vintage Audio - Pioneer, Sansui, Technics, Rotel, Luxman, Dual, Kenwood, Infinity, Marantz, Onkyo, Sony, Yamaha, Accuphase.","publisher":{"@id":"https:\/\/retrohifi.pl\/#organization"},"potentialAction":[{"@type":"SearchAction","target":{"@type":"EntryPoint","urlTemplate":"https:\/\/retrohifi.pl\/?s={search_term_string}"},"query-input":{"@type":"PropertyValueSpecification","valueRequired":true,"valueName":"search_term_string"}}],"inLanguage":"en-US"},{"@type":"Organization","@id":"https:\/\/retrohifi.pl\/#organization","name":"RetroHiFi - Vintage Audio, Serwis Amplituner\u00f3w","alternateName":"RetroHiFi - Vintage Audio, Serwis Amplituner\u00f3w","url":"https:\/\/retrohifi.pl\/","logo":{"@type":"ImageObject","inLanguage":"en-US","@id":"https:\/\/retrohifi.pl\/#\/schema\/logo\/image\/","url":"https:\/\/retrohifi.pl\/wp-content\/uploads\/2024\/11\/cropped-logo2male-2.png","contentUrl":"https:\/\/retrohifi.pl\/wp-content\/uploads\/2024\/11\/cropped-logo2male-2.png","width":1000,"height":304,"caption":"RetroHiFi - Vintage Audio, Serwis Amplituner\u00f3w"},"image":{"@id":"https:\/\/retrohifi.pl\/#\/schema\/logo\/image\/"},"sameAs":["https:\/\/www.instagram.com\/retrohifi_pl\/"],"publishingPrinciples":"https:\/\/retrohifi.pl\/o-nas\/","ownershipFundingInfo":"https:\/\/retrohifi.pl\/polityka-prywatnosci\/","actionableFeedbackPolicy":"https:\/\/retrohifi.pl\/polityka-prywatnosci\/"}]},"product_price_amount":"4440.00","product_price_currency":"EUR","og_availability":"instock","product_availability":"instock","product_condition":"new"},"jetpack_sharing_enabled":true,"_links":{"self":[{"href":"https:\/\/retrohifi.pl\/en\/wp-json\/wp\/v2\/product\/365","targetHints":{"allow":["GET"]}}],"collection":[{"href":"https:\/\/retrohifi.pl\/en\/wp-json\/wp\/v2\/product"}],"about":[{"href":"https:\/\/retrohifi.pl\/en\/wp-json\/wp\/v2\/types\/product"}],"replies":[{"embeddable":true,"href":"https:\/\/retrohifi.pl\/en\/wp-json\/wp\/v2\/comments?post=365"}],"wp:featuredmedia":[{"embeddable":true,"href":"https:\/\/retrohifi.pl\/en\/wp-json\/wp\/v2\/media\/2059"}],"wp:attachment":[{"href":"https:\/\/retrohifi.pl\/en\/wp-json\/wp\/v2\/media?parent=365"}],"wp:term":[{"taxonomy":"product_brand","embeddable":true,"href":"https:\/\/retrohifi.pl\/en\/wp-json\/wp\/v2\/product_brand?post=365"},{"taxonomy":"product_cat","embeddable":true,"href":"https:\/\/retrohifi.pl\/en\/wp-json\/wp\/v2\/product_cat?post=365"},{"taxonomy":"product_tag","embeddable":true,"href":"https:\/\/retrohifi.pl\/en\/wp-json\/wp\/v2\/product_tag?post=365"}],"curies":[{"name":"wp","href":"https:\/\/api.w.org\/{rel}","templated":true}]}}