{"id":3855,"date":"2025-02-24T13:54:33","date_gmt":"2025-02-24T13:54:33","guid":{"rendered":"https:\/\/retrohifi.pl\/produkt\/uncategorized\/fm-am-scale-pioneer-sx-450-used\/"},"modified":"2025-02-24T13:54:33","modified_gmt":"2025-02-24T13:54:33","slug":"fm-am-scale-pioneer-sx-450-used","status":"publish","type":"product","link":"https:\/\/retrohifi.pl\/en\/product\/revitalization-of-vintage-housing\/fm-am-scale-pioneer-sx-450-used\/","title":{"rendered":"FM\/AM scale &#8211; Pioneer SX 450 Used"},"content":{"rendered":"<p>FM\/AM scale &#8211; Pioneer SX 450 and pioneer sx 550. Functional scale extracted from working vintage audio equipment. <\/p>\n","protected":false},"excerpt":{"rendered":"<p>FM\/AM Scale &#8211; Pioneer SX 450<\/p>\n","protected":false},"featured_media":3832,"comment_status":"open","ping_status":"closed","template":"","meta":{"site-sidebar-layout":"default","site-content-layout":"default","ast-site-content-layout":"default","site-content-style":"default","site-sidebar-style":"default","ast-global-header-display":"","ast-banner-title-visibility":"","ast-main-header-display":"","ast-hfb-above-header-display":"","ast-hfb-below-header-display":"","ast-hfb-mobile-header-display":"","site-post-title":"","ast-breadcrumbs-content":"","ast-featured-img":"","footer-sml-layout":"","ast-disable-related-posts":"","theme-transparent-header-meta":"default","adv-header-id-meta":"","stick-header-meta":"default","header-above-stick-meta":"","header-main-stick-meta":"","header-below-stick-meta":"","astra-migrate-meta-layouts":"default","ast-page-background-enabled":"default","ast-page-background-meta":{"desktop":{"background-color":"","background-image":"","background-repeat":"repeat","background-position":"center center","background-size":"auto","background-attachment":"scroll","background-type":"","background-media":"","overlay-type":"","overlay-color":"","overlay-opacity":"","overlay-gradient":""},"tablet":{"background-color":"","background-image":"","background-repeat":"repeat","background-position":"center center","background-size":"auto","background-attachment":"scroll","background-type":"","background-media":"","overlay-type":"","overlay-color":"","overlay-opacity":"","overlay-gradient":""},"mobile":{"background-color":"","background-image":"","background-repeat":"repeat","background-position":"center center","background-size":"auto","background-attachment":"scroll","background-type":"","background-media":"","overlay-type":"","overlay-color":"","overlay-opacity":"","overlay-gradient":""}},"ast-content-background-meta":{"desktop":{"background-color":"var(--ast-global-color-5)","background-image":"","background-repeat":"repeat","background-position":"center center","background-size":"auto","background-attachment":"scroll","background-type":"","background-media":"","overlay-type":"","overlay-color":"","overlay-opacity":"","overlay-gradient":""},"tablet":{"background-color":"var(--ast-global-color-5)","background-image":"","background-repeat":"repeat","background-position":"center center","background-size":"auto","background-attachment":"scroll","background-type":"","background-media":"","overlay-type":"","overlay-color":"","overlay-opacity":"","overlay-gradient":""},"mobile":{"background-color":"var(--ast-global-color-5)","background-image":"","background-repeat":"repeat","background-position":"center center","background-size":"auto","background-attachment":"scroll","background-type":"","background-media":"","overlay-type":"","overlay-color":"","overlay-opacity":"","overlay-gradient":""}}},"product_brand":[461],"product_cat":[436],"product_tag":[483,485,490,486,484],"class_list":{"0":"post-3855","1":"product","2":"type-product","3":"status-publish","4":"has-post-thumbnail","6":"product_brand-pioneer-en","7":"product_cat-revitalization-of-vintage-housing","8":"product_tag-audio-equipment-after-renovation-en","9":"product_tag-vintage-audio-equipment-after-renovation-en","10":"product_tag-vintage-audio-parts-en","11":"product_tag-vintage-audio-service-en","12":"product_tag-vintage-music-equipment-en","13":"product_shipping_class-heavy","14":"desktop-align-left","15":"tablet-align-left","16":"mobile-align-left","17":"ast-product-gallery-layout-horizontal-slider","18":"ast-product-tabs-layout-horizontal","20":"first","21":"instock","22":"sold-individually","23":"shipping-taxable","24":"purchasable","25":"product-type-simple"},"yoast_head":"<!-- This site is optimized with the Yoast SEO Premium plugin v24.6 (Yoast SEO v24.7) - https:\/\/yoast.com\/wordpress\/plugins\/seo\/ -->\n<title>FM\/AM scale - Pioneer SX 450 Used - RetroHiFi - Vintage Audio, Serwis Amplituner\u00f3w<\/title>\n<meta name=\"description\" content=\"Scale for Pioneer SX 450 and 550 receivers, efficient from dismantling working audio equipment. Visit our other products, or find your Vintage!\" \/>\n<meta name=\"robots\" content=\"index, follow, max-snippet:-1, max-image-preview:large, max-video-preview:-1\" \/>\n<link rel=\"canonical\" href=\"https:\/\/retrohifi.pl\/en\/produkt\/revitalization-of-vintage-housing\/fm-am-scale-pioneer-sx-450-used\/\" \/>\n<meta property=\"og:locale\" content=\"en_US\" \/>\n<meta property=\"og:type\" content=\"article\" \/>\n<meta property=\"og:title\" content=\"FM\/AM scale - Pioneer SX 450 Used\" \/>\n<meta property=\"og:description\" content=\"Serwis sprz\u0119tu audio vintage: konserwacja, gramofony, wzmacniacze, kolumny. Odrestaurowane urz\u0105dzenia hi-fi, oryginalne cz\u0119\u015bci.\" \/>\n<meta property=\"og:url\" content=\"https:\/\/retrohifi.pl\/en\/produkt\/revitalization-of-vintage-housing\/fm-am-scale-pioneer-sx-450-used\/\" \/>\n<meta property=\"og:site_name\" content=\"RetroHiFi - Vintage Audio, Serwis Amplituner\u00f3w\" \/>\n<meta property=\"og:image\" content=\"https:\/\/retrohifi.pl\/wp-content\/uploads\/2025\/02\/b43008f6-383e-4dfd-9f68-5b7346c69af6.jpg\" \/>\n\t<meta property=\"og:image:width\" content=\"1024\" \/>\n\t<meta property=\"og:image:height\" content=\"1024\" \/>\n\t<meta property=\"og:image:type\" content=\"image\/jpeg\" \/>\n<meta name=\"twitter:card\" content=\"summary_large_image\" \/>\n<meta name=\"twitter:label1\" content=\"Price\" \/>\n\t<meta name=\"twitter:data1\" content=\"50.00&euro;\" \/>\n\t<meta name=\"twitter:label2\" content=\"Availability\" \/>\n\t<meta name=\"twitter:data2\" content=\"In stock\" \/>\n<script type=\"application\/ld+json\" class=\"yoast-schema-graph\">{\"@context\":\"https:\/\/schema.org\",\"@graph\":[{\"@type\":\"WebPage\",\"@id\":\"https:\/\/retrohifi.pl\/en\/produkt\/revitalization-of-vintage-housing\/fm-am-scale-pioneer-sx-450-used\/\",\"url\":\"https:\/\/retrohifi.pl\/en\/produkt\/revitalization-of-vintage-housing\/fm-am-scale-pioneer-sx-450-used\/\",\"name\":\"FM\/AM scale - Pioneer SX 450 Used - RetroHiFi - Vintage Audio, Serwis Amplituner\u00f3w\",\"isPartOf\":{\"@id\":\"https:\/\/retrohifi.pl\/#website\"},\"primaryImageOfPage\":{\"@id\":\"https:\/\/retrohifi.pl\/en\/produkt\/revitalization-of-vintage-housing\/fm-am-scale-pioneer-sx-450-used\/#primaryimage\"},\"image\":{\"@id\":\"https:\/\/retrohifi.pl\/en\/produkt\/revitalization-of-vintage-housing\/fm-am-scale-pioneer-sx-450-used\/#primaryimage\"},\"thumbnailUrl\":\"https:\/\/retrohifi.pl\/wp-content\/uploads\/2025\/02\/b43008f6-383e-4dfd-9f68-5b7346c69af6.jpg\",\"datePublished\":\"2025-02-24T13:54:33+00:00\",\"description\":\"Scale for Pioneer SX 450 and 550 receivers, efficient from dismantling working audio equipment. Visit our other products, or find your Vintage!\",\"breadcrumb\":{\"@id\":\"https:\/\/retrohifi.pl\/en\/produkt\/revitalization-of-vintage-housing\/fm-am-scale-pioneer-sx-450-used\/#breadcrumb\"},\"inLanguage\":\"en-US\",\"potentialAction\":[{\"@type\":\"ReadAction\",\"target\":[\"https:\/\/retrohifi.pl\/en\/produkt\/revitalization-of-vintage-housing\/fm-am-scale-pioneer-sx-450-used\/\"]}]},{\"@type\":\"ImageObject\",\"inLanguage\":\"en-US\",\"@id\":\"https:\/\/retrohifi.pl\/en\/produkt\/revitalization-of-vintage-housing\/fm-am-scale-pioneer-sx-450-used\/#primaryimage\",\"url\":\"https:\/\/retrohifi.pl\/wp-content\/uploads\/2025\/02\/b43008f6-383e-4dfd-9f68-5b7346c69af6.jpg\",\"contentUrl\":\"https:\/\/retrohifi.pl\/wp-content\/uploads\/2025\/02\/b43008f6-383e-4dfd-9f68-5b7346c69af6.jpg\",\"width\":1024,\"height\":1024},{\"@type\":\"BreadcrumbList\",\"@id\":\"https:\/\/retrohifi.pl\/en\/produkt\/revitalization-of-vintage-housing\/fm-am-scale-pioneer-sx-450-used\/#breadcrumb\",\"itemListElement\":[{\"@type\":\"ListItem\",\"position\":1,\"name\":\"Strona g\u0142\u00f3wna\",\"item\":\"https:\/\/retrohifi.pl\/en\/3875-2\/\"},{\"@type\":\"ListItem\",\"position\":2,\"name\":\"Shop\",\"item\":\"https:\/\/retrohifi.pl\/en\/shop\/\"},{\"@type\":\"ListItem\",\"position\":3,\"name\":\"FM\/AM scale &#8211; Pioneer SX 450 Used\"}]},{\"@type\":\"WebSite\",\"@id\":\"https:\/\/retrohifi.pl\/#website\",\"url\":\"https:\/\/retrohifi.pl\/\",\"name\":\"RetroHiFi - Vintage Audio, Serwis Amplituner\u00f3w\",\"description\":\"Vintage Audio - Pioneer, Sansui, Technics, Rotel, Luxman, Dual, Kenwood, Infinity, Marantz, Onkyo, Sony, Yamaha, Accuphase.\",\"publisher\":{\"@id\":\"https:\/\/retrohifi.pl\/#organization\"},\"potentialAction\":[{\"@type\":\"SearchAction\",\"target\":{\"@type\":\"EntryPoint\",\"urlTemplate\":\"https:\/\/retrohifi.pl\/?s={search_term_string}\"},\"query-input\":{\"@type\":\"PropertyValueSpecification\",\"valueRequired\":true,\"valueName\":\"search_term_string\"}}],\"inLanguage\":\"en-US\"},{\"@type\":\"Organization\",\"@id\":\"https:\/\/retrohifi.pl\/#organization\",\"name\":\"RetroHiFi - Vintage Audio, Serwis Amplituner\u00f3w\",\"alternateName\":\"RetroHiFi - Vintage Audio, Serwis Amplituner\u00f3w\",\"url\":\"https:\/\/retrohifi.pl\/\",\"logo\":{\"@type\":\"ImageObject\",\"inLanguage\":\"en-US\",\"@id\":\"https:\/\/retrohifi.pl\/#\/schema\/logo\/image\/\",\"url\":\"https:\/\/retrohifi.pl\/wp-content\/uploads\/2024\/11\/cropped-logo2male-2.png\",\"contentUrl\":\"https:\/\/retrohifi.pl\/wp-content\/uploads\/2024\/11\/cropped-logo2male-2.png\",\"width\":1000,\"height\":304,\"caption\":\"RetroHiFi - Vintage Audio, Serwis Amplituner\u00f3w\"},\"image\":{\"@id\":\"https:\/\/retrohifi.pl\/#\/schema\/logo\/image\/\"},\"sameAs\":[\"https:\/\/www.instagram.com\/retrohifi_pl\/\"],\"publishingPrinciples\":\"https:\/\/retrohifi.pl\/o-nas\/\",\"ownershipFundingInfo\":\"https:\/\/retrohifi.pl\/polityka-prywatnosci\/\",\"actionableFeedbackPolicy\":\"https:\/\/retrohifi.pl\/polityka-prywatnosci\/\"}]}<\/script>\n<meta property=\"product:price:amount\" content=\"50.00\" \/>\n<meta property=\"product:price:currency\" content=\"EUR\" \/>\n<meta property=\"og:availability\" content=\"instock\" \/>\n<meta property=\"product:availability\" content=\"instock\" \/>\n<meta property=\"product:condition\" content=\"new\" \/>\n<!-- \/ Yoast SEO Premium plugin. -->","yoast_head_json":{"title":"FM\/AM scale - Pioneer SX 450 Used - RetroHiFi - Vintage Audio, Serwis Amplituner\u00f3w","description":"Scale for Pioneer SX 450 and 550 receivers, efficient from dismantling working audio equipment. Visit our other products, or find your Vintage!","robots":{"index":"index","follow":"follow","max-snippet":"max-snippet:-1","max-image-preview":"max-image-preview:large","max-video-preview":"max-video-preview:-1"},"canonical":"https:\/\/retrohifi.pl\/en\/produkt\/revitalization-of-vintage-housing\/fm-am-scale-pioneer-sx-450-used\/","og_locale":"en_US","og_type":"article","og_title":"FM\/AM scale - Pioneer SX 450 Used","og_description":"Serwis sprz\u0119tu audio vintage: konserwacja, gramofony, wzmacniacze, kolumny. Odrestaurowane urz\u0105dzenia hi-fi, oryginalne cz\u0119\u015bci.","og_url":"https:\/\/retrohifi.pl\/en\/produkt\/revitalization-of-vintage-housing\/fm-am-scale-pioneer-sx-450-used\/","og_site_name":"RetroHiFi - Vintage Audio, Serwis Amplituner\u00f3w","og_image":[{"width":1024,"height":1024,"url":"https:\/\/retrohifi.pl\/wp-content\/uploads\/2025\/02\/b43008f6-383e-4dfd-9f68-5b7346c69af6.jpg","type":"image\/jpeg"}],"twitter_card":"summary_large_image","twitter_misc":{"Price":"50.00&euro;","Availability":"In stock"},"schema":{"@context":"https:\/\/schema.org","@graph":[{"@type":"WebPage","@id":"https:\/\/retrohifi.pl\/en\/produkt\/revitalization-of-vintage-housing\/fm-am-scale-pioneer-sx-450-used\/","url":"https:\/\/retrohifi.pl\/en\/produkt\/revitalization-of-vintage-housing\/fm-am-scale-pioneer-sx-450-used\/","name":"FM\/AM scale - Pioneer SX 450 Used - RetroHiFi - Vintage Audio, Serwis Amplituner\u00f3w","isPartOf":{"@id":"https:\/\/retrohifi.pl\/#website"},"primaryImageOfPage":{"@id":"https:\/\/retrohifi.pl\/en\/produkt\/revitalization-of-vintage-housing\/fm-am-scale-pioneer-sx-450-used\/#primaryimage"},"image":{"@id":"https:\/\/retrohifi.pl\/en\/produkt\/revitalization-of-vintage-housing\/fm-am-scale-pioneer-sx-450-used\/#primaryimage"},"thumbnailUrl":"https:\/\/retrohifi.pl\/wp-content\/uploads\/2025\/02\/b43008f6-383e-4dfd-9f68-5b7346c69af6.jpg","datePublished":"2025-02-24T13:54:33+00:00","description":"Scale for Pioneer SX 450 and 550 receivers, efficient from dismantling working audio equipment. Visit our other products, or find your Vintage!","breadcrumb":{"@id":"https:\/\/retrohifi.pl\/en\/produkt\/revitalization-of-vintage-housing\/fm-am-scale-pioneer-sx-450-used\/#breadcrumb"},"inLanguage":"en-US","potentialAction":[{"@type":"ReadAction","target":["https:\/\/retrohifi.pl\/en\/produkt\/revitalization-of-vintage-housing\/fm-am-scale-pioneer-sx-450-used\/"]}]},{"@type":"ImageObject","inLanguage":"en-US","@id":"https:\/\/retrohifi.pl\/en\/produkt\/revitalization-of-vintage-housing\/fm-am-scale-pioneer-sx-450-used\/#primaryimage","url":"https:\/\/retrohifi.pl\/wp-content\/uploads\/2025\/02\/b43008f6-383e-4dfd-9f68-5b7346c69af6.jpg","contentUrl":"https:\/\/retrohifi.pl\/wp-content\/uploads\/2025\/02\/b43008f6-383e-4dfd-9f68-5b7346c69af6.jpg","width":1024,"height":1024},{"@type":"BreadcrumbList","@id":"https:\/\/retrohifi.pl\/en\/produkt\/revitalization-of-vintage-housing\/fm-am-scale-pioneer-sx-450-used\/#breadcrumb","itemListElement":[{"@type":"ListItem","position":1,"name":"Strona g\u0142\u00f3wna","item":"https:\/\/retrohifi.pl\/en\/3875-2\/"},{"@type":"ListItem","position":2,"name":"Shop","item":"https:\/\/retrohifi.pl\/en\/shop\/"},{"@type":"ListItem","position":3,"name":"FM\/AM scale &#8211; Pioneer SX 450 Used"}]},{"@type":"WebSite","@id":"https:\/\/retrohifi.pl\/#website","url":"https:\/\/retrohifi.pl\/","name":"RetroHiFi - Vintage Audio, Serwis Amplituner\u00f3w","description":"Vintage Audio - Pioneer, Sansui, Technics, Rotel, Luxman, Dual, Kenwood, Infinity, Marantz, Onkyo, Sony, Yamaha, Accuphase.","publisher":{"@id":"https:\/\/retrohifi.pl\/#organization"},"potentialAction":[{"@type":"SearchAction","target":{"@type":"EntryPoint","urlTemplate":"https:\/\/retrohifi.pl\/?s={search_term_string}"},"query-input":{"@type":"PropertyValueSpecification","valueRequired":true,"valueName":"search_term_string"}}],"inLanguage":"en-US"},{"@type":"Organization","@id":"https:\/\/retrohifi.pl\/#organization","name":"RetroHiFi - Vintage Audio, Serwis Amplituner\u00f3w","alternateName":"RetroHiFi - Vintage Audio, Serwis Amplituner\u00f3w","url":"https:\/\/retrohifi.pl\/","logo":{"@type":"ImageObject","inLanguage":"en-US","@id":"https:\/\/retrohifi.pl\/#\/schema\/logo\/image\/","url":"https:\/\/retrohifi.pl\/wp-content\/uploads\/2024\/11\/cropped-logo2male-2.png","contentUrl":"https:\/\/retrohifi.pl\/wp-content\/uploads\/2024\/11\/cropped-logo2male-2.png","width":1000,"height":304,"caption":"RetroHiFi - Vintage Audio, Serwis Amplituner\u00f3w"},"image":{"@id":"https:\/\/retrohifi.pl\/#\/schema\/logo\/image\/"},"sameAs":["https:\/\/www.instagram.com\/retrohifi_pl\/"],"publishingPrinciples":"https:\/\/retrohifi.pl\/o-nas\/","ownershipFundingInfo":"https:\/\/retrohifi.pl\/polityka-prywatnosci\/","actionableFeedbackPolicy":"https:\/\/retrohifi.pl\/polityka-prywatnosci\/"}]},"product_price_amount":"50.00","product_price_currency":"EUR","og_availability":"instock","product_availability":"instock","product_condition":"new"},"jetpack_sharing_enabled":true,"_links":{"self":[{"href":"https:\/\/retrohifi.pl\/en\/wp-json\/wp\/v2\/product\/3855","targetHints":{"allow":["GET"]}}],"collection":[{"href":"https:\/\/retrohifi.pl\/en\/wp-json\/wp\/v2\/product"}],"about":[{"href":"https:\/\/retrohifi.pl\/en\/wp-json\/wp\/v2\/types\/product"}],"replies":[{"embeddable":true,"href":"https:\/\/retrohifi.pl\/en\/wp-json\/wp\/v2\/comments?post=3855"}],"wp:featuredmedia":[{"embeddable":true,"href":"https:\/\/retrohifi.pl\/en\/wp-json\/wp\/v2\/media\/3832"}],"wp:attachment":[{"href":"https:\/\/retrohifi.pl\/en\/wp-json\/wp\/v2\/media?parent=3855"}],"wp:term":[{"taxonomy":"product_brand","embeddable":true,"href":"https:\/\/retrohifi.pl\/en\/wp-json\/wp\/v2\/product_brand?post=3855"},{"taxonomy":"product_cat","embeddable":true,"href":"https:\/\/retrohifi.pl\/en\/wp-json\/wp\/v2\/product_cat?post=3855"},{"taxonomy":"product_tag","embeddable":true,"href":"https:\/\/retrohifi.pl\/en\/wp-json\/wp\/v2\/product_tag?post=3855"}],"curies":[{"name":"wp","href":"https:\/\/api.w.org\/{rel}","templated":true}]}}